{"id":3,"date":"2022-01-20T19:46:57","date_gmt":"2022-01-20T19:46:57","guid":{"rendered":"http:\/\/box2097\/cgi\/addon_GT.cgi?s=GT::WP::Install::EIG+%28facetwp8%29+-+10.24.48.85+%5BWordpress%3b+\/var\/hp\/common\/lib\/Wordpress.pm%3b+543%3b+Hosting::gap_call%5D\/?page_id=3"},"modified":"2025-02-05T08:25:26","modified_gmt":"2025-02-05T08:25:26","slug":"integritetspolicy","status":"publish","type":"page","link":"https:\/\/face26.com\/sv\/privacy-policy\/","title":{"rendered":"Integritetspolicy"},"content":{"rendered":"<div data-elementor-type=\"wp-page\" data-elementor-id=\"3\" class=\"elementor elementor-3\" data-elementor-post-type=\"page\">\n\t\t\t\t<div class=\"elementor-element elementor-element-5b2f182 e-flex e-con-boxed e-con e-parent\" data-id=\"5b2f182\" data-element_type=\"container\" data-e-type=\"container\">\n\t\t\t\t\t<div class=\"e-con-inner\">\n\t\t<div class=\"elementor-element elementor-element-0daef39 e-con-full e-flex e-con e-child\" data-id=\"0daef39\" data-element_type=\"container\" data-e-type=\"container\">\n\t\t\t\t<div class=\"elementor-element elementor-element-a6e841e elementor-widget elementor-widget-text-editor\" data-id=\"a6e841e\" data-element_type=\"widget\" data-e-type=\"widget\" data-widget_type=\"text-editor.default\">\n\t\t\t\t\t\t\t\t\t<p><span style=\"color: #000000;\"><\/span><\/p>\n<h1 class=\"wp-block-heading\"><span style=\"color: #000000;\">Integritetspolicy<\/span><\/h1>\n<p><span style=\"color: #000000;\"><\/span><\/p>\n<p><span style=\"color: #000000;\"><strong>Datum f\u00f6r ikrafttr\u00e4dande: 23 juli 2022<\/strong><\/span><\/p>\n<p><span style=\"color: #000000;\"><\/span><\/p>\n<p><span style=\"color: #000000;\">Face26 respekterar din integritet fullt ut. Denna policy t\u00e4cker behandlingen av personuppgifter av Face26, som har \u00e5tagit sig att skydda integriteten f\u00f6r din personliga information samtidigt som vi str\u00e4var efter att ge den allra b\u00e4sta anv\u00e4ndarupplevelsen. Vi vill att v\u00e5ra webbplatser ska vara s\u00e4kra och roliga f\u00f6r alla.<\/span><\/p>\n<p><span style=\"color: #000000;\"><\/span><\/p>\n<h2 class=\"wp-block-heading\"><span style=\"color: #000000;\">1. Vilka uppgifter samlar vi in och hur anv\u00e4nder vi dem?<\/span><\/h2>\n<p><span style=\"color: #000000;\"><\/span><\/p>\n<ul class=\"wp-block-list\">\n<li><span style=\"color: #000000;\"><strong>Kontoinformation.<\/strong>&nbsp;N\u00e4r du deltar i, f\u00e5r tillg\u00e5ng till, k\u00f6per eller registrerar dig f\u00f6r n\u00e5gon av v\u00e5ra tj\u00e4nster, aktiviteter eller onlineinneh\u00e5ll, s\u00e5som prenumerationer, nyhetsbrev, unders\u00f6kningar, t\u00e4vlingar eller evenemang, f\u00e5r vi personuppgifter om dig som vi anv\u00e4nder f\u00f6r att kunna tillhandah\u00e5lla dessa tj\u00e4nster. Det kan r\u00f6ra sig om uppgifter som ditt namn och din e-postadress, postadress och telefonnummer. Du kommer att kunna v\u00e4lja hur vi anv\u00e4nder din information f\u00f6r marknadsf\u00f6rings\u00e4ndam\u00e5l och du kan uppdatera dina marknadsf\u00f6ringspreferenser n\u00e4r som helst. Face26 lagrar, bearbetar och underh\u00e5ller filer som du skapar och \/ eller laddar upp med hj\u00e4lp av tj\u00e4nsterna (liksom tidigare versioner av dina filer), inklusive Face26-diagram som du skapar, delningslistor och andra data relaterade till ditt konto f\u00f6r att tillhandah\u00e5lla tj\u00e4nsten till dig.<\/span><\/li>\n<li><span style=\"color: #000000;\"><strong>Information om anv\u00e4ndning.<\/strong>&nbsp;Vi samlar in information relaterad till hur du anv\u00e4nder tj\u00e4nsterna, inklusive \u00e5tg\u00e4rder du vidtar n\u00e4r du anv\u00e4nder v\u00e5ra tj\u00e4nster (som att redigera, visa och dela dina saker, \u00e4ndra teman, aktivera programvarulicens och logga in och ut fr\u00e5n ditt konto). Vi anv\u00e4nder denna information f\u00f6r att f\u00f6rb\u00e4ttra v\u00e5ra tj\u00e4nster, utveckla nya tj\u00e4nster och funktioner och skydda dig s\u00e5v\u00e4l som andra Face26-anv\u00e4ndare.<\/span><\/li>\n<li><span style=\"color: #000000;\"><strong>Information om enheten.<\/strong>&nbsp;Vi samlar ocks\u00e5 in information fr\u00e5n och om de enheter du anv\u00e4nder f\u00f6r att komma \u00e5t Tj\u00e4nsterna. Detta inkluderar saker som IP-adresser, systemspr\u00e5k, vilken typ av webbl\u00e4sare och enhet du anv\u00e4nder, versionen av v\u00e5r programvara, webbsidan du bes\u00f6kte innan du kom till v\u00e5ra webbplatser och identifierare som \u00e4r kopplade till dina enheter. Dina enheter (beroende p\u00e5 deras inst\u00e4llningar) kan ocks\u00e5 \u00f6verf\u00f6ra platsinformation till tj\u00e4nsterna.<\/span><\/li>\n<li><span style=\"color: #000000;\"><strong>Uppladdade och lagrade filer.<\/strong>&nbsp;Alla uppladdade bilder eller data \u00e4r s\u00e4kra och kommer att behandlas konfidentiellt, data \u00f6verf\u00f6rs med SSL\/TLS-kryptering och anv\u00e4nds endast f\u00f6r att utf\u00f6ra den beg\u00e4rda bildbehandlingen.<\/span><\/li>\n<\/ul>\n<p><span style=\"color: #000000;\"><\/span><\/p>\n<p><\/p>\n<p><span style=\"color: #000000;\"><\/span><\/p>\n<h2 class=\"wp-block-heading\"><span style=\"color: #000000;\">2. Laglig behandling av personuppgifter<\/span><\/h2>\n<p><span style=\"color: #000000;\"><\/span><\/p>\n<p><\/p>\n<p><span style=\"color: #000000;\"><\/span><\/p>\n<p><span style=\"color: #000000;\">Vi kommer inte att dela dina personuppgifter med andra parter f\u00f6rutom vad som anges nedan:<\/span><\/p>\n<p><span style=\"color: #000000;\"><\/span><\/p>\n<p><\/p>\n<p><span style=\"color: #000000;\"><\/span><\/p>\n<ul class=\"wp-block-list\">\n<li><span style=\"color: #000000;\"><strong>Personlig information.<\/strong>&nbsp;Vi kan dela personuppgifter med tj\u00e4nsteleverant\u00f6rer. Vi tillhandah\u00e5ller vissa Tj\u00e4nster och Programvara via Tj\u00e4nsteleverant\u00f6rer. Vi kan dela din personliga identifieringsinformation med s\u00e5dana tj\u00e4nsteleverant\u00f6rer f\u00f6r att uppfylla best\u00e4llningar, leverera paket, skicka post eller e-post, administrera t\u00e4vlingar eller lotterier, hantera kundlistor, analysera data, tillhandah\u00e5lla marknadsf\u00f6ringshj\u00e4lp, behandla kreditkort och andra betalningar, driva webbplatsen, fels\u00f6ka och tillhandah\u00e5lla kundservice. Vi kommer ocks\u00e5 att dela din information med tj\u00e4nsteleverant\u00f6rer f\u00f6r att utf\u00f6ra v\u00e5ra administrativa uppgifter.<\/span><\/li>\n<li><span style=\"color: #000000;\"><strong>L\u00e4mna ut personuppgifter.<\/strong>&nbsp;Vi kan avsl\u00f6ja anv\u00e4ndarens personuppgifter om Face26 \u00e4r skyldig att avsl\u00f6ja eller dela s\u00e5dana personuppgifter f\u00f6r att uppfylla n\u00e5gon r\u00e4ttslig skyldighet, eller f\u00f6r att skydda r\u00e4ttigheter, egendom eller s\u00e4kerhet f\u00f6r sin verksamhet, sina kunder eller andra.<\/span><\/li>\n<li><span style=\"color: #000000;\"><strong>\u00d6verf\u00f6ra personlig information.<\/strong>&nbsp;Vi kan ocks\u00e5 \u00f6verf\u00f6ra dina personuppgifter till f\u00f6retag som hj\u00e4lper oss att driva v\u00e5r verksamhet genom att behandla personuppgifter p\u00e5 uppdrag av oss f\u00f6r de syften som anges ovan. S\u00e5dana f\u00f6retag inkluderar leverant\u00f6rer av betalningshanteringstj\u00e4nster, leverant\u00f6rer av dataanalystj\u00e4nster, leverant\u00f6rer av \u00f6vervakning och f\u00f6rebyggande av bedr\u00e4gerier, leverant\u00f6rer av e-postleveranstj\u00e4nster, sociala medier och andra marknadsf\u00f6ringsplattformar och tj\u00e4nsteleverant\u00f6rer.<\/span><\/li>\n<li><span style=\"color: #000000;\"><strong>Utanf\u00f6r Europeiska unionen.&nbsp;<\/strong>De insamlade personuppgifterna kan \u00f6verf\u00f6ras av Face26till mottagare som \u00e4r bel\u00e4gna utanf\u00f6r Europeiska unionen och s\u00e5dana destinationer kanske inte har lagar som skyddar anv\u00e4ndarens personuppgifter i samma utstr\u00e4ckning som i Europeiska unionen. Face26 s\u00e4kerst\u00e4ller att anv\u00e4ndarens personuppgifter som behandlas av Face26 eller av dess leverant\u00f6rer och partners som \u00e4r verksamma utanf\u00f6r Europeiska unionen behandlas s\u00e4kert och skyddas mot obeh\u00f6rig \u00e5tkomst, f\u00f6rlust eller f\u00f6rst\u00f6relse, olaglig behandling och all behandling som inte \u00f6verensst\u00e4mmer med de syften som anges i denna sekretesspolicy.<\/span><\/li>\n<li><span style=\"color: #000000;\"><strong>Sp\u00e5rningsverktyg fr\u00e5n tredje part.<\/strong>&nbsp;Vi kan anv\u00e4nda sp\u00e5rverktyg fr\u00e5n tredje part (t.ex. Adwords, Bing, Facebook, Google Analytics) f\u00f6r att sp\u00e5ra informationen om hur anv\u00e4ndare anv\u00e4nder produkterna och webbplatserna, s\u00e5dan information kommer att lagras p\u00e5 tredje parts servrar. S\u00e5dana sp\u00e5rverktyg fr\u00e5n tredje part kan skicka dataanalysrapporten f\u00f6r Face26s ovan n\u00e4mnda syfte.<\/span><\/li>\n<li><span style=\"color: #000000;\"><strong>Information om butiken.<\/strong>&nbsp;Vi kan lagra den insamlade informationen p\u00e5 servrar som hyrs fr\u00e5n leverant\u00f6rer av tredje parts servertj\u00e4nster.<\/span><\/li>\n<\/ul>\n<p><span style=\"color: #000000;\"><\/span><\/p>\n<p><\/p>\n<p><span style=\"color: #000000;\"><\/span><\/p>\n<h2 class=\"wp-block-heading\"><span style=\"color: #000000;\">3. Lagring och bevarande av uppgifter<\/span><\/h2>\n<p><span style=\"color: #000000;\"><\/span><\/p>\n<p><\/p>\n<p><span style=\"color: #000000;\"><\/span><\/p>\n<ul class=\"wp-block-list\">\n<li><span style=\"color: #000000;\"><strong>Anv\u00e4ndarkontroller.<\/strong>&nbsp;Du kan komma \u00e5t, \u00e4ndra, ladda ner och ta bort din personliga information genom att logga in p\u00e5 ditt Face26-konto och g\u00e5 till din kontoinst\u00e4llningssida.<\/span><\/li>\n<li><span style=\"color: #000000;\"><strong>Kvarh\u00e5llning.<\/strong>&nbsp;N\u00e4r du registrerar ett konto hos oss beh\u00e5ller vi information som \u00e4r kopplad till ditt konto s\u00e5 l\u00e4nge som ditt konto existerar eller s\u00e5 l\u00e4nge som vi beh\u00f6ver den f\u00f6r att tillhandah\u00e5lla tj\u00e4nsterna till dig. Om du tar bort ditt konto kommer vi att p\u00e5b\u00f6rja borttagningen av denna information omedelbart. Men observera: (1) det kan ta lite tid att radera informationen fr\u00e5n v\u00e5ra servrar och s\u00e4kerhetskopior, och (2) vi kan beh\u00e5lla informationen om det \u00e4r n\u00f6dv\u00e4ndigt f\u00f6r att uppfylla v\u00e5ra r\u00e4ttsliga skyldigheter, l\u00f6sa tvister eller verkst\u00e4lla v\u00e5ra avtal. Annan information sparas tills du ber oss att radera den.<\/span><\/li>\n<\/ul>\n<p><span style=\"color: #000000;\"><\/span><\/p>\n<p><\/p>\n<p><span style=\"color: #000000;\"><\/span><\/p>\n<h2 class=\"wp-block-heading\"><span style=\"color: #000000;\">4. S\u00e4kerhet<\/span><\/h2>\n<p><span style=\"color: #000000;\"><\/span><\/p>\n<p><\/p>\n<p><span style=\"color: #000000;\"><\/span><\/p>\n<p><span style=\"color: #000000;\">Vi \u00e4r fast beslutna att skydda de personuppgifter vi har. I enlighet med GDPR vidtar vi l\u00e4mpliga tekniska och organisatoriska \u00e5tg\u00e4rder f\u00f6r att f\u00f6rhindra obeh\u00f6rig \u00e5tkomst till dina uppgifter och se till att uppgifterna f\u00f6rvaras p\u00e5 ett s\u00e4kert s\u00e4tt. Vi kr\u00e4ver ocks\u00e5 att alla tredje parter till vilka vi kan \u00f6verf\u00f6ra personuppgifter ska ha l\u00e4mpliga s\u00e4kerhets\u00e5tg\u00e4rder p\u00e5 plats. Vi ber tredje parter att fylla i fr\u00e5geformul\u00e4r om datas\u00e4kerhet s\u00e5 att vi kan vara s\u00e4kra p\u00e5 att de \u00e4r en s\u00e4ker plats f\u00f6r dina uppgifter.<\/span><\/p>\n<p><span style=\"color: #000000;\"><\/span><\/p>\n<p><\/p>\n<p><span style=\"color: #000000;\"><\/span><\/p>\n<h2 class=\"wp-block-heading\"><span style=\"color: #000000;\">5. Din r\u00e4tt att kontrollera och f\u00e5 tillg\u00e5ng till dina uppgifter<\/span><\/h2>\n<p><span style=\"color: #000000;\"><\/span><\/p>\n<p><\/p>\n<p><span style=\"color: #000000;\"><\/span><\/p>\n<p><span style=\"color: #000000;\">Du har kontroll \u00f6ver dina personuppgifter och hur de samlas in, anv\u00e4nds och delas. Du har till exempel r\u00e4tt att:<\/span><\/p>\n<p><span style=\"color: #000000;\"><\/span><\/p>\n<p><\/p>\n<p><span style=\"color: #000000;\"><\/span><\/p>\n<p><span style=\"color: #000000;\"><strong>F\u00e5 tillg\u00e5ng till och ta dina data.<\/strong>&nbsp;Du kan ladda ner kopior av dina saker fr\u00e5n v\u00e5r webbplats. Du kan ocks\u00e5 be oss om en kopia av de personuppgifter som du har l\u00e4mnat till oss.<\/span><\/p>\n<p><span style=\"color: #000000;\"><\/span><\/p>\n<p><\/p>\n<p><span style=\"color: #000000;\"><\/span><\/p>\n<p><span style=\"color: #000000;\"><strong>\u00c4ndra eller korrigera personuppgifter.<\/strong>&nbsp;Du kan hantera ditt konto och inneh\u00e5llet i det, samt redigera vissa av dina profiluppgifter, via din kontoinst\u00e4llningssida.<\/span><\/p>\n<p><span style=\"color: #000000;\"><\/span><\/p>\n<p><\/p>\n<p><span style=\"color: #000000;\"><\/span><\/p>\n<p><span style=\"color: #000000;\"><strong>Radera hela ditt konto.<\/strong>&nbsp;Du kan ta bort ditt Face26-konto, liksom all information som \u00e4r relaterad till det en g\u00e5ng f\u00f6r alla, via din kontoinst\u00e4llningssida.<\/span><\/p>\n<p><span style=\"color: #000000;\"><\/span><\/p>\n<p><\/p>\n<p><span style=\"color: #000000;\"><\/span><\/p>\n<p><span style=\"color: #000000;\"><strong>Avregistrera dig fr\u00e5n v\u00e5ra nyhetsbrev.<\/strong>&nbsp;Klicka bara p\u00e5 l\u00e4nken \"Avsluta prenumeration\" i ett marknadsf\u00f6ringsmeddelande som du har f\u00e5tt f\u00f6r att radera din e-postadress fr\u00e5n v\u00e5r e-postlista.<\/span><\/p>\n<p><span style=\"color: #000000;\"><\/span><\/p>\n<p><\/p>\n<p><span style=\"color: #000000;\"><\/span><\/p>\n<p><span style=\"color: #000000;\"><strong>Din r\u00e4tt att \u00e5terkalla samtycke.<\/strong>&nbsp;N\u00e4r du har gett oss ditt samtycke till att anv\u00e4nda dina personuppgifter har du r\u00e4tt att n\u00e4r som helst \u00e4ndra dig och \u00e5terkalla ditt samtycke.<\/span><\/p>\n<p><span style=\"color: #000000;\"><\/span><\/p>\n<p><\/p>\n<p><span style=\"color: #000000;\"><\/span><\/p>\n<p><span style=\"color: #000000;\"><strong>Bortforsling av online-arv.<\/strong>&nbsp;Anv\u00e4ndaren har r\u00e4tt att definiera allm\u00e4nna eller specifika instruktioner avseende lagring, radering och anv\u00e4ndning av sina personuppgifter efter d\u00f6dsfallet.<\/span><\/p>\n<p><span style=\"color: #000000;\"><\/span><\/p>\n<p><\/p>\n<p><span style=\"color: #000000;\"><\/span><\/p>\n<p><span style=\"color: #000000;\">Om du vill ut\u00f6va n\u00e5gon av dessa r\u00e4ttigheter, v\u00e4nligen kontakta oss enligt vad som anges nedan. Vi kommer att behandla s\u00e5dana f\u00f6rfr\u00e5gningar i enlighet med till\u00e4mpliga lagar. F\u00f6r att skydda din integritet kommer vi att vidta \u00e5tg\u00e4rder f\u00f6r att verifiera din identitet innan vi uppfyller din beg\u00e4ran, t.ex. genom att kr\u00e4va att du skickar in din beg\u00e4ran via ditt konto.<\/span><\/p>\n<p><span style=\"color: #000000;\"><\/span><\/p>\n<p><\/p>\n<p><span style=\"color: #000000;\"><\/span><\/p>\n<h2 class=\"wp-block-heading\"><span style=\"color: #000000;\">6. Bilaga: Tillst\u00e5ndsans\u00f6kan och till\u00e4mpningsscenarier<\/span><\/h2>\n<p><span style=\"color: #000000;\"><\/span><\/p>\n<p><\/p>\n<p><span style=\"color: #000000;\"><\/span><\/p>\n<figure class=\"wp-block-table\">\n<table>\n<tbody>\n<tr>\n<td><span style=\"color: #000000;\">Tillst\u00e5nd f\u00f6r appar<\/span><\/td>\n<td><span style=\"color: #000000;\">Tillst\u00e5nd och n\u00f6dv\u00e4ndig information<\/span><\/td>\n<td><span style=\"color: #000000;\">Syfte med anv\u00e4ndning av tillst\u00e5nd<\/span><\/td>\n<\/tr>\n<tr>\n<td><span style=\"color: #000000;\">Beh\u00f6righet f\u00f6r n\u00e4tverks\u00e5tkomst (Android)<\/span><\/td>\n<td><span style=\"color: #000000;\">F\u00e5 tillg\u00e5ng till n\u00e4tverksinformation<\/span><\/td>\n<td><span style=\"color: #000000;\">Beg\u00e4r bakgrundstj\u00e4nst<\/span><\/td>\n<\/tr>\n<tr>\n<td><span style=\"color: #000000;\">Telefonnummer<\/span><\/td>\n<td><span style=\"color: #000000;\">L\u00e4s telefonens status<\/span><\/td>\n<td><span style=\"color: #000000;\">L\u00e4s telefonstatus, IMEI- och IMSI-information om enheten f\u00f6r att identifiera anv\u00e4ndare, f\u00f6rhindra phishing-webbplatser och trojanska virus samt utf\u00f6ra statistik \u00f6ver anv\u00e4ndardata (installationer, aktiva anv\u00e4ndare)<\/span><\/td>\n<\/tr>\n<tr>\n<td><span style=\"color: #000000;\">Lagringsbeh\u00f6righeter (l\u00e4sa och skriva)<\/span><\/td>\n<td><span style=\"color: #000000;\">L\u00e4s och skriv extern lagring<\/span><\/td>\n<td><span style=\"color: #000000;\">L\u00e4s lokala bilder, videor och andra mediefiler f\u00f6r att hj\u00e4lpa anv\u00e4ndare att ladda upp filer<\/span><\/td>\n<\/tr>\n<tr>\n<td><span style=\"color: #000000;\">Tillst\u00e5nd f\u00f6r kamera<\/span><\/td>\n<td><span style=\"color: #000000;\">Till\u00e5t anv\u00e4ndning av kameran<\/span><\/td>\n<td><span style=\"color: #000000;\">Anv\u00e4nds f\u00f6r att ta bilder,<\/span><\/td>\n<\/tr>\n<\/tbody>\n<\/table>\n<\/figure>\n<p><span style=\"color: #000000;\"><\/span><\/p>\n<p><\/p>\n<p><span style=\"color: #000000;\"><\/span><\/p>\n<h2 class=\"wp-block-heading\"><span style=\"color: #000000;\">7. Information till barn<\/span><\/h2>\n<p><span style=\"color: #000000;\"><\/span><\/p>\n<p><\/p>\n<p><span style=\"color: #000000;\"><\/span><\/p>\n<p><span style=\"color: #000000;\">Tj\u00e4nsterna riktar sig inte till barn under 13 \u00e5r (eller annan \u00e5lder som kr\u00e4vs enligt lokal lagstiftning) och vi samlar inte medvetet in personuppgifter fr\u00e5n barn. Om du f\u00e5r reda p\u00e5 att ditt barn har f\u00f6rsett oss med personuppgifter utan ditt samtycke kan du kontakta oss enligt vad som anges nedan. Om vi f\u00e5r veta att vi har samlat in ett barns personuppgifter i strid med till\u00e4mplig lag, kommer vi omedelbart att vidta \u00e5tg\u00e4rder f\u00f6r att radera s\u00e5dan information och avsluta barnets konto.<\/span><\/p>\n<p><span style=\"color: #000000;\"><\/span><\/p>\n<p><\/p>\n<p><span style=\"color: #000000;\"><\/span><\/p>\n<h2 class=\"wp-block-heading\"><span style=\"color: #000000;\">8. F\u00f6r\u00e4ndringar i politiken<\/span><\/h2>\n<p><span style=\"color: #000000;\"><\/span><\/p>\n<p><\/p>\n<p><span style=\"color: #000000;\"><\/span><\/p>\n<p><span style=\"color: #000000;\">Face26kan \u00e4ndra denna policy fr\u00e5n tid till annan som lagar, f\u00f6rordningar, branschstandarder och \/ eller v\u00e5r verksamhet utvecklas. Vi kommer att publicera \u00e4ndringarna p\u00e5 den h\u00e4r sidan och uppmuntra dig att regelbundet granska v\u00e5r policy f\u00f6r att h\u00e5lla dig informerad. Om vi g\u00f6r \u00e4ndringar som v\u00e4sentligt f\u00f6r\u00e4ndrar dina integritetsr\u00e4ttigheter kommer Face26 att ge ytterligare meddelande, till exempel via e-post eller via tj\u00e4nsterna.<\/span><\/p>\n<p><span style=\"color: #000000;\"><\/span><\/p>\n<p><\/p>\n<p><span style=\"color: #000000;\"><\/span><\/p>\n<p><span style=\"color: #000000;\">Om du inte samtycker till \u00e4ndringarna i denna policy b\u00f6r du avaktivera ditt tj\u00e4nstekonto. Kontakta din kontoadministrat\u00f6r p\u00e5 info@face26.com om du vill beg\u00e4ra att dina personuppgifter tas bort under deras kontroll.<\/span><\/p>\n<p><span style=\"color: #000000;\"><\/span><\/p>\n<p><\/p>\n<p><span style=\"color: #000000;\"><\/span><\/p>\n<h2 class=\"wp-block-heading\"><span style=\"color: #000000;\">9. Ansvarsfriskrivning<\/span><\/h2>\n<p><span style=\"color: #000000;\"><\/span><\/p>\n<p><\/p>\n<p><span style=\"color: #000000;\"><\/span><\/p>\n<p><span style=\"color: #000000;\">Face26 tar inget ansvar f\u00f6r avbrott i n\u00e4tverkstj\u00e4nster eller andra defekter orsakade av force majeure (i f\u00f6rekommande fall kontrollerat, inklusive men inte begr\u00e4nsat till handlingar fr\u00e5n Gud, \u00f6versv\u00e4mning, krig, terrorism, brand, upplopp, uppror, civil oro, strejk, lockout, annan industriell \u00e5tg\u00e4rd, det allm\u00e4nna misslyckandet med el eller annan leverans, tekniskt fel, oavsiktlig eller mekanisk eller elektrisk nedbrytning, datorfel eller fel i n\u00e5got penning\u00f6verf\u00f6ringssystem, embargo, arbetskonflikt och f\u00f6r\u00e4ndringar i befintliga eller framtida lagar, f\u00f6rordningar, f\u00f6reskrifter eller n\u00e5gon befintlig eller framtida handling av regeringsaktivitet eller liknande.) eller sk\u00e4l utanf\u00f6r Face26: s kontroll, men kommer att g\u00f6ra sitt b\u00e4sta f\u00f6r att minska de f\u00f6rluster och effekter som orsakas av anv\u00e4ndare och s\u00e4kerst\u00e4lla dess stabilitet och s\u00e4kerhet.<\/span><\/p>\n<p><span style=\"color: #000000;\"><\/span><\/p>\n<p><\/p>\n<p><span style=\"color: #000000;\"><\/span><\/p>\n<h2 class=\"wp-block-heading\"><span style=\"color: #000000;\">10. Kontakta oss<\/span><\/h2>\n<p><span style=\"color: #000000;\"><\/span><\/p>\n<p><\/p>\n<p><span style=\"color: #000000;\"><\/span><\/p>\n<p><span style=\"color: #000000;\">Om du har n\u00e5gra fr\u00e5gor om denna integritetspolicy eller v\u00e5ra integritetsrutiner, eller om du vill skicka in en beg\u00e4ran om att ut\u00f6va dina r\u00e4ttigheter enligt vad som anges i denna integritetspolicy, v\u00e4nligen&nbsp;<a style=\"color: #000000;\" href=\"https:\/\/picwish.com\/contact-us\" target=\"_blank\" rel=\"noopener\">kontakt<\/a>&nbsp;v\u00e5rt dataskyddsombud. Om de inte kan svara p\u00e5 din fr\u00e5ga har du r\u00e4tt att kontakta din lokala tillsynsmyndighet f\u00f6r dataskydd.<\/span><\/p>\n<p><span style=\"color: #000000;\"><\/span><\/p>\t\t\t\t\t\t\t\t<\/div>\n\t\t\t\t<\/div>\n\t\t\t\t\t<\/div>\n\t\t\t\t<\/div>\n\t\t\t\t<\/div>","protected":false},"excerpt":{"rendered":"<p>Privacy Policy Effective Date:&nbsp;July 23, 2022 Face26 fully respects your privacy. This policy covers the processing of personal data by Face26, which is committed to protecting the privacy of your personal information whilst striving to provide the very best user experience. We want our websites to be safe and enjoyable for everyone. 1. What data [&hellip;]<\/p>\n","protected":false},"author":1,"featured_media":0,"parent":0,"menu_order":12,"comment_status":"closed","ping_status":"open","template":"","meta":{"footnotes":""},"class_list":["post-3","page","type-page","status-publish","hentry"],"_links":{"self":[{"href":"https:\/\/face26.com\/sv\/wp-json\/wp\/v2\/pages\/3","targetHints":{"allow":["GET"]}}],"collection":[{"href":"https:\/\/face26.com\/sv\/wp-json\/wp\/v2\/pages"}],"about":[{"href":"https:\/\/face26.com\/sv\/wp-json\/wp\/v2\/types\/page"}],"author":[{"embeddable":true,"href":"https:\/\/face26.com\/sv\/wp-json\/wp\/v2\/users\/1"}],"replies":[{"embeddable":true,"href":"https:\/\/face26.com\/sv\/wp-json\/wp\/v2\/comments?post=3"}],"version-history":[{"count":3,"href":"https:\/\/face26.com\/sv\/wp-json\/wp\/v2\/pages\/3\/revisions"}],"predecessor-version":[{"id":14577,"href":"https:\/\/face26.com\/sv\/wp-json\/wp\/v2\/pages\/3\/revisions\/14577"}],"wp:attachment":[{"href":"https:\/\/face26.com\/sv\/wp-json\/wp\/v2\/media?parent=3"}],"curies":[{"name":"wp","href":"https:\/\/api.w.org\/{rel}","templated":true}]}}