{"id":3,"date":"2022-01-20T19:46:57","date_gmt":"2022-01-20T19:46:57","guid":{"rendered":"http:\/\/box2097\/cgi\/addon_GT.cgi?s=GT::WP::Install::EIG+%28facetwp8%29+-+10.24.48.85+%5BWordpress%3b+\/var\/hp\/common\/lib\/Wordpress.pm%3b+543%3b+Hosting::gap_call%5D\/?page_id=3"},"modified":"2025-02-05T08:25:26","modified_gmt":"2025-02-05T08:25:26","slug":"politica-de-privacidade","status":"publish","type":"page","link":"https:\/\/face26.com\/pt\/privacy-policy\/","title":{"rendered":"Pol\u00edtica de Privacidade"},"content":{"rendered":"<div data-elementor-type=\"wp-page\" data-elementor-id=\"3\" class=\"elementor elementor-3\" data-elementor-post-type=\"page\">\n\t\t\t\t<div class=\"elementor-element elementor-element-5b2f182 e-flex e-con-boxed e-con e-parent\" data-id=\"5b2f182\" data-element_type=\"container\" data-e-type=\"container\">\n\t\t\t\t\t<div class=\"e-con-inner\">\n\t\t<div class=\"elementor-element elementor-element-0daef39 e-con-full e-flex e-con e-child\" data-id=\"0daef39\" data-element_type=\"container\" data-e-type=\"container\">\n\t\t\t\t<div class=\"elementor-element elementor-element-a6e841e elementor-widget elementor-widget-text-editor\" data-id=\"a6e841e\" data-element_type=\"widget\" data-e-type=\"widget\" data-widget_type=\"text-editor.default\">\n\t\t\t\t\t\t\t\t\t<p><span style=\"color: #000000;\"><\/span><\/p>\n<h1 class=\"wp-block-heading\"><span style=\"color: #000000;\">Pol\u00edtica de Privacidade<\/span><\/h1>\n<p><span style=\"color: #000000;\"><\/span><\/p>\n<p><span style=\"color: #000000;\"><strong>Data Efectiva: 23 de Julho de 2022<\/strong><\/span><\/p>\n<p><span style=\"color: #000000;\"><\/span><\/p>\n<p><span style=\"color: #000000;\">O Face26 respeita plenamente a sua privacidade. Esta pol\u00edtica abrange o processamento de dados pessoais pela Face26, que est\u00e1 empenhada em proteger a privacidade das suas informa\u00e7\u00f5es pessoais, esfor\u00e7ando-se ao mesmo tempo por proporcionar a melhor experi\u00eancia ao utilizador. Queremos que os nossos websites sejam seguros e agrad\u00e1veis para todos.<\/span><\/p>\n<p><span style=\"color: #000000;\"><\/span><\/p>\n<h2 class=\"wp-block-heading\"><span style=\"color: #000000;\">1. Que dados recolhemos e como os utilizamos?<\/span><\/h2>\n<p><span style=\"color: #000000;\"><\/span><\/p>\n<ul class=\"wp-block-list\">\n<li><span style=\"color: #000000;\"><strong>Informa\u00e7\u00e3o de conta.<\/strong>&nbsp;Quando participa, acede, compra ou subscreve qualquer dos nossos servi\u00e7os, actividades ou conte\u00fados on-line, tais como assinaturas, boletins informativos, inqu\u00e9ritos, concursos ou eventos, recebemos informa\u00e7\u00f5es pessoais sobre si que utilizamos para poder prestar estes servi\u00e7os. Estas podem consistir em dados incluindo o seu nome e endere\u00e7o de correio electr\u00f3nico, endere\u00e7o postal e n\u00famero de telefone. Poder\u00e1 seleccionar como utilizamos as suas informa\u00e7\u00f5es para fins de marketing e poder\u00e1 actualizar as suas prefer\u00eancias de marketing em qualquer altura. O Face26 armazena, processa e mant\u00e9m ficheiros que cria e\/ou carrega utilizando os Servi\u00e7os (bem como vers\u00f5es anteriores dos seus ficheiros), incluindo gr\u00e1ficos Face26 que cria, listas de partilha, e outros dados relacionados com a sua conta, a fim de lhe fornecer o servi\u00e7o.<\/span><\/li>\n<li><span style=\"color: #000000;\"><strong>Informa\u00e7\u00e3o sobre a utiliza\u00e7\u00e3o.<\/strong>&nbsp;Recolhemos informa\u00e7\u00f5es relacionadas com a forma como utiliza os Servi\u00e7os, incluindo ac\u00e7\u00f5es que toma quando utiliza os nossos Servi\u00e7os (como editar, visualizar, e partilhar as suas coisas, alterar temas, activar a licen\u00e7a de software, e iniciar sess\u00e3o e sair da sua conta). Utilizamos estas informa\u00e7\u00f5es para melhorar os nossos Servi\u00e7os, desenvolver novos servi\u00e7os e funcionalidades, e proteg\u00ea-lo, bem como a outros utilizadores do Face26.<\/span><\/li>\n<li><span style=\"color: #000000;\"><strong>Informa\u00e7\u00e3o do dispositivo.<\/strong>&nbsp;Tamb\u00e9m recolhemos informa\u00e7\u00f5es de e sobre os dispositivos que utiliza para aceder aos Servi\u00e7os. Isto inclui coisas como endere\u00e7os IP, linguagem do sistema, o tipo de navegador e dispositivo que utiliza, a vers\u00e3o do nosso software, a p\u00e1gina web que visitou antes de vir aos nossos sites, e identificadores associados aos seus dispositivos. Os seus dispositivos (dependendo das suas defini\u00e7\u00f5es) podem tamb\u00e9m transmitir informa\u00e7\u00f5es de localiza\u00e7\u00e3o aos Servi\u00e7os.<\/span><\/li>\n<li><span style=\"color: #000000;\"><strong>Ficheiros carregados e armazenados.<\/strong>&nbsp;Todas as imagens ou dados carregados s\u00e3o seguros e ser\u00e3o tratados de forma confidencial, os dados ser\u00e3o transferidos com encripta\u00e7\u00e3o SSL\/TLS e apenas utilizados para realizar o processamento de imagens solicitado.<\/span><\/li>\n<\/ul>\n<p><span style=\"color: #000000;\"><\/span><\/p>\n<p><\/p>\n<p><span style=\"color: #000000;\"><\/span><\/p>\n<h2 class=\"wp-block-heading\"><span style=\"color: #000000;\">2. Processar legalmente dados pessoais<\/span><\/h2>\n<p><span style=\"color: #000000;\"><\/span><\/p>\n<p><\/p>\n<p><span style=\"color: #000000;\"><\/span><\/p>\n<p><span style=\"color: #000000;\">N\u00e3o partilharemos os seus dados pessoais com outras partes, excepto nos casos previstos abaixo:<\/span><\/p>\n<p><span style=\"color: #000000;\"><\/span><\/p>\n<p><\/p>\n<p><span style=\"color: #000000;\"><\/span><\/p>\n<ul class=\"wp-block-list\">\n<li><span style=\"color: #000000;\"><strong>Informa\u00e7\u00e3o pessoal.<\/strong>&nbsp;Podemos partilhar informa\u00e7\u00f5es pessoais com Prestadores de Servi\u00e7os. Fornecemos determinados Servi\u00e7os e Software atrav\u00e9s de Prestadores de Servi\u00e7os. Podemos partilhar as suas informa\u00e7\u00f5es de identifica\u00e7\u00e3o pessoal com tais Prestadores de Servi\u00e7os para cumprir encomendas, entregar pacotes, enviar correio ou e-mail, administrar concursos ou sorteios, gerir listas de clientes, analisar dados, fornecer assist\u00eancia de marketing, processar cart\u00f5es de cr\u00e9dito e outros pagamentos, operar o Website, resolver problemas, e fornecer servi\u00e7o ao cliente. Tamb\u00e9m partilharemos as suas informa\u00e7\u00f5es com os Prestadores de Servi\u00e7os para realizar as nossas tarefas administrativas.<\/span><\/li>\n<li><span style=\"color: #000000;\"><strong>Divulgar dados pessoais.<\/strong>&nbsp;Podemos divulgar os dados pessoais do Utilizador se o Face26 tiver o dever de divulgar ou partilhar esses dados pessoais para cumprir qualquer obriga\u00e7\u00e3o legal, ou para proteger os direitos, propriedade ou seguran\u00e7a do seu neg\u00f3cio, dos seus clientes ou outros.<\/span><\/li>\n<li><span style=\"color: #000000;\"><strong>Transmitir informa\u00e7\u00e3o pessoal.<\/strong>&nbsp;Tamb\u00e9m podemos transmitir as suas informa\u00e7\u00f5es pessoais com empresas que nos ajudam a gerir os nossos neg\u00f3cios, processando informa\u00e7\u00f5es pessoais em nosso nome para os fins acima identificados. Tais empresas incluem fornecedores de servi\u00e7os de processamento de pagamentos, fornecedores de servi\u00e7os de an\u00e1lise de dados, fornecedores de monitoriza\u00e7\u00e3o e preven\u00e7\u00e3o de fraudes, fornecedores de servi\u00e7os de entrega de correio electr\u00f3nico, redes sociais, e outras plataformas de marketing e fornecedores de servi\u00e7os.<\/span><\/li>\n<li><span style=\"color: #000000;\"><strong>Fora da Uni\u00e3o Europeia.&nbsp;<\/strong>Os dados pessoais recolhidos podem ser transferidos pela Face26 para destinat\u00e1rios localizados fora da Uni\u00e3o Europeia e tais destinos podem n\u00e3o ter leis que protejam os dados pessoais do Utilizador na mesma medida que na Uni\u00e3o Europeia. A Face26 garante que os dados pessoais do Utilizador processados pela Face26 ou pelos seus fornecedores e parceiros que operam fora da Uni\u00e3o Europeia s\u00e3o tratados com seguran\u00e7a e s\u00e3o protegidos contra acesso n\u00e3o autorizado, perda ou destrui\u00e7\u00e3o, processamento ilegal e qualquer processamento que seja inconsistente com as finalidades estabelecidas nesta pol\u00edtica de privacidade.<\/span><\/li>\n<li><span style=\"color: #000000;\"><strong>Ferramentas de pista de terceiros.<\/strong>&nbsp;Podemos utilizar ferramentas de rastreio de terceiros (tais como Adwords, Bing, Facebook, Google Analytics) para rastrear a informa\u00e7\u00e3o sobre a forma como os utilizadores utilizam os produtos e os s\u00edtios Web, sendo essa informa\u00e7\u00e3o armazenada em servidores de terceiros. Essas ferramentas de rastreio de terceiros podem enviar o relat\u00f3rio de an\u00e1lise de dados para os fins acima referidos da Face26.<\/span><\/li>\n<li><span style=\"color: #000000;\"><strong>Informa\u00e7\u00e3o sobre a loja.<\/strong>&nbsp;Podemos armazenar a informa\u00e7\u00e3o recolhida nos servidores alugados a fornecedores de servi\u00e7os de servidores de terceiros.<\/span><\/li>\n<\/ul>\n<p><span style=\"color: #000000;\"><\/span><\/p>\n<p><\/p>\n<p><span style=\"color: #000000;\"><\/span><\/p>\n<h2 class=\"wp-block-heading\"><span style=\"color: #000000;\">3. Armazenamento e reten\u00e7\u00e3o de dados<\/span><\/h2>\n<p><span style=\"color: #000000;\"><\/span><\/p>\n<p><\/p>\n<p><span style=\"color: #000000;\"><\/span><\/p>\n<ul class=\"wp-block-list\">\n<li><span style=\"color: #000000;\"><strong>Controlos do utilizador.<\/strong>&nbsp;Pode aceder, alterar, descarregar, e apagar as suas informa\u00e7\u00f5es pessoais fazendo login na sua conta Face26account e indo para a p\u00e1gina de defini\u00e7\u00f5es da sua conta.<\/span><\/li>\n<li><span style=\"color: #000000;\"><strong>Reten\u00e7\u00e3o.<\/strong>&nbsp;Quando subscrever uma conta connosco, reteremos informa\u00e7\u00f5es associadas \u00e0 sua conta enquanto a sua conta existir ou enquanto precisarmos dela para lhe fornecer os Servi\u00e7os. Se o cliente eliminar a sua conta, iniciaremos imediatamente a elimina\u00e7\u00e3o destas informa\u00e7\u00f5es. Mas, por favor note: (1) poder\u00e1 haver alguma lat\u00eancia na elimina\u00e7\u00e3o destas informa\u00e7\u00f5es dos nossos servidores e armazenamento de c\u00f3pias de seguran\u00e7a; e (2) poderemos reter estas informa\u00e7\u00f5es, se necess\u00e1rio, para cumprir as nossas obriga\u00e7\u00f5es legais, resolver lit\u00edgios, ou fazer cumprir os nossos acordos. Outras informa\u00e7\u00f5es ser\u00e3o retidas at\u00e9 que nos solicite a sua elimina\u00e7\u00e3o.<\/span><\/li>\n<\/ul>\n<p><span style=\"color: #000000;\"><\/span><\/p>\n<p><\/p>\n<p><span style=\"color: #000000;\"><\/span><\/p>\n<h2 class=\"wp-block-heading\"><span style=\"color: #000000;\">4. Seguran\u00e7a<\/span><\/h2>\n<p><span style=\"color: #000000;\"><\/span><\/p>\n<p><\/p>\n<p><span style=\"color: #000000;\"><\/span><\/p>\n<p><span style=\"color: #000000;\">Estamos empenhados em proteger os dados pessoais que temos na nossa posse. De acordo com a GDPR, adoptamos medidas t\u00e9cnicas e organizacionais adequadas para ajudar a impedir o acesso n\u00e3o autorizado \u00e0s suas informa\u00e7\u00f5es e assegurar que os dados s\u00e3o mantidos em seguran\u00e7a. Exigimos igualmente que quaisquer terceiros para quem possamos transferir dados pessoais disponham de medidas de seguran\u00e7a adequadas. Pedimos a terceiros que preencham question\u00e1rios de seguran\u00e7a de dados para que possamos ter a certeza de que s\u00e3o um local seguro para os seus dados.<\/span><\/p>\n<p><span style=\"color: #000000;\"><\/span><\/p>\n<p><\/p>\n<p><span style=\"color: #000000;\"><\/span><\/p>\n<h2 class=\"wp-block-heading\"><span style=\"color: #000000;\">5. O seu direito de controlar e aceder \u00e0s suas informa\u00e7\u00f5es<\/span><\/h2>\n<p><span style=\"color: #000000;\"><\/span><\/p>\n<p><\/p>\n<p><span style=\"color: #000000;\"><\/span><\/p>\n<p><span style=\"color: #000000;\">Tem controlo sobre as suas informa\u00e7\u00f5es pessoais e sobre a forma como estas s\u00e3o recolhidas, utilizadas e partilhadas. Tem, por exemplo, o direito de o fazer:<\/span><\/p>\n<p><span style=\"color: #000000;\"><\/span><\/p>\n<p><\/p>\n<p><span style=\"color: #000000;\"><\/span><\/p>\n<p><span style=\"color: #000000;\"><strong>Aceda e recolha os seus dados.<\/strong>&nbsp;Pode descarregar c\u00f3pias das Suas Coisas a partir do nosso website. Pode tamb\u00e9m pedir-nos uma c\u00f3pia dos dados pessoais que nos forneceu.<\/span><\/p>\n<p><span style=\"color: #000000;\"><\/span><\/p>\n<p><\/p>\n<p><span style=\"color: #000000;\"><\/span><\/p>\n<p><span style=\"color: #000000;\"><strong>Alterar ou corrigir dados pessoais.<\/strong>&nbsp;Pode gerir a sua conta e o conte\u00fado nela contido, bem como editar alguns dos seus detalhes de perfil, atrav\u00e9s da p\u00e1gina de defini\u00e7\u00f5es da sua conta.<\/span><\/p>\n<p><span style=\"color: #000000;\"><\/span><\/p>\n<p><\/p>\n<p><span style=\"color: #000000;\"><\/span><\/p>\n<p><span style=\"color: #000000;\"><strong>Elimine toda a sua conta.<\/strong>&nbsp;Pode apagar a sua conta Face26account, assim como qualquer informa\u00e7\u00e3o relacionada com ela de uma vez por todas, atrav\u00e9s da p\u00e1gina de defini\u00e7\u00f5es da sua conta.<\/span><\/p>\n<p><span style=\"color: #000000;\"><\/span><\/p>\n<p><\/p>\n<p><span style=\"color: #000000;\"><\/span><\/p>\n<p><span style=\"color: #000000;\"><strong>Anular a subscri\u00e7\u00e3o dos nossos boletins informativos.<\/strong>&nbsp;Basta clicar em qualquer liga\u00e7\u00e3o 'Unsubscribe' em qualquer e-mail de marketing que tenha recebido para que o seu endere\u00e7o de e-mail seja eliminado da nossa lista de correio.<\/span><\/p>\n<p><span style=\"color: #000000;\"><\/span><\/p>\n<p><\/p>\n<p><span style=\"color: #000000;\"><\/span><\/p>\n<p><span style=\"color: #000000;\"><strong>O seu direito de retirar o consentimento.<\/strong>&nbsp;Sempre que nos tenha dado o seu consentimento para utilizar os seus dados pessoais, tem o direito de mudar de ideias a qualquer momento e retirar esse consentimento.<\/span><\/p>\n<p><span style=\"color: #000000;\"><\/span><\/p>\n<p><\/p>\n<p><span style=\"color: #000000;\"><\/span><\/p>\n<p><span style=\"color: #000000;\"><strong>Elimina\u00e7\u00e3o do patrim\u00f3nio em linha.<\/strong>&nbsp;O Utilizador tem o direito de definir instru\u00e7\u00f5es gerais ou espec\u00edficas relativas ao armazenamento, apagamento e utiliza\u00e7\u00e3o dos seus dados pessoais ap\u00f3s a sua morte.<\/span><\/p>\n<p><span style=\"color: #000000;\"><\/span><\/p>\n<p><\/p>\n<p><span style=\"color: #000000;\"><\/span><\/p>\n<p><span style=\"color: #000000;\">Se desejar exercer algum destes direitos, por favor contacte-nos conforme indicado abaixo. Processaremos tais pedidos em conformidade com as leis aplic\u00e1veis. Para proteger a sua privacidade, tomaremos medidas para verificar a sua identidade antes de satisfazer o seu pedido, por exemplo, exigindo-lhe que apresente o seu pedido atrav\u00e9s da sua conta.<\/span><\/p>\n<p><span style=\"color: #000000;\"><\/span><\/p>\n<p><\/p>\n<p><span style=\"color: #000000;\"><\/span><\/p>\n<h2 class=\"wp-block-heading\"><span style=\"color: #000000;\">6. Ap\u00eandice: Pedido de autoriza\u00e7\u00e3o e cen\u00e1rios de aplica\u00e7\u00e3o<\/span><\/h2>\n<p><span style=\"color: #000000;\"><\/span><\/p>\n<p><\/p>\n<p><span style=\"color: #000000;\"><\/span><\/p>\n<figure class=\"wp-block-table\">\n<table>\n<tbody>\n<tr>\n<td><span style=\"color: #000000;\">Permiss\u00f5es das aplica\u00e7\u00f5es<\/span><\/td>\n<td><span style=\"color: #000000;\">Permiss\u00f5es e informa\u00e7\u00e3o necess\u00e1ria<\/span><\/td>\n<td><span style=\"color: #000000;\">Finalidade da permiss\u00e3o de utiliza\u00e7\u00e3o<\/span><\/td>\n<\/tr>\n<tr>\n<td><span style=\"color: #000000;\">Permiss\u00e3o de acesso \u00e0 rede (Android)<\/span><\/td>\n<td><span style=\"color: #000000;\">Acesso \u00e0 informa\u00e7\u00e3o da rede<\/span><\/td>\n<td><span style=\"color: #000000;\">Pedir servi\u00e7o de fundo<\/span><\/td>\n<\/tr>\n<tr>\n<td><span style=\"color: #000000;\">Estado do telefone<\/span><\/td>\n<td><span style=\"color: #000000;\">Leia o estado do telefone<\/span><\/td>\n<td><span style=\"color: #000000;\">Ler informa\u00e7\u00f5es telef\u00f3nicas, IMEI e IMSI do dispositivo para identificar utilizadores, prevenir sites de phishing e v\u00edrus Trojan, e realizar estat\u00edsticas de dados de utilizadores (instala\u00e7\u00f5es, utilizadores activos)<\/span><\/td>\n<\/tr>\n<tr>\n<td><span style=\"color: #000000;\">Permiss\u00f5es de armazenamento (ler e escrever)<\/span><\/td>\n<td><span style=\"color: #000000;\">Ler e escrever armazenamento externo<\/span><\/td>\n<td><span style=\"color: #000000;\">Ler imagens, v\u00eddeos e outros ficheiros multim\u00e9dia locais para ajudar os utilizadores a carregar ficheiros<\/span><\/td>\n<\/tr>\n<tr>\n<td><span style=\"color: #000000;\">Autoriza\u00e7\u00e3o da c\u00e2mara<\/span><\/td>\n<td><span style=\"color: #000000;\">Permitir a utiliza\u00e7\u00e3o da c\u00e2mara<\/span><\/td>\n<td><span style=\"color: #000000;\">Usado para tirar fotografias,<\/span><\/td>\n<\/tr>\n<\/tbody>\n<\/table>\n<\/figure>\n<p><span style=\"color: #000000;\"><\/span><\/p>\n<p><\/p>\n<p><span style=\"color: #000000;\"><\/span><\/p>\n<h2 class=\"wp-block-heading\"><span style=\"color: #000000;\">7. Informa\u00e7\u00e3o das crian\u00e7as<\/span><\/h2>\n<p><span style=\"color: #000000;\"><\/span><\/p>\n<p><\/p>\n<p><span style=\"color: #000000;\"><\/span><\/p>\n<p><span style=\"color: #000000;\">Os Servi\u00e7os n\u00e3o s\u00e3o dirigidos a crian\u00e7as menores de 13 anos (ou de outra idade, conforme exigido pela legisla\u00e7\u00e3o local), e n\u00e3o recolhemos intencionalmente informa\u00e7\u00f5es pessoais de crian\u00e7as. Se souber que o seu filho nos forneceu informa\u00e7\u00f5es pessoais sem o seu consentimento, poder\u00e1 contactar-nos conforme indicado abaixo. Se tivermos conhecimento de que recolhemos informa\u00e7\u00f5es pessoais de uma crian\u00e7a em viola\u00e7\u00e3o da lei aplic\u00e1vel, tomaremos imediatamente medidas para eliminar tais informa\u00e7\u00f5es e encerrar a conta da crian\u00e7a.<\/span><\/p>\n<p><span style=\"color: #000000;\"><\/span><\/p>\n<p><\/p>\n<p><span style=\"color: #000000;\"><\/span><\/p>\n<h2 class=\"wp-block-heading\"><span style=\"color: #000000;\">8. Mudan\u00e7as de pol\u00edtica<\/span><\/h2>\n<p><span style=\"color: #000000;\"><\/span><\/p>\n<p><\/p>\n<p><span style=\"color: #000000;\"><\/span><\/p>\n<p><span style=\"color: #000000;\">Face26 pode alterar esta Pol\u00edtica de vez em quando \u00e0 medida que as leis, regulamentos, normas industriais, e\/ou os nossos neg\u00f3cios evoluem. Iremos publicar as altera\u00e7\u00f5es nesta p\u00e1gina e encoraj\u00e1-lo-emos a rever periodicamente a nossa Pol\u00edtica para se manter informado. Se fizermos altera\u00e7\u00f5es que alterem materialmente os seus direitos de privacidade, a Face26 fornecer\u00e1 um aviso adicional, tal como atrav\u00e9s de correio electr\u00f3nico ou atrav\u00e9s dos Servi\u00e7os.<\/span><\/p>\n<p><span style=\"color: #000000;\"><\/span><\/p>\n<p><\/p>\n<p><span style=\"color: #000000;\"><\/span><\/p>\n<p><span style=\"color: #000000;\">Se n\u00e3o concordar com as altera\u00e7\u00f5es a esta Pol\u00edtica, dever\u00e1 desactivar a sua Conta de Servi\u00e7os. Contacte o administrador da sua Conta em info@face26.com se desejar solicitar a remo\u00e7\u00e3o dos seus dados pessoais sob o seu controlo.<\/span><\/p>\n<p><span style=\"color: #000000;\"><\/span><\/p>\n<p><\/p>\n<p><span style=\"color: #000000;\"><\/span><\/p>\n<h2 class=\"wp-block-heading\"><span style=\"color: #000000;\">9. Declara\u00e7\u00e3o de exonera\u00e7\u00e3o de responsabilidade<\/span><\/h2>\n<p><span style=\"color: #000000;\"><\/span><\/p>\n<p><\/p>\n<p><span style=\"color: #000000;\"><\/span><\/p>\n<p><span style=\"color: #000000;\">Face26 n\u00e3o assume qualquer responsabilidade por interrup\u00e7\u00f5es do servi\u00e7o de rede ou outros defeitos causados por for\u00e7a maior (como o caso pode ser controlado, incluindo, mas n\u00e3o limitado a actos de Deus, inunda\u00e7\u00f5es, guerra, terrorismo, fogo, motim, rebeli\u00e3o, como\u00e7\u00e3o civil, greve, lockout, outras ac\u00e7\u00f5es industriais, a falha geral de electricidade ou outro fornecimento, falha t\u00e9cnica, avaria acidental ou mec\u00e2nica ou el\u00e9ctrica, falha de computador ou falha de qualquer sistema de transmiss\u00e3o de dinheiro, embargo, disputa laboral e altera\u00e7\u00f5es em quaisquer leis, portarias, regulamentos, ou qualquer acto existente ou futuro de actividade governamental ou semelhante.) ou raz\u00f5es fora do controlo da Face26, mas far\u00e1 o seu melhor para reduzir as perdas e impactos causados aos utilizadores e garantir a sua estabilidade e seguran\u00e7a.<\/span><\/p>\n<p><span style=\"color: #000000;\"><\/span><\/p>\n<p><\/p>\n<p><span style=\"color: #000000;\"><\/span><\/p>\n<h2 class=\"wp-block-heading\"><span style=\"color: #000000;\">10. Contacte-nos<\/span><\/h2>\n<p><span style=\"color: #000000;\"><\/span><\/p>\n<p><\/p>\n<p><span style=\"color: #000000;\"><\/span><\/p>\n<p><span style=\"color: #000000;\">Se tiver alguma quest\u00e3o sobre esta Pol\u00edtica de Privacidade ou sobre as nossas pr\u00e1ticas de privacidade, ou se desejar submeter um pedido para exercer os seus direitos, conforme detalhado na presente Pol\u00edtica de Privacidade, por favor&nbsp;<a style=\"color: #000000;\" href=\"https:\/\/picwish.com\/contact-us\" target=\"_blank\" rel=\"noopener\">contacto<\/a>&nbsp;o nosso respons\u00e1vel pela protec\u00e7\u00e3o de dados. Se n\u00e3o conseguirem responder \u00e0 sua pergunta, tem o direito de contactar a sua autoridade local de supervis\u00e3o da protec\u00e7\u00e3o de dados.<\/span><\/p>\n<p><span style=\"color: #000000;\"><\/span><\/p>\t\t\t\t\t\t\t\t<\/div>\n\t\t\t\t<\/div>\n\t\t\t\t\t<\/div>\n\t\t\t\t<\/div>\n\t\t\t\t<\/div>","protected":false},"excerpt":{"rendered":"<p>Privacy Policy Effective Date:&nbsp;July 23, 2022 Face26 fully respects your privacy. This policy covers the processing of personal data by Face26, which is committed to protecting the privacy of your personal information whilst striving to provide the very best user experience. We want our websites to be safe and enjoyable for everyone. 1. What data [&hellip;]<\/p>\n","protected":false},"author":1,"featured_media":0,"parent":0,"menu_order":12,"comment_status":"closed","ping_status":"open","template":"","meta":{"footnotes":""},"class_list":["post-3","page","type-page","status-publish","hentry"],"_links":{"self":[{"href":"https:\/\/face26.com\/pt\/wp-json\/wp\/v2\/pages\/3","targetHints":{"allow":["GET"]}}],"collection":[{"href":"https:\/\/face26.com\/pt\/wp-json\/wp\/v2\/pages"}],"about":[{"href":"https:\/\/face26.com\/pt\/wp-json\/wp\/v2\/types\/page"}],"author":[{"embeddable":true,"href":"https:\/\/face26.com\/pt\/wp-json\/wp\/v2\/users\/1"}],"replies":[{"embeddable":true,"href":"https:\/\/face26.com\/pt\/wp-json\/wp\/v2\/comments?post=3"}],"version-history":[{"count":3,"href":"https:\/\/face26.com\/pt\/wp-json\/wp\/v2\/pages\/3\/revisions"}],"predecessor-version":[{"id":14577,"href":"https:\/\/face26.com\/pt\/wp-json\/wp\/v2\/pages\/3\/revisions\/14577"}],"wp:attachment":[{"href":"https:\/\/face26.com\/pt\/wp-json\/wp\/v2\/media?parent=3"}],"curies":[{"name":"wp","href":"https:\/\/api.w.org\/{rel}","templated":true}]}}