{"id":3,"date":"2022-01-20T19:46:57","date_gmt":"2022-01-20T19:46:57","guid":{"rendered":"http:\/\/box2097\/cgi\/addon_GT.cgi?s=GT::WP::Install::EIG+%28facetwp8%29+-+10.24.48.85+%5BWordpress%3b+\/var\/hp\/common\/lib\/Wordpress.pm%3b+543%3b+Hosting::gap_call%5D\/?page_id=3"},"modified":"2025-02-05T08:25:26","modified_gmt":"2025-02-05T08:25:26","slug":"polityka-prywatnosci","status":"publish","type":"page","link":"https:\/\/face26.com\/pl\/privacy-policy\/","title":{"rendered":"Polityka prywatno\u015bci"},"content":{"rendered":"<div data-elementor-type=\"wp-page\" data-elementor-id=\"3\" class=\"elementor elementor-3\" data-elementor-post-type=\"page\">\n\t\t\t\t<div class=\"elementor-element elementor-element-5b2f182 e-flex e-con-boxed e-con e-parent\" data-id=\"5b2f182\" data-element_type=\"container\" data-e-type=\"container\">\n\t\t\t\t\t<div class=\"e-con-inner\">\n\t\t<div class=\"elementor-element elementor-element-0daef39 e-con-full e-flex e-con e-child\" data-id=\"0daef39\" data-element_type=\"container\" data-e-type=\"container\">\n\t\t\t\t<div class=\"elementor-element elementor-element-a6e841e elementor-widget elementor-widget-text-editor\" data-id=\"a6e841e\" data-element_type=\"widget\" data-e-type=\"widget\" data-widget_type=\"text-editor.default\">\n\t\t\t\t\t\t\t\t\t<p><span style=\"color: #000000;\"><\/span><\/p>\n<h1 class=\"wp-block-heading\"><span style=\"color: #000000;\">Polityka prywatno\u015bci<\/span><\/h1>\n<p><span style=\"color: #000000;\"><\/span><\/p>\n<p><span style=\"color: #000000;\"><strong>Data wej\u015bcia w \u017cycie: 23 lipca 2022 r.<\/strong><\/span><\/p>\n<p><span style=\"color: #000000;\"><\/span><\/p>\n<p><span style=\"color: #000000;\">Face26 w pe\u0142ni szanuje Twoj\u0105 prywatno\u015b\u0107. Niniejsza polityka obejmuje przetwarzanie danych osobowych przez Face26, kt\u00f3ra zobowi\u0105zuje si\u0119 do ochrony prywatno\u015bci Twoich danych osobowych, jednocze\u015bnie staraj\u0105c si\u0119 zapewni\u0107 jak najlepsze wra\u017cenia u\u017cytkownika. Chcemy, aby nasze strony internetowe by\u0142y bezpieczne i przyjemne dla wszystkich.<\/span><\/p>\n<p><span style=\"color: #000000;\"><\/span><\/p>\n<h2 class=\"wp-block-heading\"><span style=\"color: #000000;\">1. Jakie dane gromadzimy i jak je wykorzystujemy?<\/span><\/h2>\n<p><span style=\"color: #000000;\"><\/span><\/p>\n<ul class=\"wp-block-list\">\n<li><span style=\"color: #000000;\"><strong>Informacje o koncie.<\/strong>&nbsp;Gdy u\u017cytkownik uczestniczy, uzyskuje dost\u0119p, kupuje lub rejestruje si\u0119 w naszych us\u0142ugach, dzia\u0142aniach lub tre\u015bciach online, takich jak subskrypcje, biuletyny, ankiety, konkursy lub wydarzenia, otrzymujemy jego dane osobowe, kt\u00f3re wykorzystujemy w celu \u015bwiadczenia tych us\u0142ug. Mog\u0105 to by\u0107 dane obejmuj\u0105ce imi\u0119 i nazwisko oraz adres e-mail, adres pocztowy i numer telefonu. U\u017cytkownik mo\u017ce wybra\u0107 spos\u00f3b, w jaki wykorzystujemy jego dane do cel\u00f3w marketingowych i mo\u017ce w dowolnym momencie zaktualizowa\u0107 swoje preferencje marketingowe. Face26 przechowuje, przetwarza i utrzymuje pliki, kt\u00f3re tworzysz i\/lub przesy\u0142asz za pomoc\u0105 Us\u0142ug (jak r\u00f3wnie\u017c poprzednie wersje Twoich plik\u00f3w), w tym wykresy Face26, kt\u00f3re tworzysz, listy udost\u0119pniania i inne dane zwi\u0105zane z Twoim kontem w celu \u015bwiadczenia Ci us\u0142ug.<\/span><\/li>\n<li><span style=\"color: #000000;\"><strong>Informacje o u\u017cytkowaniu.<\/strong>&nbsp;Gromadzimy informacje zwi\u0105zane z tym, w jaki spos\u00f3b korzystasz z Us\u0142ug, w tym z dzia\u0142aniami podejmowanymi przez Ciebie podczas korzystania z naszych Us\u0142ug (takimi jak edytowanie, przegl\u0105danie i udost\u0119pnianie Twoich rzeczy, zmiana motyw\u00f3w, aktywacja licencji oprogramowania oraz logowanie i wylogowywanie si\u0119 z konta). U\u017cywamy tych informacji do ulepszania naszych Us\u0142ug, rozwijania nowych us\u0142ug i funkcji oraz ochrony ciebie i innych u\u017cytkownik\u00f3w Face26.<\/span><\/li>\n<li><span style=\"color: #000000;\"><strong>Informacje o urz\u0105dzeniu.<\/strong>&nbsp;Gromadzimy r\u00f3wnie\u017c informacje z i o urz\u0105dzeniach u\u017cywanych przez u\u017cytkownika w celu uzyskania dost\u0119pu do Us\u0142ug. Obejmuje to takie informacje, jak adresy IP, j\u0119zyk systemu, typ przegl\u0105darki i urz\u0105dzenia u\u017cywanego przez u\u017cytkownika, wersja naszego oprogramowania, strona internetowa odwiedzona przez u\u017cytkownika przed wej\u015bciem na nasze strony oraz identyfikatory powi\u0105zane z urz\u0105dzeniami u\u017cytkownika. Urz\u0105dzenia u\u017cytkownika (w zale\u017cno\u015bci od ich ustawie\u0144) mog\u0105 r\u00f3wnie\u017c przesy\u0142a\u0107 do Us\u0142ug informacje o lokalizacji.<\/span><\/li>\n<li><span style=\"color: #000000;\"><strong>Przesy\u0142ane i przechowywane pliki.<\/strong>&nbsp;Wszystkie przes\u0142ane obrazy lub dane s\u0105 bezpieczne i b\u0119d\u0105 traktowane poufnie, dane b\u0119d\u0105 przesy\u0142ane z szyfrowaniem SSL\/TLS i wykorzystywane wy\u0142\u0105cznie do wykonania \u017c\u0105danego przetwarzania obrazu.<\/span><\/li>\n<\/ul>\n<p><span style=\"color: #000000;\"><\/span><\/p>\n<p><\/p>\n<p><span style=\"color: #000000;\"><\/span><\/p>\n<h2 class=\"wp-block-heading\"><span style=\"color: #000000;\">2. Legalne przetwarzanie danych osobowych<\/span><\/h2>\n<p><span style=\"color: #000000;\"><\/span><\/p>\n<p><\/p>\n<p><span style=\"color: #000000;\"><\/span><\/p>\n<p><span style=\"color: #000000;\">Nie b\u0119dziemy udost\u0119pnia\u0107 danych osobowych u\u017cytkownika innym stronom, z wyj\u0105tkiem przypadk\u00f3w opisanych poni\u017cej:<\/span><\/p>\n<p><span style=\"color: #000000;\"><\/span><\/p>\n<p><\/p>\n<p><span style=\"color: #000000;\"><\/span><\/p>\n<ul class=\"wp-block-list\">\n<li><span style=\"color: #000000;\"><strong>Dane osobowe.<\/strong>&nbsp;Mo\u017cemy udost\u0119pnia\u0107 dane osobowe Us\u0142ugodawcom. \u015awiadczymy okre\u015blone Us\u0142ugi i Oprogramowanie za po\u015brednictwem Us\u0142ugodawc\u00f3w. Mo\u017cemy udost\u0119pnia\u0107 dane osobowe u\u017cytkownika takim Us\u0142ugodawcom w celu realizacji zam\u00f3wie\u0144, dostarczania paczek, wysy\u0142ania wiadomo\u015bci pocztowych lub e-mail, administrowania konkursami lub loteriami, zarz\u0105dzania listami klient\u00f3w, analizowania danych, zapewniania pomocy marketingowej, przetwarzania p\u0142atno\u015bci kart\u0105 kredytow\u0105 i innych p\u0142atno\u015bci, obs\u0142ugi Witryny, rozwi\u0105zywania problem\u00f3w i zapewniania obs\u0142ugi klienta. B\u0119dziemy r\u00f3wnie\u017c udost\u0119pnia\u0107 dane u\u017cytkownika Us\u0142ugodawcom w celu realizacji naszych zada\u0144 administracyjnych.<\/span><\/li>\n<li><span style=\"color: #000000;\"><strong>Ujawnianie danych osobowych.<\/strong>&nbsp;Mo\u017cemy ujawni\u0107 dane osobowe u\u017cytkownika, je\u015bli Face26 jest zobowi\u0105zana do ujawnienia lub udost\u0119pnienia takich danych osobowych w celu spe\u0142nienia jakiegokolwiek obowi\u0105zku prawnego lub w celu ochrony praw, w\u0142asno\u015bci lub bezpiecze\u0144stwa swojej dzia\u0142alno\u015bci, swoich klient\u00f3w lub innych os\u00f3b.<\/span><\/li>\n<li><span style=\"color: #000000;\"><strong>Przesy\u0142anie danych osobowych.<\/strong>&nbsp;Mo\u017cemy r\u00f3wnie\u017c przekazywa\u0107 dane osobowe u\u017cytkownika firmom, kt\u00f3re pomagaj\u0105 nam w prowadzeniu dzia\u0142alno\u015bci poprzez przetwarzanie danych osobowych w naszym imieniu w celach okre\u015blonych powy\u017cej. Takie firmy obejmuj\u0105 dostawc\u00f3w us\u0142ug przetwarzania p\u0142atno\u015bci, dostawc\u00f3w us\u0142ug analizy danych, dostawc\u00f3w us\u0142ug monitorowania oszustw i zapobiegania im, dostawc\u00f3w us\u0142ug dostarczania wiadomo\u015bci e-mail, medi\u00f3w spo\u0142eczno\u015bciowych oraz innych platform marketingowych i dostawc\u00f3w us\u0142ug.<\/span><\/li>\n<li><span style=\"color: #000000;\"><strong>Poza Uni\u0105 Europejsk\u0105.&nbsp;<\/strong>Zebrane dane osobowe mog\u0105 by\u0107 przekazywane przez Face26 do odbiorc\u00f3w znajduj\u0105cych si\u0119 poza Uni\u0105 Europejsk\u0105, a takie miejsca docelowe mog\u0105 nie posiada\u0107 przepis\u00f3w chroni\u0105cych dane osobowe u\u017cytkownika w takim samym stopniu jak w Unii Europejskiej. Face26 zapewnia, \u017ce dane osobowe u\u017cytkownika przetwarzane przez Face26 lub przez jego dostawc\u00f3w i partner\u00f3w dzia\u0142aj\u0105cych poza Uni\u0105 Europejsk\u0105 s\u0105 traktowane w spos\u00f3b bezpieczny i s\u0105 chronione przed nieautoryzowanym dost\u0119pem, utrat\u0105 lub zniszczeniem, niezgodnym z prawem przetwarzaniem oraz przetwarzaniem niezgodnym z celami okre\u015blonymi w niniejszej polityce prywatno\u015bci.<\/span><\/li>\n<li><span style=\"color: #000000;\"><strong>Narz\u0119dzia \u015bledzenia innych firm.<\/strong>&nbsp;Mo\u017cemy korzysta\u0107 z narz\u0119dzi \u015bledz\u0105cych stron trzecich (takich jak Adwords, Bing, Facebook, Google Analytics, aby \u015bledzi\u0107 informacje o tym, jak u\u017cytkownicy korzystaj\u0105 z produkt\u00f3w i stron internetowych, takie informacje b\u0119d\u0105 przechowywane na serwerach stron trzecich. Takie narz\u0119dzia \u015bledzenia stron trzecich mog\u0105 wysy\u0142a\u0107 raport z analizy danych do wy\u017cej wymienionych cel\u00f3w Face26`s.<\/span><\/li>\n<li><span style=\"color: #000000;\"><strong>Informacje o sklepie.<\/strong>&nbsp;Mo\u017cemy przechowywa\u0107 zebrane informacje na serwerach wynajmowanych od dostawc\u00f3w us\u0142ug serwerowych stron trzecich.<\/span><\/li>\n<\/ul>\n<p><span style=\"color: #000000;\"><\/span><\/p>\n<p><\/p>\n<p><span style=\"color: #000000;\"><\/span><\/p>\n<h2 class=\"wp-block-heading\"><span style=\"color: #000000;\">3. Przechowywanie i zatrzymywanie danych<\/span><\/h2>\n<p><span style=\"color: #000000;\"><\/span><\/p>\n<p><\/p>\n<p><span style=\"color: #000000;\"><\/span><\/p>\n<ul class=\"wp-block-list\">\n<li><span style=\"color: #000000;\"><strong>Kontrola u\u017cytkownika.<\/strong>&nbsp;U\u017cytkownik mo\u017ce uzyska\u0107 dost\u0119p do swoich danych osobowych, zmienia\u0107 je, pobiera\u0107 i usuwa\u0107, loguj\u0105c si\u0119 na swoje konto Face26 i przechodz\u0105c do strony ustawie\u0144 konta.<\/span><\/li>\n<li><span style=\"color: #000000;\"><strong>Retencja.<\/strong>&nbsp;Gdy u\u017cytkownik za\u0142o\u017cy u nas konto, b\u0119dziemy przechowywa\u0107 informacje powi\u0105zane z jego kontem tak d\u0142ugo, jak d\u0142ugo b\u0119dzie ono istnie\u0107 lub tak d\u0142ugo, jak b\u0119dziemy ich potrzebowa\u0107 do \u015bwiadczenia us\u0142ug. Je\u015bli u\u017cytkownik usunie swoje konto, natychmiast zainicjujemy usuni\u0119cie tych informacji. Nale\u017cy jednak pami\u0119ta\u0107, \u017ce: (1) usuni\u0119cie tych informacji z naszych serwer\u00f3w i kopii zapasowych mo\u017ce nast\u0105pi\u0107 z pewnym op\u00f3\u017anieniem; oraz (2) mo\u017cemy zachowa\u0107 te informacje, je\u015bli b\u0119dzie to konieczne do wype\u0142nienia naszych zobowi\u0105za\u0144 prawnych, rozstrzygania spor\u00f3w lub egzekwowania naszych um\u00f3w. Inne informacje b\u0119d\u0105 przechowywane do momentu, gdy u\u017cytkownik poprosi nas o ich usuni\u0119cie.<\/span><\/li>\n<\/ul>\n<p><span style=\"color: #000000;\"><\/span><\/p>\n<p><\/p>\n<p><span style=\"color: #000000;\"><\/span><\/p>\n<h2 class=\"wp-block-heading\"><span style=\"color: #000000;\">4. Bezpiecze\u0144stwo<\/span><\/h2>\n<p><span style=\"color: #000000;\"><\/span><\/p>\n<p><\/p>\n<p><span style=\"color: #000000;\"><\/span><\/p>\n<p><span style=\"color: #000000;\">Zobowi\u0105zujemy si\u0119 do ochrony przechowywanych przez nas danych osobowych. Zgodnie z RODO stosujemy odpowiednie \u015brodki techniczne i organizacyjne, aby zapobiec nieuprawnionemu dost\u0119powi do informacji o u\u017cytkowniku i zapewni\u0107 bezpieczne przechowywanie danych. Wymagamy r\u00f3wnie\u017c, aby wszelkie strony trzecie, kt\u00f3rym mo\u017cemy przekazywa\u0107 dane osobowe, stosowa\u0142y odpowiednie \u015brodki bezpiecze\u0144stwa. Prosimy strony trzecie o wype\u0142nienie kwestionariuszy bezpiecze\u0144stwa danych, aby\u015bmy mogli mie\u0107 pewno\u015b\u0107, \u017ce s\u0105 one bezpiecznym miejscem dla danych u\u017cytkownika.<\/span><\/p>\n<p><span style=\"color: #000000;\"><\/span><\/p>\n<p><\/p>\n<p><span style=\"color: #000000;\"><\/span><\/p>\n<h2 class=\"wp-block-heading\"><span style=\"color: #000000;\">5. Prawo u\u017cytkownika do kontroli i dost\u0119pu do informacji<\/span><\/h2>\n<p><span style=\"color: #000000;\"><\/span><\/p>\n<p><\/p>\n<p><span style=\"color: #000000;\"><\/span><\/p>\n<p><span style=\"color: #000000;\">U\u017cytkownik ma kontrol\u0119 nad swoimi danymi osobowymi oraz sposobem ich gromadzenia, wykorzystywania i udost\u0119pniania. U\u017cytkownik ma na przyk\u0142ad prawo do:<\/span><\/p>\n<p><span style=\"color: #000000;\"><\/span><\/p>\n<p><\/p>\n<p><span style=\"color: #000000;\"><\/span><\/p>\n<p><span style=\"color: #000000;\"><strong>Dost\u0119p do danych i ich pobieranie.<\/strong>&nbsp;U\u017cytkownik mo\u017ce pobra\u0107 kopie swoich rzeczy z naszej witryny internetowej. Mo\u017cesz r\u00f3wnie\u017c poprosi\u0107 nas o kopi\u0119 danych osobowych, kt\u00f3re nam przekaza\u0142e\u015b.<\/span><\/p>\n<p><span style=\"color: #000000;\"><\/span><\/p>\n<p><\/p>\n<p><span style=\"color: #000000;\"><\/span><\/p>\n<p><span style=\"color: #000000;\"><strong>Zmiana lub poprawienie danych osobowych.<\/strong>&nbsp;U\u017cytkownik mo\u017ce zarz\u0105dza\u0107 swoim kontem i zawart\u0105 na nim zawarto\u015bci\u0105, a tak\u017ce edytowa\u0107 niekt\u00f3re dane swojego profilu na stronie ustawie\u0144 konta.<\/span><\/p>\n<p><span style=\"color: #000000;\"><\/span><\/p>\n<p><\/p>\n<p><span style=\"color: #000000;\"><\/span><\/p>\n<p><span style=\"color: #000000;\"><strong>Usu\u0144 ca\u0142e swoje konto.<\/strong>&nbsp;Mo\u017cesz usun\u0105\u0107 swoje konto Face26, a tak\u017ce wszelkie informacje z nim zwi\u0105zane raz na zawsze, za po\u015brednictwem strony ustawie\u0144 konta.<\/span><\/p>\n<p><span style=\"color: #000000;\"><\/span><\/p>\n<p><\/p>\n<p><span style=\"color: #000000;\"><\/span><\/p>\n<p><span style=\"color: #000000;\"><strong>Zrezygnuj z subskrypcji naszych biuletyn\u00f3w.<\/strong>&nbsp;Aby usun\u0105\u0107 sw\u00f3j adres e-mail z naszej listy mailingowej, wystarczy klikn\u0105\u0107 \u0142\u0105cze \"Zrezygnuj z subskrypcji\" w otrzymanej wiadomo\u015bci marketingowej.<\/span><\/p>\n<p><span style=\"color: #000000;\"><\/span><\/p>\n<p><\/p>\n<p><span style=\"color: #000000;\"><\/span><\/p>\n<p><span style=\"color: #000000;\"><strong>Prawo do wycofania zgody.<\/strong>&nbsp;U\u017cytkownik, kt\u00f3ry wyrazi\u0142 zgod\u0119 na wykorzystywanie jego danych osobowych, ma prawo w dowolnym momencie zmieni\u0107 zdanie i wycofa\u0107 t\u0119 zgod\u0119.<\/span><\/p>\n<p><span style=\"color: #000000;\"><\/span><\/p>\n<p><\/p>\n<p><span style=\"color: #000000;\"><\/span><\/p>\n<p><span style=\"color: #000000;\"><strong>Usuwanie dziedzictwa online.<\/strong>&nbsp;U\u017cytkownik ma prawo okre\u015bli\u0107 og\u00f3lne lub szczeg\u00f3\u0142owe instrukcje dotycz\u0105ce przechowywania, usuwania i wykorzystywania jego danych osobowych po \u015bmierci.<\/span><\/p>\n<p><span style=\"color: #000000;\"><\/span><\/p>\n<p><\/p>\n<p><span style=\"color: #000000;\"><\/span><\/p>\n<p><span style=\"color: #000000;\">Aby skorzysta\u0107 z kt\u00f3regokolwiek z tych praw, nale\u017cy skontaktowa\u0107 si\u0119 z nami w spos\u00f3b opisany poni\u017cej. B\u0119dziemy przetwarza\u0107 takie wnioski zgodnie z obowi\u0105zuj\u0105cymi przepisami prawa. Aby chroni\u0107 prywatno\u015b\u0107 u\u017cytkownika, podejmiemy kroki w celu zweryfikowania jego to\u017csamo\u015bci przed spe\u0142nieniem jego \u017c\u0105dania, na przyk\u0142ad wymagaj\u0105c przes\u0142ania \u017c\u0105dania za po\u015brednictwem konta u\u017cytkownika.<\/span><\/p>\n<p><span style=\"color: #000000;\"><\/span><\/p>\n<p><\/p>\n<p><span style=\"color: #000000;\"><\/span><\/p>\n<h2 class=\"wp-block-heading\"><span style=\"color: #000000;\">6. Dodatek: Wniosek o zezwolenie i scenariusze zastosowania<\/span><\/h2>\n<p><span style=\"color: #000000;\"><\/span><\/p>\n<p><\/p>\n<p><span style=\"color: #000000;\"><\/span><\/p>\n<figure class=\"wp-block-table\">\n<table>\n<tbody>\n<tr>\n<td><span style=\"color: #000000;\">Uprawnienia aplikacji<\/span><\/td>\n<td><span style=\"color: #000000;\">Uprawnienia i wymagane informacje<\/span><\/td>\n<td><span style=\"color: #000000;\">Cel korzystania z uprawnie\u0144<\/span><\/td>\n<\/tr>\n<tr>\n<td><span style=\"color: #000000;\">Uprawnienia dost\u0119pu do sieci (Android)<\/span><\/td>\n<td><span style=\"color: #000000;\">Dost\u0119p do informacji o sieci<\/span><\/td>\n<td><span style=\"color: #000000;\">Zam\u00f3w us\u0142ug\u0119 w tle<\/span><\/td>\n<\/tr>\n<tr>\n<td><span style=\"color: #000000;\">Stan telefonu<\/span><\/td>\n<td><span style=\"color: #000000;\">Odczyt stanu telefonu<\/span><\/td>\n<td><span style=\"color: #000000;\">Odczytywanie stanu telefonu, informacji IMEI i IMSI urz\u0105dzenia w celu identyfikacji u\u017cytkownik\u00f3w, zapobiegania stronom phishingowym i wirusom troja\u0144skim oraz prowadzenia statystyk danych u\u017cytkownika (instalacje, aktywni u\u017cytkownicy).<\/span><\/td>\n<\/tr>\n<tr>\n<td><span style=\"color: #000000;\">Uprawnienia do przechowywania (odczyt i zapis)<\/span><\/td>\n<td><span style=\"color: #000000;\">Odczyt i zapis zewn\u0119trznej pami\u0119ci masowej<\/span><\/td>\n<td><span style=\"color: #000000;\">Odczytywanie lokalnych zdj\u0119\u0107, film\u00f3w i innych plik\u00f3w multimedialnych w celu u\u0142atwienia u\u017cytkownikom przesy\u0142ania plik\u00f3w.<\/span><\/td>\n<\/tr>\n<tr>\n<td><span style=\"color: #000000;\">Zezwolenie na korzystanie z kamery<\/span><\/td>\n<td><span style=\"color: #000000;\">Zezwalaj na korzystanie z kamery<\/span><\/td>\n<td><span style=\"color: #000000;\">S\u0142u\u017cy do robienia zdj\u0119\u0107,<\/span><\/td>\n<\/tr>\n<\/tbody>\n<\/table>\n<\/figure>\n<p><span style=\"color: #000000;\"><\/span><\/p>\n<p><\/p>\n<p><span style=\"color: #000000;\"><\/span><\/p>\n<h2 class=\"wp-block-heading\"><span style=\"color: #000000;\">7. Informacje dla dzieci<\/span><\/h2>\n<p><span style=\"color: #000000;\"><\/span><\/p>\n<p><\/p>\n<p><span style=\"color: #000000;\"><\/span><\/p>\n<p><span style=\"color: #000000;\">Us\u0142ugi nie s\u0105 skierowane do dzieci w wieku poni\u017cej 13 lat (lub w innym wieku wymaganym przez lokalne prawo) i nie zbieramy \u015bwiadomie danych osobowych od dzieci. Je\u015bli u\u017cytkownik dowie si\u0119, \u017ce jego dziecko przekaza\u0142o nam dane osobowe bez jego zgody, mo\u017ce skontaktowa\u0107 si\u0119 z nami w spos\u00f3b okre\u015blony poni\u017cej. Je\u015bli dowiemy si\u0119, \u017ce zebrali\u015bmy dane osobowe dziecka z naruszeniem obowi\u0105zuj\u0105cego prawa, niezw\u0142ocznie podejmiemy kroki w celu usuni\u0119cia takich informacji i zamkni\u0119cia konta dziecka.<\/span><\/p>\n<p><span style=\"color: #000000;\"><\/span><\/p>\n<p><\/p>\n<p><span style=\"color: #000000;\"><\/span><\/p>\n<h2 class=\"wp-block-heading\"><span style=\"color: #000000;\">8. Zmiany w polityce<\/span><\/h2>\n<p><span style=\"color: #000000;\"><\/span><\/p>\n<p><\/p>\n<p><span style=\"color: #000000;\"><\/span><\/p>\n<p><span style=\"color: #000000;\">Face26may mo\u017ce od czasu do czasu zmienia\u0107 niniejsz\u0105 Polityk\u0119 w zale\u017cno\u015bci od przepis\u00f3w prawa, regulacji, standard\u00f3w bran\u017cowych i\/lub rozwoju naszej dzia\u0142alno\u015bci. B\u0119dziemy publikowa\u0107 zmiany na tej stronie i zach\u0119camy do okresowego przegl\u0105dania naszej Polityki, aby by\u0107 na bie\u017c\u0105co. Je\u015bli wprowadzimy zmiany, kt\u00f3re w istotny spos\u00f3b wp\u0142yn\u0105 na prawa u\u017cytkownika do prywatno\u015bci, Face26 przeka\u017ce dodatkowe powiadomienie, na przyk\u0142ad za po\u015brednictwem wiadomo\u015bci e-mail lub za po\u015brednictwem Us\u0142ug.<\/span><\/p>\n<p><span style=\"color: #000000;\"><\/span><\/p>\n<p><\/p>\n<p><span style=\"color: #000000;\"><\/span><\/p>\n<p><span style=\"color: #000000;\">Je\u015bli u\u017cytkownik nie zgadza si\u0119 ze zmianami w niniejszej Polityce, powinien dezaktywowa\u0107 swoje Konto w Us\u0142ugach. U\u017cytkownik mo\u017ce skontaktowa\u0107 si\u0119 z administratorem swojego Konta pod adresem info@face26.com, je\u015bli chce za\u017c\u0105da\u0107 usuni\u0119cia swoich danych osobowych znajduj\u0105cych si\u0119 pod jego kontrol\u0105.<\/span><\/p>\n<p><span style=\"color: #000000;\"><\/span><\/p>\n<p><\/p>\n<p><span style=\"color: #000000;\"><\/span><\/p>\n<h2 class=\"wp-block-heading\"><span style=\"color: #000000;\">9. Zastrze\u017cenie<\/span><\/h2>\n<p><span style=\"color: #000000;\"><\/span><\/p>\n<p><\/p>\n<p><span style=\"color: #000000;\"><\/span><\/p>\n<p><span style=\"color: #000000;\">Face26 nie ponosi \u017cadnej odpowiedzialno\u015bci za przerwy w \u015bwiadczeniu us\u0142ug sieciowych lub inne usterki spowodowane si\u0142\u0105 wy\u017csz\u0105 (w zale\u017cno\u015bci od kontrolowanego przypadku), w tym mi\u0119dzy innymi dzia\u0142aniem si\u0142y wy\u017cszej, powodzi\u0105, wojn\u0105, terroryzmem, po\u017carem, zamieszkami, buntem, rozruchami spo\u0142ecznymi, strajkiem, lokautem, innymi dzia\u0142aniami przemys\u0142owymi, og\u00f3lna awaria elektryczno\u015bci lub innych dostaw, awaria techniczna, przypadkowa lub mechaniczna lub elektryczna awaria, awaria komputera lub awaria jakiegokolwiek systemu transmisji pieni\u0119dzy, embargo, sp\u00f3r pracowniczy i zmiany w jakimkolwiek istniej\u0105cym lub przysz\u0142ym prawie, rozporz\u0105dzeniach, przepisach lub jakimkolwiek istniej\u0105cym lub przysz\u0142ym akcie dzia\u0142alno\u015bci rz\u0105dowej itp.) lub przyczyn pozostaj\u0105cych poza kontrol\u0105 Face26, ale do\u0142o\u017cy wszelkich stara\u0144, aby zmniejszy\u0107 straty i wp\u0142yw na u\u017cytkownik\u00f3w oraz zapewni\u0107 stabilno\u015b\u0107 i bezpiecze\u0144stwo.<\/span><\/p>\n<p><span style=\"color: #000000;\"><\/span><\/p>\n<p><\/p>\n<p><span style=\"color: #000000;\"><\/span><\/p>\n<h2 class=\"wp-block-heading\"><span style=\"color: #000000;\">10. Skontaktuj si\u0119 z nami<\/span><\/h2>\n<p><span style=\"color: #000000;\"><\/span><\/p>\n<p><\/p>\n<p><span style=\"color: #000000;\"><\/span><\/p>\n<p><span style=\"color: #000000;\">W przypadku jakichkolwiek pyta\u0144 dotycz\u0105cych niniejszej Polityki prywatno\u015bci lub naszych praktyk w zakresie ochrony prywatno\u015bci, lub w celu z\u0142o\u017cenia wniosku o skorzystanie z praw okre\u015blonych w niniejszej Polityce prywatno\u015bci, prosimy o&nbsp;<a style=\"color: #000000;\" href=\"https:\/\/picwish.com\/contact-us\" target=\"_blank\" rel=\"noopener\">kontakt<\/a>&nbsp;nasz inspektor ochrony danych. Je\u015bli nie b\u0119dzie on w stanie odpowiedzie\u0107 na Twoje pytanie, masz prawo skontaktowa\u0107 si\u0119 z lokalnym organem nadzorczym ds. ochrony danych.<\/span><\/p>\n<p><span style=\"color: #000000;\"><\/span><\/p>\t\t\t\t\t\t\t\t<\/div>\n\t\t\t\t<\/div>\n\t\t\t\t\t<\/div>\n\t\t\t\t<\/div>\n\t\t\t\t<\/div>","protected":false},"excerpt":{"rendered":"<p>Privacy Policy Effective Date:&nbsp;July 23, 2022 Face26 fully respects your privacy. This policy covers the processing of personal data by Face26, which is committed to protecting the privacy of your personal information whilst striving to provide the very best user experience. We want our websites to be safe and enjoyable for everyone. 1. What data [&hellip;]<\/p>\n","protected":false},"author":1,"featured_media":0,"parent":0,"menu_order":12,"comment_status":"closed","ping_status":"open","template":"","meta":{"footnotes":""},"class_list":["post-3","page","type-page","status-publish","hentry"],"_links":{"self":[{"href":"https:\/\/face26.com\/pl\/wp-json\/wp\/v2\/pages\/3","targetHints":{"allow":["GET"]}}],"collection":[{"href":"https:\/\/face26.com\/pl\/wp-json\/wp\/v2\/pages"}],"about":[{"href":"https:\/\/face26.com\/pl\/wp-json\/wp\/v2\/types\/page"}],"author":[{"embeddable":true,"href":"https:\/\/face26.com\/pl\/wp-json\/wp\/v2\/users\/1"}],"replies":[{"embeddable":true,"href":"https:\/\/face26.com\/pl\/wp-json\/wp\/v2\/comments?post=3"}],"version-history":[{"count":3,"href":"https:\/\/face26.com\/pl\/wp-json\/wp\/v2\/pages\/3\/revisions"}],"predecessor-version":[{"id":14577,"href":"https:\/\/face26.com\/pl\/wp-json\/wp\/v2\/pages\/3\/revisions\/14577"}],"wp:attachment":[{"href":"https:\/\/face26.com\/pl\/wp-json\/wp\/v2\/media?parent=3"}],"curies":[{"name":"wp","href":"https:\/\/api.w.org\/{rel}","templated":true}]}}