{"id":3,"date":"2022-01-20T19:46:57","date_gmt":"2022-01-20T19:46:57","guid":{"rendered":"http:\/\/box2097\/cgi\/addon_GT.cgi?s=GT::WP::Install::EIG+%28facetwp8%29+-+10.24.48.85+%5BWordpress%3b+\/var\/hp\/common\/lib\/Wordpress.pm%3b+543%3b+Hosting::gap_call%5D\/?page_id=3"},"modified":"2025-02-05T08:25:26","modified_gmt":"2025-02-05T08:25:26","slug":"informativa-sulla-privacy","status":"publish","type":"page","link":"https:\/\/face26.com\/it\/privacy-policy\/","title":{"rendered":"Normativa sulla privacy"},"content":{"rendered":"<div data-elementor-type=\"wp-page\" data-elementor-id=\"3\" class=\"elementor elementor-3\" data-elementor-post-type=\"page\">\n\t\t\t\t<div class=\"elementor-element elementor-element-5b2f182 e-flex e-con-boxed e-con e-parent\" data-id=\"5b2f182\" data-element_type=\"container\" data-e-type=\"container\">\n\t\t\t\t\t<div class=\"e-con-inner\">\n\t\t<div class=\"elementor-element elementor-element-0daef39 e-con-full e-flex e-con e-child\" data-id=\"0daef39\" data-element_type=\"container\" data-e-type=\"container\">\n\t\t\t\t<div class=\"elementor-element elementor-element-a6e841e elementor-widget elementor-widget-text-editor\" data-id=\"a6e841e\" data-element_type=\"widget\" data-e-type=\"widget\" data-widget_type=\"text-editor.default\">\n\t\t\t\t\t\t\t\t\t<p><span style=\"color: #000000;\"><\/span><\/p>\n<h1 class=\"wp-block-heading\"><span style=\"color: #000000;\">Normativa sulla privacy<\/span><\/h1>\n<p><span style=\"color: #000000;\"><\/span><\/p>\n<p><span style=\"color: #000000;\"><strong>Data di entrata in vigore: 23 luglio 2022<\/strong><\/span><\/p>\n<p><span style=\"color: #000000;\"><\/span><\/p>\n<p><span style=\"color: #000000;\">Face26 rispetta pienamente la vostra privacy. La presente informativa riguarda il trattamento dei dati personali da parte di Face26, che si impegna a proteggere la privacy dei vostri dati personali cercando di fornire la migliore esperienza agli utenti. Vogliamo che i nostri siti web siano sicuri e piacevoli per tutti.<\/span><\/p>\n<p><span style=\"color: #000000;\"><\/span><\/p>\n<h2 class=\"wp-block-heading\"><span style=\"color: #000000;\">1. Quali dati raccogliamo e come li utilizziamo?<\/span><\/h2>\n<p><span style=\"color: #000000;\"><\/span><\/p>\n<ul class=\"wp-block-list\">\n<li><span style=\"color: #000000;\"><strong>Informazioni sul conto.<\/strong>&nbsp;Quando partecipate, accedete, acquistate o vi iscrivete a uno dei nostri servizi, attivit\u00e0 o contenuti online, come abbonamenti, newsletter, sondaggi, concorsi o eventi, riceviamo informazioni personali su di voi che utilizziamo per potervi fornire questi servizi. Tali dati possono comprendere il vostro nome e indirizzo e-mail, l'indirizzo postale e il numero di telefono. L'utente potr\u00e0 scegliere come utilizzare le sue informazioni per scopi di marketing e potr\u00e0 aggiornare le sue preferenze di marketing in qualsiasi momento. Face26 memorizza, elabora e conserva i file creati e\/o caricati dall'utente utilizzando i Servizi (nonch\u00e9 le versioni precedenti dei file), compresi i grafici Face26 creati dall'utente, gli elenchi di condivisione e altri dati relativi all'account dell'utente, al fine di fornire il servizio all'utente.<\/span><\/li>\n<li><span style=\"color: #000000;\"><strong>Informazioni sull'uso.<\/strong>&nbsp;Raccogliamo informazioni relative al modo in cui l'utente utilizza i Servizi, comprese le azioni che compie quando utilizza i nostri Servizi (come la modifica, la visualizzazione e la condivisione delle proprie cose, la modifica dei temi, l'attivazione della licenza software e il login e il logout dal proprio account). Utilizziamo queste informazioni per migliorare i nostri Servizi, sviluppare nuovi servizi e funzionalit\u00e0 e proteggere l'utente e gli altri utenti di Face26.<\/span><\/li>\n<li><span style=\"color: #000000;\"><strong>Informazioni sul dispositivo.<\/strong>&nbsp;Raccogliamo inoltre informazioni da e sui dispositivi utilizzati dall'utente per accedere ai Servizi. Ci\u00f2 include elementi quali gli indirizzi IP, la lingua del sistema, il tipo di browser e di dispositivo utilizzato, la versione del nostro software, la pagina web visitata prima di arrivare ai nostri siti e gli identificatori associati ai dispositivi. I dispositivi dell'utente (a seconda delle impostazioni) possono anche trasmettere informazioni sulla posizione ai Servizi.<\/span><\/li>\n<li><span style=\"color: #000000;\"><strong>File caricati e archiviati.<\/strong>&nbsp;Tutte le immagini o i dati caricati sono sicuri e saranno trattati in modo confidenziale; i dati saranno trasferiti con crittografia SSL\/TLS e utilizzati solo per eseguire l'elaborazione delle immagini richieste.<\/span><\/li>\n<\/ul>\n<p><span style=\"color: #000000;\"><\/span><\/p>\n<p><\/p>\n<p><span style=\"color: #000000;\"><\/span><\/p>\n<h2 class=\"wp-block-heading\"><span style=\"color: #000000;\">2. Elaborare legalmente i dati personali<\/span><\/h2>\n<p><span style=\"color: #000000;\"><\/span><\/p>\n<p><\/p>\n<p><span style=\"color: #000000;\"><\/span><\/p>\n<p><span style=\"color: #000000;\">Non condivideremo i vostri dati personali con altre parti, tranne che nei casi previsti di seguito:<\/span><\/p>\n<p><span style=\"color: #000000;\"><\/span><\/p>\n<p><\/p>\n<p><span style=\"color: #000000;\"><\/span><\/p>\n<ul class=\"wp-block-list\">\n<li><span style=\"color: #000000;\"><strong>Informazioni personali.<\/strong>&nbsp;Possiamo condividere le informazioni personali con i fornitori di servizi. Forniamo alcuni Servizi e Software tramite Fornitori di Servizi. Possiamo condividere le informazioni di identificazione personale dell'utente con tali Fornitori di servizi per evadere ordini, consegnare pacchi, inviare posta o e-mail, amministrare concorsi o lotterie, gestire elenchi di clienti, analizzare dati, fornire assistenza di marketing, elaborare pagamenti con carta di credito e di altro tipo, gestire il Sito web, risolvere problemi e fornire assistenza ai clienti. Condivideremo inoltre le vostre informazioni con i Fornitori di servizi per svolgere le nostre attivit\u00e0 amministrative.<\/span><\/li>\n<li><span style=\"color: #000000;\"><strong>Divulgare i dati personali.<\/strong>&nbsp;Possiamo divulgare i dati personali dell'utente se Face26 ha l'obbligo di divulgare o condividere tali dati personali per ottemperare a qualsiasi obbligo di legge, o per proteggere i diritti, la propriet\u00e0 o la sicurezza della propria azienda, dei propri clienti o di altri.<\/span><\/li>\n<li><span style=\"color: #000000;\"><strong>Trasmettere informazioni personali.<\/strong>&nbsp;Potremmo inoltre trasmettere i vostri dati personali a societ\u00e0 che ci aiutano a gestire la nostra attivit\u00e0 elaborando i dati personali per nostro conto per gli scopi sopra indicati. Tali societ\u00e0 includono fornitori di servizi di elaborazione dei pagamenti, fornitori di servizi di analisi dei dati, fornitori di monitoraggio e prevenzione delle frodi, fornitori di servizi di consegna delle e-mail, social media e altre piattaforme e fornitori di servizi di marketing.<\/span><\/li>\n<li><span style=\"color: #000000;\"><strong>Fuori dall'Unione Europea.&nbsp;<\/strong>I dati personali raccolti possono essere trasferiti da Face26 a destinatari che si trovano al di fuori dell'Unione Europea e tali destinazioni potrebbero non avere leggi che proteggono i dati personali dell'Utente nella stessa misura dell'Unione Europea. Face26 garantisce che i dati personali dell'utente trattati da Face26 o dai suoi fornitori e partner che operano al di fuori dell'Unione Europea sono trattati in modo sicuro e sono protetti da accessi non autorizzati, perdita o distruzione, trattamento illegale e qualsiasi trattamento che non sia coerente con le finalit\u00e0 indicate nella presente informativa sulla privacy.<\/span><\/li>\n<li><span style=\"color: #000000;\"><strong>Strumenti di tracciamento di terze parti.<\/strong>&nbsp;Potremmo utilizzare strumenti di tracciamento di terze parti (come Adwords, Bing, Facebook, Google Analytics) per tracciare le informazioni sull'utilizzo dei prodotti e dei siti web da parte degli utenti; tali informazioni saranno memorizzate su server di terze parti. Tali strumenti di tracciamento di terze parti possono inviare un report di analisi dei dati per gli scopi sopra citati di Face26.<\/span><\/li>\n<li><span style=\"color: #000000;\"><strong>Informazioni sul negozio.<\/strong>&nbsp;Possiamo memorizzare le informazioni raccolte sui server affittati da fornitori di servizi server di terze parti.<\/span><\/li>\n<\/ul>\n<p><span style=\"color: #000000;\"><\/span><\/p>\n<p><\/p>\n<p><span style=\"color: #000000;\"><\/span><\/p>\n<h2 class=\"wp-block-heading\"><span style=\"color: #000000;\">3. Archiviazione e conservazione dei dati<\/span><\/h2>\n<p><span style=\"color: #000000;\"><\/span><\/p>\n<p><\/p>\n<p><span style=\"color: #000000;\"><\/span><\/p>\n<ul class=\"wp-block-list\">\n<li><span style=\"color: #000000;\"><strong>Controlli utente.<\/strong>&nbsp;\u00c8 possibile accedere, modificare, scaricare ed eliminare i propri dati personali accedendo al proprio account Face26 e alla pagina delle impostazioni dell'account.<\/span><\/li>\n<li><span style=\"color: #000000;\"><strong>Ritenzione.<\/strong>&nbsp;Quando vi registrate per un account, conserveremo le informazioni associate al vostro account per tutto il tempo in cui esso esister\u00e0 o per tutto il tempo che ci servir\u00e0 per fornirvi i Servizi. Se l'utente cancella il proprio account, provvederemo immediatamente alla cancellazione di tali informazioni. Tuttavia, si prega di notare che (1) potrebbe esserci una certa latenza nell'eliminazione di queste informazioni dai nostri server e dalla memoria di backup; e (2) potremmo conservare queste informazioni se necessario per adempiere ai nostri obblighi legali, risolvere controversie o applicare i nostri accordi. Le altre informazioni saranno conservate fino a quando l'utente non ne chieder\u00e0 l'eliminazione.<\/span><\/li>\n<\/ul>\n<p><span style=\"color: #000000;\"><\/span><\/p>\n<p><\/p>\n<p><span style=\"color: #000000;\"><\/span><\/p>\n<h2 class=\"wp-block-heading\"><span style=\"color: #000000;\">4. La sicurezza<\/span><\/h2>\n<p><span style=\"color: #000000;\"><\/span><\/p>\n<p><\/p>\n<p><span style=\"color: #000000;\"><\/span><\/p>\n<p><span style=\"color: #000000;\">Ci impegniamo a proteggere i dati personali in nostro possesso. In conformit\u00e0 con il GDPR, adottiamo misure tecniche e organizzative adeguate per impedire l'accesso non autorizzato alle vostre informazioni e garantire che i dati siano conservati in modo sicuro. Chiediamo inoltre a qualsiasi terza parte a cui possiamo trasferire i dati personali di adottare misure di sicurezza adeguate. Chiediamo alle terze parti di compilare i questionari sulla sicurezza dei dati, in modo da poter essere certi che siano un luogo sicuro per i vostri dati.<\/span><\/p>\n<p><span style=\"color: #000000;\"><\/span><\/p>\n<p><\/p>\n<p><span style=\"color: #000000;\"><\/span><\/p>\n<h2 class=\"wp-block-heading\"><span style=\"color: #000000;\">5. Diritto di controllo e accesso alle informazioni<\/span><\/h2>\n<p><span style=\"color: #000000;\"><\/span><\/p>\n<p><\/p>\n<p><span style=\"color: #000000;\"><\/span><\/p>\n<p><span style=\"color: #000000;\">L'utente ha il diritto di controllare i propri dati personali e le modalit\u00e0 di raccolta, utilizzo e condivisione. Ad esempio, avete il diritto di:<\/span><\/p>\n<p><span style=\"color: #000000;\"><\/span><\/p>\n<p><\/p>\n<p><span style=\"color: #000000;\"><\/span><\/p>\n<p><span style=\"color: #000000;\"><strong>Accedere e prendere i vostri dati.<\/strong>&nbsp;Potete scaricare copie delle vostre cose dal nostro sito web. Potete anche chiederci una copia dei dati personali che ci avete fornito.<\/span><\/p>\n<p><span style=\"color: #000000;\"><\/span><\/p>\n<p><\/p>\n<p><span style=\"color: #000000;\"><\/span><\/p>\n<p><span style=\"color: #000000;\"><strong>Modificare o correggere i dati personali.<\/strong>&nbsp;\u00c8 possibile gestire il proprio account e i contenuti in esso contenuti, nonch\u00e9 modificare alcuni dettagli del proprio profilo, attraverso la pagina delle impostazioni dell'account.<\/span><\/p>\n<p><span style=\"color: #000000;\"><\/span><\/p>\n<p><\/p>\n<p><span style=\"color: #000000;\"><\/span><\/p>\n<p><span style=\"color: #000000;\"><strong>Cancellare l'intero account.<\/strong>&nbsp;\u00c8 possibile eliminare una volta per tutte il proprio account Face26 e tutte le informazioni ad esso correlate attraverso la pagina delle impostazioni dell'account.<\/span><\/p>\n<p><span style=\"color: #000000;\"><\/span><\/p>\n<p><\/p>\n<p><span style=\"color: #000000;\"><\/span><\/p>\n<p><span style=\"color: #000000;\"><strong>Disdire le nostre newsletter.<\/strong>&nbsp;\u00c8 sufficiente fare clic sul link \"Unsubscribe\" presente in qualsiasi e-mail di marketing ricevuta per cancellare il proprio indirizzo e-mail dalla nostra mailing list.<\/span><\/p>\n<p><span style=\"color: #000000;\"><\/span><\/p>\n<p><\/p>\n<p><span style=\"color: #000000;\"><\/span><\/p>\n<p><span style=\"color: #000000;\"><strong>Il vostro diritto di ritirare il consenso.<\/strong>&nbsp;Se ci avete dato il consenso all'utilizzo dei vostri dati personali, avete il diritto di cambiare idea in qualsiasi momento e di ritirare tale consenso.<\/span><\/p>\n<p><span style=\"color: #000000;\"><\/span><\/p>\n<p><\/p>\n<p><span style=\"color: #000000;\"><\/span><\/p>\n<p><span style=\"color: #000000;\"><strong>Smaltimento del patrimonio online.<\/strong>&nbsp;L'Utente ha il diritto di definire istruzioni generali o specifiche relative all'archiviazione, alla cancellazione e all'utilizzo dei propri dati personali dopo la morte.<\/span><\/p>\n<p><span style=\"color: #000000;\"><\/span><\/p>\n<p><\/p>\n<p><span style=\"color: #000000;\"><\/span><\/p>\n<p><span style=\"color: #000000;\">Se desiderate esercitare uno di questi diritti, contattateci come indicato di seguito. Elaboreremo tali richieste in conformit\u00e0 alle leggi vigenti. Per proteggere la vostra privacy, adotteremo misure per verificare la vostra identit\u00e0 prima di soddisfare la vostra richiesta, ad esempio richiedendovi di inoltrare la richiesta tramite il vostro account.<\/span><\/p>\n<p><span style=\"color: #000000;\"><\/span><\/p>\n<p><\/p>\n<p><span style=\"color: #000000;\"><\/span><\/p>\n<h2 class=\"wp-block-heading\"><span style=\"color: #000000;\">6. Appendice: Richiesta di autorizzazione e scenari di applicazione<\/span><\/h2>\n<p><span style=\"color: #000000;\"><\/span><\/p>\n<p><\/p>\n<p><span style=\"color: #000000;\"><\/span><\/p>\n<figure class=\"wp-block-table\">\n<table>\n<tbody>\n<tr>\n<td><span style=\"color: #000000;\">Autorizzazioni per le app<\/span><\/td>\n<td><span style=\"color: #000000;\">Autorizzazioni e informazioni richieste<\/span><\/td>\n<td><span style=\"color: #000000;\">Scopo dell'utilizzo dell'autorizzazione<\/span><\/td>\n<\/tr>\n<tr>\n<td><span style=\"color: #000000;\">Autorizzazione di accesso alla rete (Android)<\/span><\/td>\n<td><span style=\"color: #000000;\">Accesso alle informazioni di rete<\/span><\/td>\n<td><span style=\"color: #000000;\">Richiesta di servizio di background<\/span><\/td>\n<\/tr>\n<tr>\n<td><span style=\"color: #000000;\">Stato del telefono<\/span><\/td>\n<td><span style=\"color: #000000;\">Leggere lo stato del telefono<\/span><\/td>\n<td><span style=\"color: #000000;\">Leggere lo stato del telefono, le informazioni IMEI e IMSI del dispositivo per identificare gli utenti, prevenire siti web di phishing e virus Trojan ed eseguire statistiche sui dati degli utenti (installazioni, utenti attivi).<\/span><\/td>\n<\/tr>\n<tr>\n<td><span style=\"color: #000000;\">Autorizzazioni di memorizzazione (lettura e scrittura)<\/span><\/td>\n<td><span style=\"color: #000000;\">Lettura e scrittura della memoria esterna<\/span><\/td>\n<td><span style=\"color: #000000;\">Leggere immagini, video e altri file multimediali locali per aiutare gli utenti a caricare i file.<\/span><\/td>\n<\/tr>\n<tr>\n<td><span style=\"color: #000000;\">Autorizzazione della telecamera<\/span><\/td>\n<td><span style=\"color: #000000;\">Consentire l'uso della telecamera<\/span><\/td>\n<td><span style=\"color: #000000;\">Utilizzato per scattare foto,<\/span><\/td>\n<\/tr>\n<\/tbody>\n<\/table>\n<\/figure>\n<p><span style=\"color: #000000;\"><\/span><\/p>\n<p><\/p>\n<p><span style=\"color: #000000;\"><\/span><\/p>\n<h2 class=\"wp-block-heading\"><span style=\"color: #000000;\">7. Informazioni sui bambini<\/span><\/h2>\n<p><span style=\"color: #000000;\"><\/span><\/p>\n<p><\/p>\n<p><span style=\"color: #000000;\"><\/span><\/p>\n<p><span style=\"color: #000000;\">I Servizi non sono rivolti a bambini di et\u00e0 inferiore a 13 anni (o altra et\u00e0 richiesta dalla legge locale) e noi non raccogliamo consapevolmente informazioni personali da bambini. Se l'utente viene a sapere che il proprio figlio ci ha fornito informazioni personali senza il suo consenso, pu\u00f2 contattarci come indicato di seguito. Se veniamo a conoscenza di aver raccolto informazioni personali di un bambino in violazione delle leggi vigenti, provvederemo tempestivamente a cancellare tali informazioni e a chiudere l'account del bambino.<\/span><\/p>\n<p><span style=\"color: #000000;\"><\/span><\/p>\n<p><\/p>\n<p><span style=\"color: #000000;\"><\/span><\/p>\n<h2 class=\"wp-block-heading\"><span style=\"color: #000000;\">8. Modifiche alla politica<\/span><\/h2>\n<p><span style=\"color: #000000;\"><\/span><\/p>\n<p><\/p>\n<p><span style=\"color: #000000;\"><\/span><\/p>\n<p><span style=\"color: #000000;\">Face26 pu\u00f2 modificare la presente informativa di volta in volta in base alle leggi, alle normative, agli standard del settore e\/o all'evoluzione della nostra attivit\u00e0. Pubblicheremo le modifiche in questa pagina e vi invitiamo a rivedere periodicamente la nostra Informativa per rimanere informati. Qualora vengano apportate modifiche che alterino in modo sostanziale i diritti dell'utente in materia di privacy, Face26 fornir\u00e0 ulteriori avvisi, ad esempio via e-mail o attraverso i Servizi.<\/span><\/p>\n<p><span style=\"color: #000000;\"><\/span><\/p>\n<p><\/p>\n<p><span style=\"color: #000000;\"><\/span><\/p>\n<p><span style=\"color: #000000;\">Se l'utente non \u00e8 d'accordo con le modifiche apportate alla presente Informativa, deve disattivare il proprio Account dei Servizi. Contattare l'amministratore del proprio Account all'indirizzo info@face26.com se si desidera richiedere la rimozione dei propri dati personali sotto il loro controllo.<\/span><\/p>\n<p><span style=\"color: #000000;\"><\/span><\/p>\n<p><\/p>\n<p><span style=\"color: #000000;\"><\/span><\/p>\n<h2 class=\"wp-block-heading\"><span style=\"color: #000000;\">9. Esclusione di responsabilit\u00e0<\/span><\/h2>\n<p><span style=\"color: #000000;\"><\/span><\/p>\n<p><\/p>\n<p><span style=\"color: #000000;\"><\/span><\/p>\n<p><span style=\"color: #000000;\">Face26 non si assume alcuna responsabilit\u00e0 per interruzioni del servizio di rete o altri difetti causati da cause di forza maggiore (a seconda dei casi controllati), tra cui, ma non solo, cause di forza maggiore, inondazioni, guerre, terrorismo, incendi, sommosse, ribellioni, tumulti, scioperi, serrate, altre azioni industriali, guasto generale dell'elettricit\u00e0 o di altre forniture, guasto tecnico, guasto accidentale o meccanico o elettrico, guasto del computer o guasto di qualsiasi sistema di trasmissione di denaro, embargo, controversia di lavoro e cambiamenti in qualsiasi legge esistente o futura, ordinanze, regolamenti, o qualsiasi atto esistente o futuro di attivit\u00e0 governativa o simili.) o per ragioni al di fuori del controllo di Face26, ma far\u00e0 del suo meglio per ridurre le perdite e gli impatti causati agli utenti e garantire la sua stabilit\u00e0 e sicurezza.<\/span><\/p>\n<p><span style=\"color: #000000;\"><\/span><\/p>\n<p><\/p>\n<p><span style=\"color: #000000;\"><\/span><\/p>\n<h2 class=\"wp-block-heading\"><span style=\"color: #000000;\">10. Contattateci<\/span><\/h2>\n<p><span style=\"color: #000000;\"><\/span><\/p>\n<p><\/p>\n<p><span style=\"color: #000000;\"><\/span><\/p>\n<p><span style=\"color: #000000;\">In caso di domande sulla presente Informativa sulla privacy o sulle nostre pratiche in materia di privacy, o se si desidera presentare una richiesta per esercitare i propri diritti come specificato nella presente Informativa sulla privacy, si prega di&nbsp;<a style=\"color: #000000;\" href=\"https:\/\/picwish.com\/contact-us\" target=\"_blank\" rel=\"noopener\">contatto<\/a>&nbsp;il nostro responsabile della protezione dei dati. Se non \u00e8 in grado di rispondere alla vostra domanda, avete il diritto di contattare l'autorit\u00e0 locale di controllo della protezione dei dati.<\/span><\/p>\n<p><span style=\"color: #000000;\"><\/span><\/p>\t\t\t\t\t\t\t\t<\/div>\n\t\t\t\t<\/div>\n\t\t\t\t\t<\/div>\n\t\t\t\t<\/div>\n\t\t\t\t<\/div>","protected":false},"excerpt":{"rendered":"<p>Privacy Policy Effective Date:&nbsp;July 23, 2022 Face26 fully respects your privacy. This policy covers the processing of personal data by Face26, which is committed to protecting the privacy of your personal information whilst striving to provide the very best user experience. We want our websites to be safe and enjoyable for everyone. 1. What data [&hellip;]<\/p>\n","protected":false},"author":1,"featured_media":0,"parent":0,"menu_order":12,"comment_status":"closed","ping_status":"open","template":"","meta":{"footnotes":""},"class_list":["post-3","page","type-page","status-publish","hentry"],"_links":{"self":[{"href":"https:\/\/face26.com\/it\/wp-json\/wp\/v2\/pages\/3","targetHints":{"allow":["GET"]}}],"collection":[{"href":"https:\/\/face26.com\/it\/wp-json\/wp\/v2\/pages"}],"about":[{"href":"https:\/\/face26.com\/it\/wp-json\/wp\/v2\/types\/page"}],"author":[{"embeddable":true,"href":"https:\/\/face26.com\/it\/wp-json\/wp\/v2\/users\/1"}],"replies":[{"embeddable":true,"href":"https:\/\/face26.com\/it\/wp-json\/wp\/v2\/comments?post=3"}],"version-history":[{"count":3,"href":"https:\/\/face26.com\/it\/wp-json\/wp\/v2\/pages\/3\/revisions"}],"predecessor-version":[{"id":14577,"href":"https:\/\/face26.com\/it\/wp-json\/wp\/v2\/pages\/3\/revisions\/14577"}],"wp:attachment":[{"href":"https:\/\/face26.com\/it\/wp-json\/wp\/v2\/media?parent=3"}],"curies":[{"name":"wp","href":"https:\/\/api.w.org\/{rel}","templated":true}]}}