{"id":3,"date":"2022-01-20T19:46:57","date_gmt":"2022-01-20T19:46:57","guid":{"rendered":"http:\/\/box2097\/cgi\/addon_GT.cgi?s=GT::WP::Install::EIG+%28facetwp8%29+-+10.24.48.85+%5BWordpress%3b+\/var\/hp\/common\/lib\/Wordpress.pm%3b+543%3b+Hosting::gap_call%5D\/?page_id=3"},"modified":"2025-02-05T08:25:26","modified_gmt":"2025-02-05T08:25:26","slug":"politique-de-confidentialite","status":"publish","type":"page","link":"https:\/\/face26.com\/fr\/privacy-policy\/","title":{"rendered":"Politique de confidentialit\u00e9"},"content":{"rendered":"<div data-elementor-type=\"wp-page\" data-elementor-id=\"3\" class=\"elementor elementor-3\" data-elementor-post-type=\"page\">\n\t\t\t\t<div class=\"elementor-element elementor-element-5b2f182 e-flex e-con-boxed e-con e-parent\" data-id=\"5b2f182\" data-element_type=\"container\" data-e-type=\"container\">\n\t\t\t\t\t<div class=\"e-con-inner\">\n\t\t<div class=\"elementor-element elementor-element-0daef39 e-con-full e-flex e-con e-child\" data-id=\"0daef39\" data-element_type=\"container\" data-e-type=\"container\">\n\t\t\t\t<div class=\"elementor-element elementor-element-a6e841e elementor-widget elementor-widget-text-editor\" data-id=\"a6e841e\" data-element_type=\"widget\" data-e-type=\"widget\" data-widget_type=\"text-editor.default\">\n\t\t\t\t\t\t\t\t\t<p><span style=\"color: #000000;\"><\/span><\/p>\n<h1 class=\"wp-block-heading\"><span style=\"color: #000000;\">Politique de confidentialit\u00e9<\/span><\/h1>\n<p><span style=\"color: #000000;\"><\/span><\/p>\n<p><span style=\"color: #000000;\"><strong>Date d'entr\u00e9e en vigueur : 23 juillet 2022<\/strong><\/span><\/p>\n<p><span style=\"color: #000000;\"><\/span><\/p>\n<p><span style=\"color: #000000;\">Face26 respecte pleinement ta vie priv\u00e9e. Cette politique couvre le traitement des donn\u00e9es personnelles par Face26, qui s'engage \u00e0 prot\u00e9ger la confidentialit\u00e9 de tes informations personnelles tout en s'effor\u00e7ant de fournir la meilleure exp\u00e9rience utilisateur possible. Nous voulons que nos sites Web soient s\u00fbrs et agr\u00e9ables pour tout le monde.<\/span><\/p>\n<p><span style=\"color: #000000;\"><\/span><\/p>\n<h2 class=\"wp-block-heading\"><span style=\"color: #000000;\">1. Quelles donn\u00e9es collectons-nous et comment les utilisons-nous ?<\/span><\/h2>\n<p><span style=\"color: #000000;\"><\/span><\/p>\n<ul class=\"wp-block-list\">\n<li><span style=\"color: #000000;\"><strong>Informations sur le compte.<\/strong>&nbsp;Lorsque tu participes, acc\u00e8des, ach\u00e8tes ou t'inscris \u00e0 l'un de nos services, activit\u00e9s ou contenus en ligne, tels que des abonnements, des newsletters, des enqu\u00eates, des concours ou des \u00e9v\u00e9nements, nous recevons des informations personnelles te concernant que nous utilisons pour pouvoir fournir ces services. Il peut s'agir de donn\u00e9es telles que ton nom et ton adresse e-mail, ton adresse postale et ton num\u00e9ro de t\u00e9l\u00e9phone. Tu pourras choisir comment nous utilisons tes informations \u00e0 des fins de marketing et tu pourras mettre \u00e0 jour tes pr\u00e9f\u00e9rences marketing \u00e0 tout moment. Face26 stocke, traite et conserve les fichiers que tu cr\u00e9es et\/ou t\u00e9l\u00e9charges en utilisant les Services (ainsi que les versions pr\u00e9c\u00e9dentes de tes fichiers), y compris les graphiques Face26 que tu cr\u00e9es, les listes de partage et d'autres donn\u00e9es li\u00e9es \u00e0 ton compte afin de te fournir le service.<\/span><\/li>\n<li><span style=\"color: #000000;\"><strong>Informations sur l'utilisation.<\/strong>&nbsp;Nous recueillons des informations li\u00e9es \u00e0 la fa\u00e7on dont tu utilises les Services, notamment les actions que tu entreprends lorsque tu utilises nos Services (comme la modification, la visualisation et le partage de Tes Trucs, le changement de th\u00e8me, l'activation de la licence du logiciel et la connexion et la d\u00e9connexion de ton compte). Nous utilisons ces informations pour am\u00e9liorer nos Services, d\u00e9velopper de nouveaux services et fonctionnalit\u00e9s, et te prot\u00e9ger ainsi que les autres utilisateurs de Face26.<\/span><\/li>\n<li><span style=\"color: #000000;\"><strong>Informations sur le dispositif.<\/strong>&nbsp;Nous recueillons \u00e9galement des informations provenant des appareils que tu utilises pour acc\u00e9der aux Services et \u00e0 leur sujet. Cela inclut des \u00e9l\u00e9ments tels que les adresses IP, la langue du syst\u00e8me, le type de navigateur et d'appareil que tu utilises, la version de notre logiciel, la page Web que tu as visit\u00e9e avant de venir sur nos sites, et les identifiants associ\u00e9s \u00e0 tes appareils. Tes appareils (en fonction de leurs param\u00e8tres) peuvent \u00e9galement transmettre des informations de localisation aux Services.<\/span><\/li>\n<li><span style=\"color: #000000;\"><strong>Fichiers t\u00e9l\u00e9charg\u00e9s et stock\u00e9s.<\/strong>&nbsp;Toutes les images ou donn\u00e9es t\u00e9l\u00e9charg\u00e9es sont s\u00e9curis\u00e9es et seront trait\u00e9es de mani\u00e8re confidentielle. Les donn\u00e9es seront transf\u00e9r\u00e9es avec un cryptage SSL\/TLS et ne seront utilis\u00e9es que pour effectuer le traitement des images demand\u00e9.<\/span><\/li>\n<\/ul>\n<p><span style=\"color: #000000;\"><\/span><\/p>\n<p><\/p>\n<p><span style=\"color: #000000;\"><\/span><\/p>\n<h2 class=\"wp-block-heading\"><span style=\"color: #000000;\">2. Traiter l\u00e9galement les donn\u00e9es personnelles<\/span><\/h2>\n<p><span style=\"color: #000000;\"><\/span><\/p>\n<p><\/p>\n<p><span style=\"color: #000000;\"><\/span><\/p>\n<p><span style=\"color: #000000;\">Nous ne partagerons pas tes donn\u00e9es personnelles avec d'autres parties, sauf dans les cas pr\u00e9vus ci-dessous :<\/span><\/p>\n<p><span style=\"color: #000000;\"><\/span><\/p>\n<p><\/p>\n<p><span style=\"color: #000000;\"><\/span><\/p>\n<ul class=\"wp-block-list\">\n<li><span style=\"color: #000000;\"><strong>Informations personnelles.<\/strong>&nbsp;Nous pouvons partager des informations personnelles avec des Fournisseurs de services. Nous fournissons certains Services et Logiciels par l'interm\u00e9diaire de Fournisseurs de services. Nous pouvons partager tes informations d'identification personnelles avec ces Fournisseurs de services afin d'ex\u00e9cuter des commandes, de livrer des colis, d'envoyer des courriers postaux ou \u00e9lectroniques, d'administrer des concours ou des loteries, de g\u00e9rer des listes de clients, d'analyser des donn\u00e9es, de fournir une assistance marketing, de traiter les cartes de cr\u00e9dit et autres paiements, d'exploiter le Site Web, de d\u00e9panner et de fournir un service client. Nous partagerons \u00e9galement tes informations avec les fournisseurs de services pour accomplir nos t\u00e2ches administratives.<\/span><\/li>\n<li><span style=\"color: #000000;\"><strong>Divulgue les donn\u00e9es personnelles.<\/strong>&nbsp;Nous pouvons divulguer les donn\u00e9es personnelles de l'Utilisateur si Face26 est dans l'obligation de divulguer ou de partager ces donn\u00e9es personnelles pour se conformer \u00e0 une obligation l\u00e9gale, ou pour prot\u00e9ger les droits, la propri\u00e9t\u00e9 ou la s\u00e9curit\u00e9 de son entreprise, de ses clients ou d'autres personnes.<\/span><\/li>\n<li><span style=\"color: #000000;\"><strong>Transmettre des informations personnelles.<\/strong>&nbsp;Nous pouvons \u00e9galement transmettre tes informations personnelles \u00e0 des entreprises qui nous aident \u00e0 g\u00e9rer notre activit\u00e9 en traitant les informations personnelles en notre nom aux fins identifi\u00e9es ci-dessus. Ces entreprises comprennent les fournisseurs de services de traitement des paiements, les fournisseurs de services d'analyse des donn\u00e9es, les fournisseurs de surveillance et de pr\u00e9vention des fraudes, les fournisseurs de services de livraison d'e-mails, les m\u00e9dias sociaux et autres plateformes et fournisseurs de services marketing.<\/span><\/li>\n<li><span style=\"color: #000000;\"><strong>En dehors de l'Union europ\u00e9enne.&nbsp;<\/strong>Les donn\u00e9es personnelles collect\u00e9es peuvent \u00eatre transf\u00e9r\u00e9es par Face26\u00e0 des destinataires qui sont situ\u00e9s en dehors de l'Union europ\u00e9enne et ces destinations peuvent ne pas avoir de lois qui prot\u00e8gent les donn\u00e9es personnelles de l'Utilisateur dans la m\u00eame mesure que dans l'Union europ\u00e9enne. Face26 s'assure que les donn\u00e9es personnelles de l'Utilisateur trait\u00e9es par Face26ou par ses fournisseurs et partenaires op\u00e9rant en dehors de l'Union europ\u00e9enne sont trait\u00e9es de mani\u00e8re s\u00e9curis\u00e9e et sont prot\u00e9g\u00e9es contre tout acc\u00e8s non autoris\u00e9, toute perte ou destruction, tout traitement ill\u00e9gal et tout traitement incompatible avec les objectifs \u00e9nonc\u00e9s dans la pr\u00e9sente politique de confidentialit\u00e9.<\/span><\/li>\n<li><span style=\"color: #000000;\"><strong>Outils de suivi tiers.<\/strong>&nbsp;Nous pouvons utiliser des outils de suivi tiers (tels que Adwords, Bing, Facebook, Google Analytics, pour suivre les informations sur la fa\u00e7on dont les utilisateurs utilisent les produits et les sites Web, ces informations seront stock\u00e9es sur des serveurs tiers. Ces outils de suivi tiers peuvent envoyer le rapport d'analyse des donn\u00e9es pour Face26`s dans le but mentionn\u00e9 ci-dessus.<\/span><\/li>\n<li><span style=\"color: #000000;\"><strong>Informations sur le magasin.<\/strong>&nbsp;Nous pouvons stocker les informations collect\u00e9es sur les serveurs lou\u00e9s \u00e0 des fournisseurs de services de serveurs tiers.<\/span><\/li>\n<\/ul>\n<p><span style=\"color: #000000;\"><\/span><\/p>\n<p><\/p>\n<p><span style=\"color: #000000;\"><\/span><\/p>\n<h2 class=\"wp-block-heading\"><span style=\"color: #000000;\">3. Stockage et conservation des donn\u00e9es<\/span><\/h2>\n<p><span style=\"color: #000000;\"><\/span><\/p>\n<p><\/p>\n<p><span style=\"color: #000000;\"><\/span><\/p>\n<ul class=\"wp-block-list\">\n<li><span style=\"color: #000000;\"><strong>Contr\u00f4les de l'utilisateur.<\/strong>&nbsp;Tu peux acc\u00e9der, modifier, t\u00e9l\u00e9charger et supprimer tes informations personnelles en te connectant \u00e0 ton compte Face26 et en allant sur la page des param\u00e8tres de ton compte.<\/span><\/li>\n<li><span style=\"color: #000000;\"><strong>R\u00e9tention.<\/strong>&nbsp;Lorsque tu t'inscris \u00e0 un compte chez nous, nous conserverons les informations associ\u00e9es \u00e0 ton compte tant qu'il existe ou tant que nous en avons besoin pour te fournir les Services. Si tu supprimes ton compte, nous lancerons la suppression de ces informations imm\u00e9diatement. Mais attention : (1) il peut y avoir un certain temps de latence dans la suppression de ces informations de nos serveurs et de notre stockage de sauvegarde ; et (2) nous pouvons conserver ces informations si n\u00e9cessaire pour nous conformer \u00e0 nos obligations l\u00e9gales, r\u00e9soudre des litiges ou appliquer nos accords. Les autres informations seront conserv\u00e9es jusqu'\u00e0 ce que tu nous demandes de les supprimer.<\/span><\/li>\n<\/ul>\n<p><span style=\"color: #000000;\"><\/span><\/p>\n<p><\/p>\n<p><span style=\"color: #000000;\"><\/span><\/p>\n<h2 class=\"wp-block-heading\"><span style=\"color: #000000;\">S\u00e9curit\u00e9<\/span><\/h2>\n<p><span style=\"color: #000000;\"><\/span><\/p>\n<p><\/p>\n<p><span style=\"color: #000000;\"><\/span><\/p>\n<p><span style=\"color: #000000;\">Nous nous engageons \u00e0 prot\u00e9ger les donn\u00e9es personnelles que nous d\u00e9tenons. Conform\u00e9ment au GDPR, nous adoptons des mesures techniques et organisationnelles appropri\u00e9es pour aider \u00e0 emp\u00eacher l'acc\u00e8s non autoris\u00e9 \u00e0 tes informations et garantir que les donn\u00e9es sont conserv\u00e9es en toute s\u00e9curit\u00e9. Nous demandons \u00e9galement \u00e0 tous les tiers auxquels nous pouvons transf\u00e9rer des donn\u00e9es personnelles de mettre en place des mesures de s\u00e9curit\u00e9 appropri\u00e9es. Nous demandons aux tiers de remplir des questionnaires sur la s\u00e9curit\u00e9 des donn\u00e9es afin que nous puissions \u00eatre s\u00fbrs qu'ils constituent un endroit s\u00fbr pour tes donn\u00e9es.<\/span><\/p>\n<p><span style=\"color: #000000;\"><\/span><\/p>\n<p><\/p>\n<p><span style=\"color: #000000;\"><\/span><\/p>\n<h2 class=\"wp-block-heading\"><span style=\"color: #000000;\">5. Ton droit de contr\u00f4ler et d'acc\u00e9der \u00e0 tes informations<\/span><\/h2>\n<p><span style=\"color: #000000;\"><\/span><\/p>\n<p><\/p>\n<p><span style=\"color: #000000;\"><\/span><\/p>\n<p><span style=\"color: #000000;\">Tu as le contr\u00f4le de tes informations personnelles et de la fa\u00e7on dont elles sont collect\u00e9es, utilis\u00e9es et partag\u00e9es. Par exemple, tu as le droit de :<\/span><\/p>\n<p><span style=\"color: #000000;\"><\/span><\/p>\n<p><\/p>\n<p><span style=\"color: #000000;\"><\/span><\/p>\n<p><span style=\"color: #000000;\"><strong>Acc\u00e8de \u00e0 tes donn\u00e9es et prends-les.<\/strong>&nbsp;Tu peux t\u00e9l\u00e9charger des copies de tes articles sur notre site Web. Tu peux aussi nous demander une copie des donn\u00e9es personnelles que tu nous as fournies.<\/span><\/p>\n<p><span style=\"color: #000000;\"><\/span><\/p>\n<p><\/p>\n<p><span style=\"color: #000000;\"><\/span><\/p>\n<p><span style=\"color: #000000;\"><strong>Modifier ou corriger les donn\u00e9es personnelles.<\/strong>&nbsp;Tu peux g\u00e9rer ton compte et le contenu qu'il contient, ainsi que modifier certains d\u00e9tails de ton profil, via la page des param\u00e8tres de ton compte.<\/span><\/p>\n<p><span style=\"color: #000000;\"><\/span><\/p>\n<p><\/p>\n<p><span style=\"color: #000000;\"><\/span><\/p>\n<p><span style=\"color: #000000;\"><strong>Supprime tout ton compte.<\/strong>&nbsp;Tu peux supprimer ton compte Face26, ainsi que toutes les informations qui y sont li\u00e9es une fois pour toutes, via la page des param\u00e8tres de ton compte.<\/span><\/p>\n<p><span style=\"color: #000000;\"><\/span><\/p>\n<p><\/p>\n<p><span style=\"color: #000000;\"><\/span><\/p>\n<p><span style=\"color: #000000;\"><strong>D\u00e9sabonne-toi de nos bulletins d'information.<\/strong>&nbsp;Il suffit de cliquer sur le lien \"Se d\u00e9sabonner\" dans un e-mail de marketing que tu as re\u00e7u pour que ton adresse e-mail soit supprim\u00e9e de notre liste de diffusion.<\/span><\/p>\n<p><span style=\"color: #000000;\"><\/span><\/p>\n<p><\/p>\n<p><span style=\"color: #000000;\"><\/span><\/p>\n<p><span style=\"color: #000000;\"><strong>Ton droit de retirer ton consentement.<\/strong>&nbsp;Chaque fois que tu nous as donn\u00e9 ton consentement pour utiliser tes donn\u00e9es personnelles, tu as le droit de changer d'avis \u00e0 tout moment et de retirer ce consentement.<\/span><\/p>\n<p><span style=\"color: #000000;\"><\/span><\/p>\n<p><\/p>\n<p><span style=\"color: #000000;\"><\/span><\/p>\n<p><span style=\"color: #000000;\"><strong>L'\u00e9limination du patrimoine en ligne.<\/strong>&nbsp;L'Utilisateur a le droit de d\u00e9finir des instructions g\u00e9n\u00e9rales ou sp\u00e9cifiques concernant le stockage, la suppression et l'utilisation de ses donn\u00e9es personnelles apr\u00e8s le d\u00e9c\u00e8s.<\/span><\/p>\n<p><span style=\"color: #000000;\"><\/span><\/p>\n<p><\/p>\n<p><span style=\"color: #000000;\"><\/span><\/p>\n<p><span style=\"color: #000000;\">Si tu souhaites exercer l'un de ces droits, contacte-nous comme indiqu\u00e9 ci-dessous. Nous traiterons ces demandes conform\u00e9ment aux lois applicables. Pour prot\u00e9ger ta vie priv\u00e9e, nous prendrons des mesures pour v\u00e9rifier ton identit\u00e9 avant de r\u00e9pondre \u00e0 ta demande, par exemple en te demandant de soumettre ta demande via ton compte.<\/span><\/p>\n<p><span style=\"color: #000000;\"><\/span><\/p>\n<p><\/p>\n<p><span style=\"color: #000000;\"><\/span><\/p>\n<h2 class=\"wp-block-heading\"><span style=\"color: #000000;\">6. Annexe : Demande de permission et sc\u00e9narios d'application<\/span><\/h2>\n<p><span style=\"color: #000000;\"><\/span><\/p>\n<p><\/p>\n<p><span style=\"color: #000000;\"><\/span><\/p>\n<figure class=\"wp-block-table\">\n<table>\n<tbody>\n<tr>\n<td><span style=\"color: #000000;\">Permissions de l'application<\/span><\/td>\n<td><span style=\"color: #000000;\">Permissions et informations requises<\/span><\/td>\n<td><span style=\"color: #000000;\">Objectif de l'utilisation de la permission<\/span><\/td>\n<\/tr>\n<tr>\n<td><span style=\"color: #000000;\">Autorisation d'acc\u00e8s au r\u00e9seau (Android)<\/span><\/td>\n<td><span style=\"color: #000000;\">Acc\u00e9der aux informations du r\u00e9seau<\/span><\/td>\n<td><span style=\"color: #000000;\">Demande le service d'arri\u00e8re-plan<\/span><\/td>\n<\/tr>\n<tr>\n<td><span style=\"color: #000000;\">T\u00e9l\u00e9phone \u00c9tat<\/span><\/td>\n<td><span style=\"color: #000000;\">Lire l'\u00e9tat du t\u00e9l\u00e9phone<\/span><\/td>\n<td><span style=\"color: #000000;\">Lis l'\u00e9tat du t\u00e9l\u00e9phone, les informations IMEI et IMSI de l'appareil pour identifier les utilisateurs, pr\u00e9venir les sites de phishing et les virus troyens, et r\u00e9aliser des statistiques sur les donn\u00e9es des utilisateurs (installations, utilisateurs actifs).<\/span><\/td>\n<\/tr>\n<tr>\n<td><span style=\"color: #000000;\">Permissions de stockage (lecture et \u00e9criture)<\/span><\/td>\n<td><span style=\"color: #000000;\">Lecture et \u00e9criture du stockage externe<\/span><\/td>\n<td><span style=\"color: #000000;\">Lis les photos, vid\u00e9os et autres fichiers multim\u00e9dias locaux pour aider les utilisateurs \u00e0 t\u00e9l\u00e9charger des fichiers<\/span><\/td>\n<\/tr>\n<tr>\n<td><span style=\"color: #000000;\">Autorisation de la cam\u00e9ra<\/span><\/td>\n<td><span style=\"color: #000000;\">Autorise l'utilisation de l'appareil photo<\/span><\/td>\n<td><span style=\"color: #000000;\">Utilis\u00e9 pour prendre des photos,<\/span><\/td>\n<\/tr>\n<\/tbody>\n<\/table>\n<\/figure>\n<p><span style=\"color: #000000;\"><\/span><\/p>\n<p><\/p>\n<p><span style=\"color: #000000;\"><\/span><\/p>\n<h2 class=\"wp-block-heading\"><span style=\"color: #000000;\">7. Informations sur les enfants<\/span><\/h2>\n<p><span style=\"color: #000000;\"><\/span><\/p>\n<p><\/p>\n<p><span style=\"color: #000000;\"><\/span><\/p>\n<p><span style=\"color: #000000;\">Les Services ne sont pas destin\u00e9s aux enfants de moins de 13 ans (ou tout autre \u00e2ge requis par la l\u00e9gislation locale), et nous ne collectons pas sciemment les informations personnelles des enfants. Si tu apprends que ton enfant nous a fourni des informations personnelles sans ton consentement, tu peux nous contacter comme indiqu\u00e9 ci-dessous. Si nous apprenons que nous avons collect\u00e9 les informations personnelles d'un enfant en violation de la loi applicable, nous prendrons rapidement des mesures pour supprimer ces informations et r\u00e9silier le compte de l'enfant.<\/span><\/p>\n<p><span style=\"color: #000000;\"><\/span><\/p>\n<p><\/p>\n<p><span style=\"color: #000000;\"><\/span><\/p>\n<h2 class=\"wp-block-heading\"><span style=\"color: #000000;\">8. Changements de politique<\/span><\/h2>\n<p><span style=\"color: #000000;\"><\/span><\/p>\n<p><\/p>\n<p><span style=\"color: #000000;\"><\/span><\/p>\n<p><span style=\"color: #000000;\">Face26 peut modifier cette Politique de temps en temps en fonction des lois, des r\u00e8glements, des normes du secteur et\/ou de l'\u00e9volution de notre activit\u00e9. Nous publierons les modifications sur cette page et t'encourageons \u00e0 consulter r\u00e9guli\u00e8rement notre Politique pour rester inform\u00e9. Si nous apportons des changements qui modifient sensiblement tes droits en mati\u00e8re de confidentialit\u00e9, Face26 te fournira une notification suppl\u00e9mentaire, par exemple par e-mail ou par le biais des Services.<\/span><\/p>\n<p><span style=\"color: #000000;\"><\/span><\/p>\n<p><\/p>\n<p><span style=\"color: #000000;\"><\/span><\/p>\n<p><span style=\"color: #000000;\">Si tu n'es pas d'accord avec les modifications apport\u00e9es \u00e0 la pr\u00e9sente Politique, tu dois d\u00e9sactiver ton Compte de services. Contacte l'administrateur de ton compte \u00e0 l'adresse info@face26.com si tu souhaites demander la suppression de tes donn\u00e9es personnelles sous son contr\u00f4le.<\/span><\/p>\n<p><span style=\"color: #000000;\"><\/span><\/p>\n<p><\/p>\n<p><span style=\"color: #000000;\"><\/span><\/p>\n<h2 class=\"wp-block-heading\"><span style=\"color: #000000;\">9. Clause de non-responsabilit\u00e9<\/span><\/h2>\n<p><span style=\"color: #000000;\"><\/span><\/p>\n<p><\/p>\n<p><span style=\"color: #000000;\"><\/span><\/p>\n<p><span style=\"color: #000000;\">Face26 n'assume aucune responsabilit\u00e9 pour les interruptions de service du r\u00e9seau ou autres d\u00e9fauts caus\u00e9s par une force majeure (selon le cas contr\u00f4l\u00e9e, y compris, mais sans s'y limiter, les cas de force majeure, les inondations, la guerre, le terrorisme, les incendies, les \u00e9meutes, les r\u00e9bellions, les mouvements populaires, les gr\u00e8ves, les lock-out, les autres actions industrielles, la d\u00e9faillance g\u00e9n\u00e9rale de l'\u00e9lectricit\u00e9 ou d'une autre source d'approvisionnement, une d\u00e9faillance technique, une panne accidentelle ou m\u00e9canique ou \u00e9lectrique, une panne d'ordinateur ou une d\u00e9faillance de tout syst\u00e8me de transmission de fonds, un embargo, un conflit du travail et des modifications de toute loi, ordonnance ou r\u00e9glementation existante ou future, ou tout acte d'activit\u00e9 gouvernementale existant ou futur ou autre.) ou des raisons ind\u00e9pendantes de la volont\u00e9 de Face26, mais fera de son mieux pour r\u00e9duire les pertes et les impacts caus\u00e9s aux utilisateurs et assurer sa stabilit\u00e9 et sa s\u00e9curit\u00e9.<\/span><\/p>\n<p><span style=\"color: #000000;\"><\/span><\/p>\n<p><\/p>\n<p><span style=\"color: #000000;\"><\/span><\/p>\n<h2 class=\"wp-block-heading\"><span style=\"color: #000000;\">10. Contacte-nous<\/span><\/h2>\n<p><span style=\"color: #000000;\"><\/span><\/p>\n<p><\/p>\n<p><span style=\"color: #000000;\"><\/span><\/p>\n<p><span style=\"color: #000000;\">Si tu as des questions sur la pr\u00e9sente politique de confidentialit\u00e9 ou sur nos pratiques en mati\u00e8re de confidentialit\u00e9, ou si tu souhaites soumettre une demande d'exercice de tes droits tels que d\u00e9taill\u00e9s dans la pr\u00e9sente politique de confidentialit\u00e9, merci.&nbsp;<a style=\"color: #000000;\" href=\"https:\/\/picwish.com\/contact-us\" target=\"_blank\" rel=\"noopener\">contact<\/a>&nbsp;notre d\u00e9l\u00e9gu\u00e9 \u00e0 la protection des donn\u00e9es. S'ils ne peuvent pas r\u00e9pondre \u00e0 ta question, tu as le droit de contacter ton autorit\u00e9 locale de contr\u00f4le de la protection des donn\u00e9es.<\/span><\/p>\n<p><span style=\"color: #000000;\"><\/span><\/p>\t\t\t\t\t\t\t\t<\/div>\n\t\t\t\t<\/div>\n\t\t\t\t\t<\/div>\n\t\t\t\t<\/div>\n\t\t\t\t<\/div>","protected":false},"excerpt":{"rendered":"<p>Privacy Policy Effective Date:&nbsp;July 23, 2022 Face26 fully respects your privacy. This policy covers the processing of personal data by Face26, which is committed to protecting the privacy of your personal information whilst striving to provide the very best user experience. We want our websites to be safe and enjoyable for everyone. 1. What data [&hellip;]<\/p>\n","protected":false},"author":1,"featured_media":0,"parent":0,"menu_order":12,"comment_status":"closed","ping_status":"open","template":"","meta":{"footnotes":""},"class_list":["post-3","page","type-page","status-publish","hentry"],"_links":{"self":[{"href":"https:\/\/face26.com\/fr\/wp-json\/wp\/v2\/pages\/3","targetHints":{"allow":["GET"]}}],"collection":[{"href":"https:\/\/face26.com\/fr\/wp-json\/wp\/v2\/pages"}],"about":[{"href":"https:\/\/face26.com\/fr\/wp-json\/wp\/v2\/types\/page"}],"author":[{"embeddable":true,"href":"https:\/\/face26.com\/fr\/wp-json\/wp\/v2\/users\/1"}],"replies":[{"embeddable":true,"href":"https:\/\/face26.com\/fr\/wp-json\/wp\/v2\/comments?post=3"}],"version-history":[{"count":3,"href":"https:\/\/face26.com\/fr\/wp-json\/wp\/v2\/pages\/3\/revisions"}],"predecessor-version":[{"id":14577,"href":"https:\/\/face26.com\/fr\/wp-json\/wp\/v2\/pages\/3\/revisions\/14577"}],"wp:attachment":[{"href":"https:\/\/face26.com\/fr\/wp-json\/wp\/v2\/media?parent=3"}],"curies":[{"name":"wp","href":"https:\/\/api.w.org\/{rel}","templated":true}]}}