{"id":3,"date":"2022-01-20T19:46:57","date_gmt":"2022-01-20T19:46:57","guid":{"rendered":"http:\/\/box2097\/cgi\/addon_GT.cgi?s=GT::WP::Install::EIG+%28facetwp8%29+-+10.24.48.85+%5BWordpress%3b+\/var\/hp\/common\/lib\/Wordpress.pm%3b+543%3b+Hosting::gap_call%5D\/?page_id=3"},"modified":"2025-02-05T08:25:26","modified_gmt":"2025-02-05T08:25:26","slug":"politica-de-privacidad","status":"publish","type":"page","link":"https:\/\/face26.com\/es\/privacy-policy\/","title":{"rendered":"Pol\u00edtica de privacidad"},"content":{"rendered":"<div data-elementor-type=\"wp-page\" data-elementor-id=\"3\" class=\"elementor elementor-3\" data-elementor-post-type=\"page\">\n\t\t\t\t<div class=\"elementor-element elementor-element-5b2f182 e-flex e-con-boxed e-con e-parent\" data-id=\"5b2f182\" data-element_type=\"container\" data-e-type=\"container\">\n\t\t\t\t\t<div class=\"e-con-inner\">\n\t\t<div class=\"elementor-element elementor-element-0daef39 e-con-full e-flex e-con e-child\" data-id=\"0daef39\" data-element_type=\"container\" data-e-type=\"container\">\n\t\t\t\t<div class=\"elementor-element elementor-element-a6e841e elementor-widget elementor-widget-text-editor\" data-id=\"a6e841e\" data-element_type=\"widget\" data-e-type=\"widget\" data-widget_type=\"text-editor.default\">\n\t\t\t\t\t\t\t\t\t<p><span style=\"color: #000000;\"><\/span><\/p>\n<h1 class=\"wp-block-heading\"><span style=\"color: #000000;\">Pol\u00edtica de privacidad<\/span><\/h1>\n<p><span style=\"color: #000000;\"><\/span><\/p>\n<p><span style=\"color: #000000;\"><strong>Fecha de entrada en vigor: 23 de julio de 2022<\/strong><\/span><\/p>\n<p><span style=\"color: #000000;\"><\/span><\/p>\n<p><span style=\"color: #000000;\">Face26 respeta plenamente tu privacidad. Esta pol\u00edtica cubre el tratamiento de datos personales por parte de Face26, que se compromete a proteger la privacidad de tu informaci\u00f3n personal al tiempo que se esfuerza por ofrecer la mejor experiencia de usuario. Queremos que nuestros sitios web sean seguros y agradables para todos.<\/span><\/p>\n<p><span style=\"color: #000000;\"><\/span><\/p>\n<h2 class=\"wp-block-heading\"><span style=\"color: #000000;\">1. \u00bfQu\u00e9 datos recogemos y c\u00f3mo los utilizamos?<\/span><\/h2>\n<p><span style=\"color: #000000;\"><\/span><\/p>\n<ul class=\"wp-block-list\">\n<li><span style=\"color: #000000;\"><strong>Informaci\u00f3n de la cuenta.<\/strong>&nbsp;Cuando participas, accedes, compras o te inscribes en alguno de nuestros servicios, actividades o contenidos online, como suscripciones, boletines, encuestas, concursos o eventos, recibimos informaci\u00f3n personal sobre ti que utilizamos para poder prestar estos servicios. Esto puede consistir en datos como tu nombre y direcci\u00f3n de correo electr\u00f3nico, direcci\u00f3n postal y n\u00famero de tel\u00e9fono. Podr\u00e1s seleccionar c\u00f3mo utilizamos tu informaci\u00f3n con fines de marketing y podr\u00e1s actualizar tus preferencias de marketing en cualquier momento. Face26 almacena, procesa y mantiene los archivos que creas y\/o subes utilizando los Servicios (as\u00ed como las versiones anteriores de tus archivos), incluyendo los gr\u00e1ficos de Face26 que creas, las listas de compartici\u00f3n y otros datos relacionados con tu cuenta con el fin de proporcionarte el servicio.<\/span><\/li>\n<li><span style=\"color: #000000;\"><strong>Informaci\u00f3n de uso.<\/strong>&nbsp;Recogemos informaci\u00f3n relacionada con la forma en que utilizas los Servicios, incluyendo las acciones que realizas al utilizar nuestros Servicios (como editar, ver y compartir Tus Cosas, cambiar los temas, activar la licencia de software y entrar y salir de tu cuenta). Utilizamos esta informaci\u00f3n para mejorar nuestros Servicios, desarrollar nuevos servicios y funciones, y protegerte a ti y a otros usuarios de Face26.<\/span><\/li>\n<li><span style=\"color: #000000;\"><strong>Informaci\u00f3n sobre el dispositivo.<\/strong>&nbsp;Tambi\u00e9n recogemos informaci\u00f3n de y sobre los dispositivos que utilizas para acceder a los Servicios. Esto incluye cosas como las direcciones IP, el idioma del sistema, el tipo de navegador y el dispositivo que utilizas, la versi\u00f3n de nuestro software, la p\u00e1gina web que visitaste antes de llegar a nuestros sitios y los identificadores asociados a tus dispositivos. Tus dispositivos (dependiendo de su configuraci\u00f3n) tambi\u00e9n pueden transmitir informaci\u00f3n de localizaci\u00f3n a los Servicios.<\/span><\/li>\n<li><span style=\"color: #000000;\"><strong>Archivos cargados y almacenados.<\/strong>&nbsp;Todas las im\u00e1genes o datos cargados son seguros y se tratar\u00e1n de forma confidencial, los datos se transferir\u00e1n con encriptaci\u00f3n SSL\/TLS y s\u00f3lo se utilizar\u00e1n para realizar el procesamiento de im\u00e1genes solicitado.<\/span><\/li>\n<\/ul>\n<p><span style=\"color: #000000;\"><\/span><\/p>\n<p><\/p>\n<p><span style=\"color: #000000;\"><\/span><\/p>\n<h2 class=\"wp-block-heading\"><span style=\"color: #000000;\">2. Tratar legalmente los datos personales<\/span><\/h2>\n<p><span style=\"color: #000000;\"><\/span><\/p>\n<p><\/p>\n<p><span style=\"color: #000000;\"><\/span><\/p>\n<p><span style=\"color: #000000;\">No compartiremos tus datos personales con otras partes, excepto en los casos que se indican a continuaci\u00f3n:<\/span><\/p>\n<p><span style=\"color: #000000;\"><\/span><\/p>\n<p><\/p>\n<p><span style=\"color: #000000;\"><\/span><\/p>\n<ul class=\"wp-block-list\">\n<li><span style=\"color: #000000;\"><strong>Informaci\u00f3n personal.<\/strong>&nbsp;Podemos compartir informaci\u00f3n personal con Proveedores de Servicios. Proporcionamos ciertos Servicios y Software a trav\u00e9s de Proveedores de Servicios. Podemos compartir tu informaci\u00f3n de identificaci\u00f3n personal con dichos Proveedores de Servicios para cumplir con los pedidos, entregar paquetes, enviar correo postal o electr\u00f3nico, administrar concursos o sorteos, gestionar listas de clientes, analizar datos, proporcionar asistencia de marketing, procesar tarjetas de cr\u00e9dito y otros pagos, operar el Sitio Web, solucionar problemas y proporcionar servicio al cliente. Tambi\u00e9n compartiremos tu informaci\u00f3n con los Proveedores de Servicios para llevar a cabo nuestras tareas administrativas.<\/span><\/li>\n<li><span style=\"color: #000000;\"><strong>Revelar datos personales.<\/strong>&nbsp;Podemos revelar los datos personales del usuario si Face26 tiene la obligaci\u00f3n de revelar o compartir dichos datos personales para cumplir con cualquier obligaci\u00f3n legal, o para proteger los derechos, la propiedad o la seguridad de su negocio, sus clientes u otros.<\/span><\/li>\n<li><span style=\"color: #000000;\"><strong>Transmitir informaci\u00f3n personal.<\/strong>&nbsp;Tambi\u00e9n podemos transmitir tu informaci\u00f3n personal con empresas que nos ayudan a llevar a cabo nuestro negocio procesando la informaci\u00f3n personal en nuestro nombre para los fines identificados anteriormente. Dichas empresas incluyen proveedores de servicios de procesamiento de pagos, proveedores de servicios de an\u00e1lisis de datos, proveedores de control y prevenci\u00f3n de fraudes, proveedores de servicios de env\u00edo de correo electr\u00f3nico, medios sociales y otras plataformas de marketing y proveedores de servicios.<\/span><\/li>\n<li><span style=\"color: #000000;\"><strong>Fuera de la Uni\u00f3n Europea.&nbsp;<\/strong>Los datos personales recogidos pueden ser transferidos por Face26 a destinatarios que se encuentran fuera de la Uni\u00f3n Europea y dichos destinos pueden no tener leyes que protejan los datos personales del Usuario en la misma medida que en la Uni\u00f3n Europea. Face26 garantiza que los datos personales del Usuario procesados por Face26 o por sus proveedores y socios que operan fuera de la Uni\u00f3n Europea son tratados de forma segura y est\u00e1n protegidos contra el acceso no autorizado, la p\u00e9rdida o la destrucci\u00f3n, el procesamiento ilegal y cualquier procesamiento que sea incompatible con los fines establecidos en esta pol\u00edtica de privacidad.<\/span><\/li>\n<li><span style=\"color: #000000;\"><strong>Herramientas de seguimiento de terceros.<\/strong>&nbsp;Podemos utilizar herramientas de seguimiento de terceros (como Adwords, Bing, Facebook, Google Analytics, para rastrear la informaci\u00f3n sobre c\u00f3mo los usuarios utilizan los productos y sitios web, dicha informaci\u00f3n se almacenar\u00e1 en servidores de terceros. Dichas herramientas de seguimiento de terceros pueden enviar el informe de an\u00e1lisis de datos para los fines antes mencionados de Face26.<\/span><\/li>\n<li><span style=\"color: #000000;\"><strong>Informaci\u00f3n de la tienda.<\/strong>&nbsp;Podemos almacenar la informaci\u00f3n recogida en los servidores alquilados a proveedores de servicios de servidores de terceros.<\/span><\/li>\n<\/ul>\n<p><span style=\"color: #000000;\"><\/span><\/p>\n<p><\/p>\n<p><span style=\"color: #000000;\"><\/span><\/p>\n<h2 class=\"wp-block-heading\"><span style=\"color: #000000;\">3. Almacenamiento y conservaci\u00f3n de datos<\/span><\/h2>\n<p><span style=\"color: #000000;\"><\/span><\/p>\n<p><\/p>\n<p><span style=\"color: #000000;\"><\/span><\/p>\n<ul class=\"wp-block-list\">\n<li><span style=\"color: #000000;\"><strong>Controles del usuario.<\/strong>&nbsp;Puedes acceder, modificar, descargar y eliminar tu informaci\u00f3n personal entrando en tu cuenta de Face26 y yendo a la p\u00e1gina de configuraci\u00f3n de tu cuenta.<\/span><\/li>\n<li><span style=\"color: #000000;\"><strong>Retenci\u00f3n.<\/strong>&nbsp;Cuando te registres en una cuenta con nosotros, conservaremos la informaci\u00f3n asociada a tu cuenta mientras \u00e9sta exista o mientras la necesitemos para proporcionarte los Servicios. Si eliminas tu cuenta, iniciaremos la eliminaci\u00f3n de esta informaci\u00f3n inmediatamente. Pero ten en cuenta que: (1) puede haber cierta latencia en la eliminaci\u00f3n de esta informaci\u00f3n de nuestros servidores y del almacenamiento de copias de seguridad; y (2) podemos conservar esta informaci\u00f3n si es necesario para cumplir con nuestras obligaciones legales, resolver disputas o hacer cumplir nuestros acuerdos. El resto de la informaci\u00f3n se conservar\u00e1 hasta que nos pidas que la eliminemos.<\/span><\/li>\n<\/ul>\n<p><span style=\"color: #000000;\"><\/span><\/p>\n<p><\/p>\n<p><span style=\"color: #000000;\"><\/span><\/p>\n<h2 class=\"wp-block-heading\"><span style=\"color: #000000;\">4. Seguridad<\/span><\/h2>\n<p><span style=\"color: #000000;\"><\/span><\/p>\n<p><\/p>\n<p><span style=\"color: #000000;\"><\/span><\/p>\n<p><span style=\"color: #000000;\">Nos comprometemos a proteger los datos personales que tenemos. De acuerdo con el GDPR, adoptamos medidas t\u00e9cnicas y organizativas apropiadas para ayudar a prevenir el acceso no autorizado a tu informaci\u00f3n y garantizar que los datos se mantienen de forma segura. Tambi\u00e9n exigimos a los terceros a los que podamos transferir datos personales que dispongan de las medidas de seguridad adecuadas. Pedimos a los terceros que completen los Cuestionarios de Seguridad de Datos para estar seguros de que son un lugar seguro para tus datos.<\/span><\/p>\n<p><span style=\"color: #000000;\"><\/span><\/p>\n<p><\/p>\n<p><span style=\"color: #000000;\"><\/span><\/p>\n<h2 class=\"wp-block-heading\"><span style=\"color: #000000;\">5. Tu derecho a controlar y acceder a tu informaci\u00f3n<\/span><\/h2>\n<p><span style=\"color: #000000;\"><\/span><\/p>\n<p><\/p>\n<p><span style=\"color: #000000;\"><\/span><\/p>\n<p><span style=\"color: #000000;\">Tienes control sobre tu informaci\u00f3n personal y sobre c\u00f3mo se recoge, utiliza y comparte. Por ejemplo, tienes derecho a:<\/span><\/p>\n<p><span style=\"color: #000000;\"><\/span><\/p>\n<p><\/p>\n<p><span style=\"color: #000000;\"><\/span><\/p>\n<p><span style=\"color: #000000;\"><strong>Accede y toma tus datos.<\/strong>&nbsp;Puedes descargar copias de tus cosas en nuestro sitio web. Tambi\u00e9n puedes pedirnos una copia de los datos personales que nos has proporcionado.<\/span><\/p>\n<p><span style=\"color: #000000;\"><\/span><\/p>\n<p><\/p>\n<p><span style=\"color: #000000;\"><\/span><\/p>\n<p><span style=\"color: #000000;\"><strong>Modificar o corregir los datos personales.<\/strong>&nbsp;Puedes gestionar tu cuenta y el contenido que contiene, as\u00ed como editar algunos de los detalles de tu perfil, a trav\u00e9s de la p\u00e1gina de configuraci\u00f3n de tu cuenta.<\/span><\/p>\n<p><span style=\"color: #000000;\"><\/span><\/p>\n<p><\/p>\n<p><span style=\"color: #000000;\"><\/span><\/p>\n<p><span style=\"color: #000000;\"><strong>Borra toda tu cuenta.<\/strong>&nbsp;Puedes eliminar tu cuenta de Face26, as\u00ed como cualquier informaci\u00f3n relacionada con ella de una vez por todas, a trav\u00e9s de la p\u00e1gina de configuraci\u00f3n de tu cuenta.<\/span><\/p>\n<p><span style=\"color: #000000;\"><\/span><\/p>\n<p><\/p>\n<p><span style=\"color: #000000;\"><\/span><\/p>\n<p><span style=\"color: #000000;\"><strong>Anular la suscripci\u00f3n a nuestros boletines.<\/strong>&nbsp;S\u00f3lo tienes que hacer clic en el enlace \"Cancelar la suscripci\u00f3n\" de cualquier correo electr\u00f3nico de marketing que hayas recibido para que tu direcci\u00f3n de correo electr\u00f3nico se elimine de nuestra lista de correo.<\/span><\/p>\n<p><span style=\"color: #000000;\"><\/span><\/p>\n<p><\/p>\n<p><span style=\"color: #000000;\"><\/span><\/p>\n<p><span style=\"color: #000000;\"><strong>Tu derecho a retirar el consentimiento.<\/strong>&nbsp;Siempre que nos hayas dado tu consentimiento para utilizar tus datos personales, tienes derecho a cambiar de opini\u00f3n en cualquier momento y a retirar ese consentimiento.<\/span><\/p>\n<p><span style=\"color: #000000;\"><\/span><\/p>\n<p><\/p>\n<p><span style=\"color: #000000;\"><\/span><\/p>\n<p><span style=\"color: #000000;\"><strong>Eliminaci\u00f3n del patrimonio en l\u00ednea.<\/strong>&nbsp;El Usuario tiene derecho a definir instrucciones generales o espec\u00edficas sobre el almacenamiento, la eliminaci\u00f3n y el uso de sus datos personales despu\u00e9s del fallecimiento.<\/span><\/p>\n<p><span style=\"color: #000000;\"><\/span><\/p>\n<p><\/p>\n<p><span style=\"color: #000000;\"><\/span><\/p>\n<p><span style=\"color: #000000;\">Si quieres ejercer alguno de estos derechos, ponte en contacto con nosotros como se indica a continuaci\u00f3n. Procesaremos dichas solicitudes de acuerdo con las leyes aplicables. Para proteger tu privacidad, tomaremos medidas para verificar tu identidad antes de satisfacer tu solicitud, por ejemplo, pidi\u00e9ndote que env\u00edes tu solicitud a trav\u00e9s de tu cuenta.<\/span><\/p>\n<p><span style=\"color: #000000;\"><\/span><\/p>\n<p><\/p>\n<p><span style=\"color: #000000;\"><\/span><\/p>\n<h2 class=\"wp-block-heading\"><span style=\"color: #000000;\">6. Ap\u00e9ndice: Solicitud de permiso y escenarios de aplicaci\u00f3n<\/span><\/h2>\n<p><span style=\"color: #000000;\"><\/span><\/p>\n<p><\/p>\n<p><span style=\"color: #000000;\"><\/span><\/p>\n<figure class=\"wp-block-table\">\n<table>\n<tbody>\n<tr>\n<td><span style=\"color: #000000;\">Permisos de la aplicaci\u00f3n<\/span><\/td>\n<td><span style=\"color: #000000;\">Permisos e informaci\u00f3n necesaria<\/span><\/td>\n<td><span style=\"color: #000000;\">Finalidad del uso del permiso<\/span><\/td>\n<\/tr>\n<tr>\n<td><span style=\"color: #000000;\">Permiso de acceso a la red (Android)<\/span><\/td>\n<td><span style=\"color: #000000;\">Accede a la informaci\u00f3n de la red<\/span><\/td>\n<td><span style=\"color: #000000;\">Solicitar servicio de fondo<\/span><\/td>\n<\/tr>\n<tr>\n<td><span style=\"color: #000000;\">Estado del tel\u00e9fono<\/span><\/td>\n<td><span style=\"color: #000000;\">Leer el estado del tel\u00e9fono<\/span><\/td>\n<td><span style=\"color: #000000;\">Lee el estado del tel\u00e9fono, la informaci\u00f3n IMEI e IMSI del dispositivo para identificar a los usuarios, evitar los sitios web de phishing y los virus troyanos, y realizar estad\u00edsticas de los datos de los usuarios (instalaciones, usuarios activos)<\/span><\/td>\n<\/tr>\n<tr>\n<td><span style=\"color: #000000;\">Permisos de almacenamiento (lectura y escritura)<\/span><\/td>\n<td><span style=\"color: #000000;\">Lee y escribe en el almacenamiento externo<\/span><\/td>\n<td><span style=\"color: #000000;\">Lee im\u00e1genes locales, v\u00eddeos y otros archivos multimedia para ayudar a los usuarios a subir archivos<\/span><\/td>\n<\/tr>\n<tr>\n<td><span style=\"color: #000000;\">Permiso de la c\u00e1mara<\/span><\/td>\n<td><span style=\"color: #000000;\">Permitir el uso de la c\u00e1mara<\/span><\/td>\n<td><span style=\"color: #000000;\">Se utiliza para hacer fotos,<\/span><\/td>\n<\/tr>\n<\/tbody>\n<\/table>\n<\/figure>\n<p><span style=\"color: #000000;\"><\/span><\/p>\n<p><\/p>\n<p><span style=\"color: #000000;\"><\/span><\/p>\n<h2 class=\"wp-block-heading\"><span style=\"color: #000000;\">7. Informaci\u00f3n para ni\u00f1os<\/span><\/h2>\n<p><span style=\"color: #000000;\"><\/span><\/p>\n<p><\/p>\n<p><span style=\"color: #000000;\"><\/span><\/p>\n<p><span style=\"color: #000000;\">Los Servicios no est\u00e1n dirigidos a ni\u00f1os menores de 13 a\u00f1os (o de otra edad seg\u00fan lo exija la legislaci\u00f3n local), y no recopilamos a sabiendas informaci\u00f3n personal de ni\u00f1os. Si te enteras de que tu hijo nos ha proporcionado informaci\u00f3n personal sin tu consentimiento, puedes ponerte en contacto con nosotros como se indica a continuaci\u00f3n. Si nos enteramos de que hemos recabado informaci\u00f3n personal de un ni\u00f1o infringiendo la legislaci\u00f3n aplicable, tomaremos inmediatamente las medidas necesarias para eliminar dicha informaci\u00f3n y cancelar la cuenta del ni\u00f1o.<\/span><\/p>\n<p><span style=\"color: #000000;\"><\/span><\/p>\n<p><\/p>\n<p><span style=\"color: #000000;\"><\/span><\/p>\n<h2 class=\"wp-block-heading\"><span style=\"color: #000000;\">8. Cambios en la pol\u00edtica<\/span><\/h2>\n<p><span style=\"color: #000000;\"><\/span><\/p>\n<p><\/p>\n<p><span style=\"color: #000000;\"><\/span><\/p>\n<p><span style=\"color: #000000;\">Face26m puede cambiar esta Pol\u00edtica de vez en cuando a medida que las leyes, los reglamentos, las normas de la industria y\/o nuestro negocio evolucionen. Publicaremos los cambios en esta p\u00e1gina y te animamos a que revises nuestra Pol\u00edtica peri\u00f3dicamente para mantenerte informado. Si realizamos cambios que alteren materialmente tus derechos de privacidad, Face26 te proporcionar\u00e1 un aviso adicional, por ejemplo, por correo electr\u00f3nico o a trav\u00e9s de los Servicios.<\/span><\/p>\n<p><span style=\"color: #000000;\"><\/span><\/p>\n<p><\/p>\n<p><span style=\"color: #000000;\"><\/span><\/p>\n<p><span style=\"color: #000000;\">Si no est\u00e1s de acuerdo con los cambios de esta Pol\u00edtica, debes desactivar tu Cuenta de Servicios. Ponte en contacto con el administrador de tu Cuenta en info@face26.com si deseas solicitar la eliminaci\u00f3n de tus datos personales bajo su control.<\/span><\/p>\n<p><span style=\"color: #000000;\"><\/span><\/p>\n<p><\/p>\n<p><span style=\"color: #000000;\"><\/span><\/p>\n<h2 class=\"wp-block-heading\"><span style=\"color: #000000;\">9. Descargo de responsabilidad<\/span><\/h2>\n<p><span style=\"color: #000000;\"><\/span><\/p>\n<p><\/p>\n<p><span style=\"color: #000000;\"><\/span><\/p>\n<p><span style=\"color: #000000;\">Face26no asume ninguna responsabilidad por las interrupciones del servicio de red u otros defectos causados por fuerza mayor (seg\u00fan el caso controlado, incluyendo, pero sin limitarse a actos de Dios, inundaciones, guerra, terrorismo, fuego, disturbios, rebeli\u00f3n, conmoci\u00f3n civil, huelga, cierre patronal, otras acciones industriales, fallo general de la electricidad u otro suministro, fallo t\u00e9cnico, aver\u00eda accidental o mec\u00e1nica o el\u00e9ctrica, fallo inform\u00e1tico o fallo de cualquier sistema de transmisi\u00f3n de dinero, embargo, conflicto laboral y cambios en cualquier ley, ordenanza o reglamento existente o futuro, o cualquier acto de actividad gubernamental existente o futuro o similar.) o razones ajenas a Face26, pero har\u00e1 todo lo posible para reducir las p\u00e9rdidas e impactos causados a los usuarios y garantizar su estabilidad y seguridad.<\/span><\/p>\n<p><span style=\"color: #000000;\"><\/span><\/p>\n<p><\/p>\n<p><span style=\"color: #000000;\"><\/span><\/p>\n<h2 class=\"wp-block-heading\"><span style=\"color: #000000;\">10. Contacta con nosotros<\/span><\/h2>\n<p><span style=\"color: #000000;\"><\/span><\/p>\n<p><\/p>\n<p><span style=\"color: #000000;\"><\/span><\/p>\n<p><span style=\"color: #000000;\">Si tienes alguna pregunta sobre esta Pol\u00edtica de Privacidad o sobre nuestras pr\u00e1cticas de privacidad, o si deseas presentar una solicitud para ejercer tus derechos seg\u00fan se detalla en esta Pol\u00edtica de Privacidad, por favor&nbsp;<a style=\"color: #000000;\" href=\"https:\/\/picwish.com\/contact-us\" target=\"_blank\" rel=\"noopener\">contacta con<\/a>&nbsp;nuestro Responsable de Protecci\u00f3n de Datos. Si no pueden responder a tu pregunta, tienes derecho a ponerte en contacto con la autoridad local de supervisi\u00f3n de la protecci\u00f3n de datos.<\/span><\/p>\n<p><span style=\"color: #000000;\"><\/span><\/p>\t\t\t\t\t\t\t\t<\/div>\n\t\t\t\t<\/div>\n\t\t\t\t\t<\/div>\n\t\t\t\t<\/div>\n\t\t\t\t<\/div>","protected":false},"excerpt":{"rendered":"<p>Privacy Policy Effective Date:&nbsp;July 23, 2022 Face26 fully respects your privacy. This policy covers the processing of personal data by Face26, which is committed to protecting the privacy of your personal information whilst striving to provide the very best user experience. We want our websites to be safe and enjoyable for everyone. 1. What data [&hellip;]<\/p>\n","protected":false},"author":1,"featured_media":0,"parent":0,"menu_order":12,"comment_status":"closed","ping_status":"open","template":"","meta":{"footnotes":""},"class_list":["post-3","page","type-page","status-publish","hentry"],"_links":{"self":[{"href":"https:\/\/face26.com\/es\/wp-json\/wp\/v2\/pages\/3","targetHints":{"allow":["GET"]}}],"collection":[{"href":"https:\/\/face26.com\/es\/wp-json\/wp\/v2\/pages"}],"about":[{"href":"https:\/\/face26.com\/es\/wp-json\/wp\/v2\/types\/page"}],"author":[{"embeddable":true,"href":"https:\/\/face26.com\/es\/wp-json\/wp\/v2\/users\/1"}],"replies":[{"embeddable":true,"href":"https:\/\/face26.com\/es\/wp-json\/wp\/v2\/comments?post=3"}],"version-history":[{"count":3,"href":"https:\/\/face26.com\/es\/wp-json\/wp\/v2\/pages\/3\/revisions"}],"predecessor-version":[{"id":14577,"href":"https:\/\/face26.com\/es\/wp-json\/wp\/v2\/pages\/3\/revisions\/14577"}],"wp:attachment":[{"href":"https:\/\/face26.com\/es\/wp-json\/wp\/v2\/media?parent=3"}],"curies":[{"name":"wp","href":"https:\/\/api.w.org\/{rel}","templated":true}]}}