{"id":3,"date":"2022-01-20T19:46:57","date_gmt":"2022-01-20T19:46:57","guid":{"rendered":"http:\/\/box2097\/cgi\/addon_GT.cgi?s=GT::WP::Install::EIG+%28facetwp8%29+-+10.24.48.85+%5BWordpress%3b+\/var\/hp\/common\/lib\/Wordpress.pm%3b+543%3b+Hosting::gap_call%5D\/?page_id=3"},"modified":"2025-02-05T08:25:26","modified_gmt":"2025-02-05T08:25:26","slug":"datenschutzbestimmungen","status":"publish","type":"page","link":"https:\/\/face26.com\/de\/privacy-policy\/","title":{"rendered":"Datenschutzrichtlinie"},"content":{"rendered":"<div data-elementor-type=\"wp-page\" data-elementor-id=\"3\" class=\"elementor elementor-3\" data-elementor-post-type=\"page\">\n\t\t\t\t<div class=\"elementor-element elementor-element-5b2f182 e-flex e-con-boxed e-con e-parent\" data-id=\"5b2f182\" data-element_type=\"container\" data-e-type=\"container\">\n\t\t\t\t\t<div class=\"e-con-inner\">\n\t\t<div class=\"elementor-element elementor-element-0daef39 e-con-full e-flex e-con e-child\" data-id=\"0daef39\" data-element_type=\"container\" data-e-type=\"container\">\n\t\t\t\t<div class=\"elementor-element elementor-element-a6e841e elementor-widget elementor-widget-text-editor\" data-id=\"a6e841e\" data-element_type=\"widget\" data-e-type=\"widget\" data-widget_type=\"text-editor.default\">\n\t\t\t\t\t\t\t\t\t<p><span style=\"color: #000000;\"><\/span><\/p>\n<h1 class=\"wp-block-heading\"><span style=\"color: #000000;\">Datenschutzrichtlinie<\/span><\/h1>\n<p><span style=\"color: #000000;\"><\/span><\/p>\n<p><span style=\"color: #000000;\"><strong>Datum des Inkrafttretens: Juli 23, 2022<\/strong><\/span><\/p>\n<p><span style=\"color: #000000;\"><\/span><\/p>\n<p><span style=\"color: #000000;\">Face26 respektiert deine Privatsph\u00e4re voll und ganz. Diese Richtlinie deckt die Verarbeitung personenbezogener Daten durch Face26 ab. Face26 verpflichtet sich, die Privatsph\u00e4re deiner pers\u00f6nlichen Daten zu sch\u00fctzen und gleichzeitig die bestm\u00f6gliche Nutzererfahrung zu bieten. Wir m\u00f6chten, dass unsere Websites f\u00fcr alle sicher sind und Spa\u00df machen.<\/span><\/p>\n<p><span style=\"color: #000000;\"><\/span><\/p>\n<h2 class=\"wp-block-heading\"><span style=\"color: #000000;\">1. Welche Daten sammeln wir und wie verwenden wir sie?<\/span><\/h2>\n<p><span style=\"color: #000000;\"><\/span><\/p>\n<ul class=\"wp-block-list\">\n<li><span style=\"color: #000000;\"><strong>Kontoinformationen.<\/strong>&nbsp;Wenn du an unseren Diensten, Aktivit\u00e4ten oder Online-Inhalten wie Abonnements, Newslettern, Umfragen, Wettbewerben oder Veranstaltungen teilnimmst, darauf zugreifst, sie kaufst oder dich daf\u00fcr anmeldest, erhalten wir personenbezogene Daten \u00fcber dich, die wir verwenden, um diese Dienste anbieten zu k\u00f6nnen. Dabei kann es sich um Daten wie deinen Namen, deine E-Mail-Adresse, deine Postanschrift und deine Telefonnummer handeln. Du kannst ausw\u00e4hlen, wie wir deine Daten f\u00fcr Marketingzwecke verwenden, und du kannst deine Marketingpr\u00e4ferenzen jederzeit aktualisieren. Face26 speichert, verarbeitet und pflegt Dateien, die du mit den Diensten erstellst und\/oder hochl\u00e4dst (sowie fr\u00fchere Versionen deiner Dateien), einschlie\u00dflich der von dir erstellten Face26-Diagramme, Freigabelisten und anderer Daten im Zusammenhang mit deinem Konto, um dir den Dienst zur Verf\u00fcgung stellen zu k\u00f6nnen.<\/span><\/li>\n<li><span style=\"color: #000000;\"><strong>Informationen zur Verwendung.<\/strong>&nbsp;Wir sammeln Informationen dar\u00fcber, wie du die Dienste nutzt, einschlie\u00dflich der Aktionen, die du bei der Nutzung unserer Dienste durchf\u00fchrst (z. B. Bearbeiten, Anzeigen und Teilen deiner Sachen, \u00c4ndern von Themen, Aktivieren von Softwarelizenzen und An- und Abmelden bei deinem Konto). Wir nutzen diese Informationen, um unsere Dienste zu verbessern, neue Dienste und Funktionen zu entwickeln und dich sowie andere Face26-Nutzer zu sch\u00fctzen.<\/span><\/li>\n<li><span style=\"color: #000000;\"><strong>Ger\u00e4teinformationen.<\/strong>&nbsp;Wir sammeln auch Informationen von und \u00fcber die Ger\u00e4te, die du f\u00fcr den Zugriff auf die Dienste verwendest. Dazu geh\u00f6ren Dinge wie IP-Adressen, die Systemsprache, die Art des Browsers und des Ger\u00e4ts, das du verwendest, die Version unserer Software, die Webseite, die du besucht hast, bevor du auf unsere Seiten gekommen bist, und Kennungen, die mit deinen Ger\u00e4ten verbunden sind. Deine Ger\u00e4te k\u00f6nnen (je nach ihren Einstellungen) auch Standortinformationen an die Dienste \u00fcbermitteln.<\/span><\/li>\n<li><span style=\"color: #000000;\"><strong>Hochgeladene und gespeicherte Dateien.<\/strong>&nbsp;Alle hochgeladenen Bilder oder Daten sind sicher und werden vertraulich behandelt. Die Daten werden mit SSL\/TLS verschl\u00fcsselt \u00fcbertragen und nur f\u00fcr die angeforderte Bildbearbeitung verwendet.<\/span><\/li>\n<\/ul>\n<p><span style=\"color: #000000;\"><\/span><\/p>\n<p><\/p>\n<p><span style=\"color: #000000;\"><\/span><\/p>\n<h2 class=\"wp-block-heading\"><span style=\"color: #000000;\">2. Personenbezogene Daten rechtm\u00e4\u00dfig verarbeiten<\/span><\/h2>\n<p><span style=\"color: #000000;\"><\/span><\/p>\n<p><\/p>\n<p><span style=\"color: #000000;\"><\/span><\/p>\n<p><span style=\"color: #000000;\">Wir geben deine pers\u00f6nlichen Daten nicht an andere Parteien weiter, au\u00dfer wie unten beschrieben:<\/span><\/p>\n<p><span style=\"color: #000000;\"><\/span><\/p>\n<p><\/p>\n<p><span style=\"color: #000000;\"><\/span><\/p>\n<ul class=\"wp-block-list\">\n<li><span style=\"color: #000000;\"><strong>Pers\u00f6nliche Informationen.<\/strong>&nbsp;Wir k\u00f6nnen personenbezogene Daten mit Dienstanbietern teilen. Wir stellen bestimmte Dienste und Software \u00fcber Dienstanbieter bereit. Wir k\u00f6nnen deine pers\u00f6nlichen Daten an diese Dienstleister weitergeben, um Bestellungen auszuf\u00fchren, Pakete zu liefern, Post oder E-Mails zu versenden, Wettbewerbe oder Gewinnspiele zu verwalten, Kundenlisten zu f\u00fchren, Daten zu analysieren, Marketingunterst\u00fctzung zu leisten, Kreditkarten- und andere Zahlungen zu bearbeiten, die Website zu betreiben, Fehler zu beheben und Kundendienst zu leisten. Wir geben deine Daten auch an Dienstleister weiter, um unsere Verwaltungsaufgaben zu erf\u00fcllen.<\/span><\/li>\n<li><span style=\"color: #000000;\"><strong>Pers\u00f6nliche Daten offenlegen.<\/strong>&nbsp;Wir k\u00f6nnen die personenbezogenen Daten des Nutzers\/der Nutzerin offenlegen, wenn Face26 verpflichtet ist, diese personenbezogenen Daten offenzulegen oder weiterzugeben, um einer gesetzlichen Verpflichtung nachzukommen oder um die Rechte, das Eigentum oder die Sicherheit des Unternehmens, seiner Kunden oder anderer zu sch\u00fctzen.<\/span><\/li>\n<li><span style=\"color: #000000;\"><strong>\u00dcbermittle pers\u00f6nliche Informationen.<\/strong>&nbsp;Wir k\u00f6nnen deine personenbezogenen Daten auch an Unternehmen weitergeben, die uns dabei helfen, unser Gesch\u00e4ft zu betreiben, indem sie personenbezogene Daten in unserem Namen zu den oben genannten Zwecken verarbeiten. Zu diesen Unternehmen geh\u00f6ren Anbieter von Zahlungsabwicklungsdiensten, Anbieter von Datenanalysediensten, Anbieter von Betrugs\u00fcberwachung und -pr\u00e4vention, Anbieter von E-Mail-Zustelldiensten, soziale Medien und andere Marketingplattformen und Dienstleister.<\/span><\/li>\n<li><span style=\"color: #000000;\"><strong>Au\u00dferhalb der Europ\u00e4ischen Union.&nbsp;<\/strong>Die gesammelten personenbezogenen Daten k\u00f6nnen von Face26 an Empf\u00e4nger au\u00dferhalb der Europ\u00e4ischen Union \u00fcbermittelt werden, und diese Empf\u00e4nger verf\u00fcgen m\u00f6glicherweise nicht \u00fcber Gesetze, die die personenbezogenen Daten des Nutzers in gleichem Ma\u00dfe sch\u00fctzen wie in der Europ\u00e4ischen Union. Face26 stellt sicher, dass die personenbezogenen Daten des Nutzers, die von Face26 oder seinen Lieferanten und Partnern au\u00dferhalb der Europ\u00e4ischen Union verarbeitet werden, sicher behandelt werden und vor unbefugtem Zugriff, Verlust oder Zerst\u00f6rung, unrechtm\u00e4\u00dfiger Verarbeitung und jeglicher Verarbeitung, die nicht mit den in dieser Datenschutzerkl\u00e4rung dargelegten Zwecken vereinbar ist, gesch\u00fctzt werden.<\/span><\/li>\n<li><span style=\"color: #000000;\"><strong>Tracking-Tools von Drittanbietern.<\/strong>&nbsp;Wir k\u00f6nnen Tracking-Tools von Drittanbietern (wie z.B. Adwords, Bing, Facebook, Google Analytics) verwenden, um Informationen dar\u00fcber zu erhalten, wie Nutzer die Produkte und Websites nutzen; diese Informationen werden auf Servern von Drittanbietern gespeichert. Diese Tracking-Tools von Drittanbietern k\u00f6nnen den Datenanalysebericht f\u00fcr den oben genannten Zweck von Face26 senden.<\/span><\/li>\n<li><span style=\"color: #000000;\"><strong>Informationen zum Laden.<\/strong>&nbsp;Wir k\u00f6nnen die gesammelten Informationen auf Servern speichern, die wir von Drittanbietern gemietet haben.<\/span><\/li>\n<\/ul>\n<p><span style=\"color: #000000;\"><\/span><\/p>\n<p><\/p>\n<p><span style=\"color: #000000;\"><\/span><\/p>\n<h2 class=\"wp-block-heading\"><span style=\"color: #000000;\">3. Speicherung und Aufbewahrung von Daten<\/span><\/h2>\n<p><span style=\"color: #000000;\"><\/span><\/p>\n<p><\/p>\n<p><span style=\"color: #000000;\"><\/span><\/p>\n<ul class=\"wp-block-list\">\n<li><span style=\"color: #000000;\"><strong>Benutzerkontrollen.<\/strong>&nbsp;Du kannst auf deine pers\u00f6nlichen Daten zugreifen, sie \u00e4ndern, herunterladen und l\u00f6schen, indem du dich bei deinem Face26-Konto anmeldest und die Seite mit den Kontoeinstellungen aufrufst.<\/span><\/li>\n<li><span style=\"color: #000000;\"><strong>Behalten.<\/strong>&nbsp;Wenn du dich bei uns f\u00fcr ein Konto anmeldest, speichern wir die mit deinem Konto verbundenen Informationen so lange, wie dein Konto besteht oder wir sie ben\u00f6tigen, um dir die Dienste bereitzustellen. Wenn du dein Konto l\u00f6schst, werden wir die L\u00f6schung dieser Daten sofort veranlassen. Aber bitte beachte: (1) es kann eine gewisse Verz\u00f6gerung bei der L\u00f6schung dieser Daten von unseren Servern und Backups geben; und (2) wir k\u00f6nnen diese Daten aufbewahren, wenn dies notwendig ist, um unseren rechtlichen Verpflichtungen nachzukommen, Streitigkeiten zu schlichten oder unsere Vereinbarungen durchzusetzen. Andere Informationen werden aufbewahrt, bis du uns aufforderst, sie zu l\u00f6schen.<\/span><\/li>\n<\/ul>\n<p><span style=\"color: #000000;\"><\/span><\/p>\n<p><\/p>\n<p><span style=\"color: #000000;\"><\/span><\/p>\n<h2 class=\"wp-block-heading\"><span style=\"color: #000000;\">4. Sicherheit<\/span><\/h2>\n<p><span style=\"color: #000000;\"><\/span><\/p>\n<p><\/p>\n<p><span style=\"color: #000000;\"><\/span><\/p>\n<p><span style=\"color: #000000;\">Wir verpflichten uns, die von uns gespeicherten personenbezogenen Daten zu sch\u00fctzen. In \u00dcbereinstimmung mit der GDPR ergreifen wir geeignete technische und organisatorische Ma\u00dfnahmen, um den unbefugten Zugriff auf deine Daten zu verhindern und die Sicherheit der Daten zu gew\u00e4hrleisten. Wir verlangen auch von allen Dritten, an die wir personenbezogene Daten weitergeben, dass sie \u00fcber angemessene Sicherheitsma\u00dfnahmen verf\u00fcgen. Wir bitten Dritte, Frageb\u00f6gen zur Datensicherheit auszuf\u00fcllen, damit wir sicher sein k\u00f6nnen, dass sie deine Daten sicher aufbewahren.<\/span><\/p>\n<p><span style=\"color: #000000;\"><\/span><\/p>\n<p><\/p>\n<p><span style=\"color: #000000;\"><\/span><\/p>\n<h2 class=\"wp-block-heading\"><span style=\"color: #000000;\">5. Dein Recht auf Kontrolle und Zugang zu deinen Informationen<\/span><\/h2>\n<p><span style=\"color: #000000;\"><\/span><\/p>\n<p><\/p>\n<p><span style=\"color: #000000;\"><\/span><\/p>\n<p><span style=\"color: #000000;\">Du hast die Kontrolle \u00fcber deine pers\u00f6nlichen Daten und dar\u00fcber, wie sie gesammelt, verwendet und weitergegeben werden. Du hast zum Beispiel das Recht auf:<\/span><\/p>\n<p><span style=\"color: #000000;\"><\/span><\/p>\n<p><\/p>\n<p><span style=\"color: #000000;\"><\/span><\/p>\n<p><span style=\"color: #000000;\"><strong>Greife auf deine Daten zu und nimm sie mit.<\/strong>&nbsp;Du kannst Kopien von Your Stuff von unserer Website herunterladen. Du kannst uns auch um eine Kopie der pers\u00f6nlichen Daten bitten, die du uns zur Verf\u00fcgung gestellt hast.<\/span><\/p>\n<p><span style=\"color: #000000;\"><\/span><\/p>\n<p><\/p>\n<p><span style=\"color: #000000;\"><\/span><\/p>\n<p><span style=\"color: #000000;\"><strong>Pers\u00f6nliche Daten \u00e4ndern oder korrigieren.<\/strong>&nbsp;Du kannst dein Konto und die darin enthaltenen Inhalte verwalten und einige deiner Profildaten auf der Seite mit den Kontoeinstellungen bearbeiten.<\/span><\/p>\n<p><span style=\"color: #000000;\"><\/span><\/p>\n<p><\/p>\n<p><span style=\"color: #000000;\"><\/span><\/p>\n<p><span style=\"color: #000000;\"><strong>L\u00f6sche dein gesamtes Konto.<\/strong>&nbsp;Du kannst dein Face26-Konto sowie alle damit verbundenen Informationen ein f\u00fcr alle Mal \u00fcber deine Kontoeinstellungen l\u00f6schen.<\/span><\/p>\n<p><span style=\"color: #000000;\"><\/span><\/p>\n<p><\/p>\n<p><span style=\"color: #000000;\"><\/span><\/p>\n<p><span style=\"color: #000000;\"><strong>Melde dich von unseren Newslettern ab.<\/strong>&nbsp;Klicke einfach auf den Link \"Abmelden\" in jeder Marketing-E-Mail, die du erhalten hast, um deine E-Mail-Adresse aus unserer Mailingliste zu l\u00f6schen.<\/span><\/p>\n<p><span style=\"color: #000000;\"><\/span><\/p>\n<p><\/p>\n<p><span style=\"color: #000000;\"><\/span><\/p>\n<p><span style=\"color: #000000;\"><strong>Dein Recht, deine Zustimmung zu widerrufen.<\/strong>&nbsp;Wenn du uns deine Zustimmung zur Verwendung deiner personenbezogenen Daten gegeben hast, hast du das Recht, deine Meinung jederzeit zu \u00e4ndern und diese Zustimmung zu widerrufen.<\/span><\/p>\n<p><span style=\"color: #000000;\"><\/span><\/p>\n<p><\/p>\n<p><span style=\"color: #000000;\"><\/span><\/p>\n<p><span style=\"color: #000000;\"><strong>Entsorgung des Online-Erbes.<\/strong>&nbsp;Der\/die Nutzer\/in hat das Recht, allgemeine oder spezifische Anweisungen zur Speicherung, L\u00f6schung und Verwendung seiner\/ihrer personenbezogenen Daten nach dem Tod zu definieren.<\/span><\/p>\n<p><span style=\"color: #000000;\"><\/span><\/p>\n<p><\/p>\n<p><span style=\"color: #000000;\"><\/span><\/p>\n<p><span style=\"color: #000000;\">Wenn du eines dieser Rechte aus\u00fcben m\u00f6chtest, kontaktiere uns bitte wie unten beschrieben. Wir werden solche Anfragen in \u00dcbereinstimmung mit den geltenden Gesetzen bearbeiten. Um deine Privatsph\u00e4re zu sch\u00fctzen, werden wir Ma\u00dfnahmen ergreifen, um deine Identit\u00e4t zu \u00fcberpr\u00fcfen, bevor wir deine Anfrage erf\u00fcllen, z. B. indem wir dich auffordern, deine Anfrage \u00fcber dein Konto zu \u00fcbermitteln.<\/span><\/p>\n<p><span style=\"color: #000000;\"><\/span><\/p>\n<p><\/p>\n<p><span style=\"color: #000000;\"><\/span><\/p>\n<h2 class=\"wp-block-heading\"><span style=\"color: #000000;\">6. Anhang: Genehmigungsantrag und Anwendungsszenarien<\/span><\/h2>\n<p><span style=\"color: #000000;\"><\/span><\/p>\n<p><\/p>\n<p><span style=\"color: #000000;\"><\/span><\/p>\n<figure class=\"wp-block-table\">\n<table>\n<tbody>\n<tr>\n<td><span style=\"color: #000000;\">App-Berechtigungen<\/span><\/td>\n<td><span style=\"color: #000000;\">Erlaubnisse und erforderliche Informationen<\/span><\/td>\n<td><span style=\"color: #000000;\">Zweck der Nutzung der Erlaubnis<\/span><\/td>\n<\/tr>\n<tr>\n<td><span style=\"color: #000000;\">Netzwerkzugriffsberechtigung (Android)<\/span><\/td>\n<td><span style=\"color: #000000;\">Zugang zu Netzwerkinformationen<\/span><\/td>\n<td><span style=\"color: #000000;\">Hintergrunddienst anfordern<\/span><\/td>\n<\/tr>\n<tr>\n<td><span style=\"color: #000000;\">Telefon Staat<\/span><\/td>\n<td><span style=\"color: #000000;\">Telefonstatus lesen<\/span><\/td>\n<td><span style=\"color: #000000;\">Telefonstatus, IMEI- und IMSI-Informationen des Ger\u00e4ts auslesen, um Nutzer zu identifizieren, Phishing-Websites und Trojaner zu verhindern und Nutzerdatenstatistiken zu erstellen (Installationen, aktive Nutzer)<\/span><\/td>\n<\/tr>\n<tr>\n<td><span style=\"color: #000000;\">Speicherberechtigungen (Lesen und Schreiben)<\/span><\/td>\n<td><span style=\"color: #000000;\">Externen Speicher lesen und beschreiben<\/span><\/td>\n<td><span style=\"color: #000000;\">Lokale Bilder, Videos und andere Mediendateien einlesen, um Nutzern beim Hochladen von Dateien zu helfen<\/span><\/td>\n<\/tr>\n<tr>\n<td><span style=\"color: #000000;\">Kameraerlaubnis<\/span><\/td>\n<td><span style=\"color: #000000;\">Erlaube die Verwendung der Kamera<\/span><\/td>\n<td><span style=\"color: #000000;\">Wird zum Fotografieren verwendet,<\/span><\/td>\n<\/tr>\n<\/tbody>\n<\/table>\n<\/figure>\n<p><span style=\"color: #000000;\"><\/span><\/p>\n<p><\/p>\n<p><span style=\"color: #000000;\"><\/span><\/p>\n<h2 class=\"wp-block-heading\"><span style=\"color: #000000;\">7. Informationen f\u00fcr Kinder<\/span><\/h2>\n<p><span style=\"color: #000000;\"><\/span><\/p>\n<p><\/p>\n<p><span style=\"color: #000000;\"><\/span><\/p>\n<p><span style=\"color: #000000;\">Die Dienste richten sich nicht an Kinder unter 13 Jahren (oder einem anderen Alter, das nach den \u00f6rtlichen Gesetzen vorgeschrieben ist), und wir sammeln nicht wissentlich pers\u00f6nliche Daten von Kindern. Wenn du erf\u00e4hrst, dass dein Kind uns ohne deine Zustimmung personenbezogene Daten zur Verf\u00fcgung gestellt hat, kannst du uns wie unten beschrieben kontaktieren. Wenn wir erfahren, dass wir personenbezogene Daten eines Kindes unter Versto\u00df gegen geltendes Recht gesammelt haben, werden wir umgehend Ma\u00dfnahmen ergreifen, um diese Daten zu l\u00f6schen und das Konto des Kindes zu k\u00fcndigen.<\/span><\/p>\n<p><span style=\"color: #000000;\"><\/span><\/p>\n<p><\/p>\n<p><span style=\"color: #000000;\"><\/span><\/p>\n<h2 class=\"wp-block-heading\"><span style=\"color: #000000;\">8. \u00c4nderungen der Politik<\/span><\/h2>\n<p><span style=\"color: #000000;\"><\/span><\/p>\n<p><\/p>\n<p><span style=\"color: #000000;\"><\/span><\/p>\n<p><span style=\"color: #000000;\">Face26 kann diese Richtlinie von Zeit zu Zeit \u00e4ndern, wenn Gesetze, Vorschriften, Branchenstandards und\/oder unser Gesch\u00e4ft sich weiterentwickeln. Wir werden die \u00c4nderungen auf dieser Seite ver\u00f6ffentlichen und empfehlen dir, unsere Richtlinie regelm\u00e4\u00dfig zu lesen, um auf dem Laufenden zu bleiben. Wenn wir \u00c4nderungen vornehmen, die deine Datenschutzrechte wesentlich ver\u00e4ndern, wird Face26 dich zus\u00e4tzlich informieren, z. B. per E-Mail oder \u00fcber die Dienste.<\/span><\/p>\n<p><span style=\"color: #000000;\"><\/span><\/p>\n<p><\/p>\n<p><span style=\"color: #000000;\"><\/span><\/p>\n<p><span style=\"color: #000000;\">Wenn du mit den \u00c4nderungen an dieser Richtlinie nicht einverstanden bist, solltest du dein Dienstkonto deaktivieren. Wenden Sie sich an Ihren Kontoverwalter unter info@face26.com, wenn Sie die L\u00f6schung Ihrer personenbezogenen Daten unter seiner Kontrolle beantragen m\u00f6chten.<\/span><\/p>\n<p><span style=\"color: #000000;\"><\/span><\/p>\n<p><\/p>\n<p><span style=\"color: #000000;\"><\/span><\/p>\n<h2 class=\"wp-block-heading\"><span style=\"color: #000000;\">9. Haftungsausschluss<\/span><\/h2>\n<p><span style=\"color: #000000;\"><\/span><\/p>\n<p><\/p>\n<p><span style=\"color: #000000;\"><\/span><\/p>\n<p><span style=\"color: #000000;\">Face26 \u00fcbernimmt keine Verantwortung f\u00fcr Unterbrechungen des Netzdienstes oder andere Defekte, die durch h\u00f6here Gewalt verursacht werden, einschlie\u00dflich, aber nicht beschr\u00e4nkt auf h\u00f6here Gewalt, \u00dcberschwemmung, Krieg, Terrorismus, Feuer, Aufruhr, Rebellion, zivile Unruhen, Streik, Aussperrung oder andere Arbeitskampfma\u00dfnahmen, der allgemeine Ausfall der Strom- oder sonstigen Versorgung, technisches Versagen, zuf\u00e4llige oder mechanische oder elektrische Pannen, Computerausf\u00e4lle oder Ausf\u00e4lle von Geld\u00fcbertragungssystemen, Embargo, Arbeitskampf und \u00c4nderungen bestehender oder zuk\u00fcnftiger Gesetze, Verordnungen, Vorschriften oder bestehender oder zuk\u00fcnftiger staatlicher Ma\u00dfnahmen o. \u00e4.) oder Gr\u00fcnde, die au\u00dferhalb der Kontrolle von Face26 liegen, aber es wird sein Bestes tun, um die Verluste und Auswirkungen f\u00fcr die Nutzer\/innen zu reduzieren und die Stabilit\u00e4t und Sicherheit zu gew\u00e4hrleisten.<\/span><\/p>\n<p><span style=\"color: #000000;\"><\/span><\/p>\n<p><\/p>\n<p><span style=\"color: #000000;\"><\/span><\/p>\n<h2 class=\"wp-block-heading\"><span style=\"color: #000000;\">10. Kontakt<\/span><\/h2>\n<p><span style=\"color: #000000;\"><\/span><\/p>\n<p><\/p>\n<p><span style=\"color: #000000;\"><\/span><\/p>\n<p><span style=\"color: #000000;\">Wenn du Fragen zu dieser Datenschutzrichtlinie oder unseren Datenschutzpraktiken hast oder wenn du einen Antrag auf Aus\u00fcbung deiner Rechte gem\u00e4\u00df dieser Datenschutzrichtlinie stellen m\u00f6chtest, wende dich bitte an&nbsp;<a style=\"color: #000000;\" href=\"https:\/\/picwish.com\/contact-us\" target=\"_blank\" rel=\"noopener\">Kontakt<\/a>&nbsp;unseren Datenschutzbeauftragten. Wenn er deine Frage nicht beantworten kann, hast du das Recht, dich an deine \u00f6rtliche Datenschutzaufsichtsbeh\u00f6rde zu wenden.<\/span><\/p>\n<p><span style=\"color: #000000;\"><\/span><\/p>\t\t\t\t\t\t\t\t<\/div>\n\t\t\t\t<\/div>\n\t\t\t\t\t<\/div>\n\t\t\t\t<\/div>\n\t\t\t\t<\/div>","protected":false},"excerpt":{"rendered":"<p>Privacy Policy Effective Date:&nbsp;July 23, 2022 Face26 fully respects your privacy. This policy covers the processing of personal data by Face26, which is committed to protecting the privacy of your personal information whilst striving to provide the very best user experience. We want our websites to be safe and enjoyable for everyone. 1. What data [&hellip;]<\/p>\n","protected":false},"author":1,"featured_media":0,"parent":0,"menu_order":12,"comment_status":"closed","ping_status":"open","template":"","meta":{"footnotes":""},"class_list":["post-3","page","type-page","status-publish","hentry"],"_links":{"self":[{"href":"https:\/\/face26.com\/de\/wp-json\/wp\/v2\/pages\/3","targetHints":{"allow":["GET"]}}],"collection":[{"href":"https:\/\/face26.com\/de\/wp-json\/wp\/v2\/pages"}],"about":[{"href":"https:\/\/face26.com\/de\/wp-json\/wp\/v2\/types\/page"}],"author":[{"embeddable":true,"href":"https:\/\/face26.com\/de\/wp-json\/wp\/v2\/users\/1"}],"replies":[{"embeddable":true,"href":"https:\/\/face26.com\/de\/wp-json\/wp\/v2\/comments?post=3"}],"version-history":[{"count":3,"href":"https:\/\/face26.com\/de\/wp-json\/wp\/v2\/pages\/3\/revisions"}],"predecessor-version":[{"id":14577,"href":"https:\/\/face26.com\/de\/wp-json\/wp\/v2\/pages\/3\/revisions\/14577"}],"wp:attachment":[{"href":"https:\/\/face26.com\/de\/wp-json\/wp\/v2\/media?parent=3"}],"curies":[{"name":"wp","href":"https:\/\/api.w.org\/{rel}","templated":true}]}}